{"id":5044,"date":"2025-01-04T15:48:59","date_gmt":"2025-01-04T15:48:59","guid":{"rendered":"https:\/\/www.toika.com\/?page_id=5044"},"modified":"2025-01-04T16:11:06","modified_gmt":"2025-01-04T16:11:06","slug":"handwerk","status":"publish","type":"page","link":"https:\/\/www.toika.com\/de\/handwerk\/","title":{"rendered":"Handwerk"},"content":{"rendered":"\t\t<div data-elementor-type=\"wp-page\" data-elementor-id=\"5044\" class=\"elementor elementor-5044\" data-elementor-post-type=\"page\">\n\t\t\t\t<div class=\"elementor-element elementor-element-2a6006b e-con-full e-flex e-con e-parent\" data-id=\"2a6006b\" data-element_type=\"container\" data-e-type=\"container\" data-settings=\"{&quot;background_background&quot;:&quot;classic&quot;}\">\n\t\t<div class=\"elementor-element elementor-element-13ba43a e-con-full e-flex e-con e-child\" data-id=\"13ba43a\" data-element_type=\"container\" data-e-type=\"container\" data-settings=\"{&quot;background_background&quot;:&quot;classic&quot;}\">\n\t\t\t\t<div class=\"elementor-element elementor-element-1dd3ea5 elementor-widget elementor-widget-heading\" data-id=\"1dd3ea5\" data-element_type=\"widget\" data-e-type=\"widget\" data-widget_type=\"heading.default\">\n\t\t\t\t<div class=\"elementor-widget-container\">\n\t\t\t\t\t<h1 class=\"elementor-heading-title elementor-size-default\">Handwerk<\/h1>\t\t\t\t<\/div>\n\t\t\t\t<\/div>\n\t\t\t\t<\/div>\n\t\t<div class=\"elementor-element elementor-element-8d97ab7 e-con-full e-flex e-con e-child\" data-id=\"8d97ab7\" data-element_type=\"container\" data-e-type=\"container\" data-settings=\"{&quot;background_background&quot;:&quot;classic&quot;}\">\n\t\t\t\t<\/div>\n\t\t\t\t<\/div>\n\t\t<div class=\"elementor-element elementor-element-9e738ef e-flex e-con-boxed e-con e-parent\" data-id=\"9e738ef\" data-element_type=\"container\" data-e-type=\"container\">\n\t\t\t\t\t<div class=\"e-con-inner\">\n\t\t\t\t<div class=\"elementor-element elementor-element-bf1254e elementor-widget elementor-widget-heading\" data-id=\"bf1254e\" data-element_type=\"widget\" data-e-type=\"widget\" data-widget_type=\"heading.default\">\n\t\t\t\t<div class=\"elementor-widget-container\">\n\t\t\t\t\t<h2 class=\"elementor-heading-title elementor-size-default\">Tradition und Qualit\u00e4t f\u00fcr Handarbeitsliebhaber<\/h2>\t\t\t\t<\/div>\n\t\t\t\t<\/div>\n\t\t\t\t\t<\/div>\n\t\t\t\t<\/div>\n\t\t<div class=\"elementor-element elementor-element-fe98967 e-flex e-con-boxed e-con e-parent\" data-id=\"fe98967\" data-element_type=\"container\" data-e-type=\"container\">\n\t\t\t\t\t<div class=\"e-con-inner\">\n\t\t\t\t<div class=\"elementor-element elementor-element-528e5c2 elementor-widget elementor-widget-text-editor\" data-id=\"528e5c2\" data-element_type=\"widget\" data-e-type=\"widget\" data-widget_type=\"text-editor.default\">\n\t\t\t\t<div class=\"elementor-widget-container\">\n\t\t\t\t\t\t\t\t\t<p>Toika ist ein Experte f\u00fcr Handarbeitswerkzeuge und unterst\u00fctzt seit Jahrzehnten Handwerksliebhaber, die Tradition und Qualit\u00e4t sch\u00e4tzen. Unser <strong><a href=\"https:\/\/shop.toika.com\/\" target=\"_blank\" rel=\"noopener\">Onlineshop<\/a><\/strong> bietet eine vielseitige Auswahl an sorgf\u00e4ltig gefertigten, hochwertigen Handarbeitswerkzeugen \u2013 sowohl f\u00fcr Hobbyisten als auch f\u00fcr Profis. Unser Sortiment umfasst Zubeh\u00f6r und Werkzeuge f\u00fcr Weben, Spinnen, Tuften, Kl\u00f6ppeln, H\u00e4keln, Stricken und Makramee.<\/p><p>Jedes unserer Produkte ist darauf ausgelegt, die Handarbeit zu erleichtern und den kreativen Prozess zu f\u00f6rdern. Ob Sie ein professioneller Weber, ein begeisterter Spinner oder ein Anf\u00e4nger in einer neuen Handarbeitstechnik sind, bei uns finden Sie genau die richtigen Werkzeuge und Materialien.<\/p><p>Entdecken Sie unsere Produkte <a href=\"https:\/\/shop.toika.com\/\" target=\"_blank\" rel=\"noopener\"><strong>online<\/strong><\/a> oder in unserem Ladengesch\u00e4ft!<\/p>\t\t\t\t\t\t\t\t<\/div>\n\t\t\t\t<\/div>\n\t\t\t\t\t<\/div>\n\t\t\t\t<\/div>\n\t\t<div class=\"elementor-element elementor-element-2feedc5 e-grid e-con-boxed e-con e-parent\" data-id=\"2feedc5\" data-element_type=\"container\" data-e-type=\"container\">\n\t\t\t\t\t<div class=\"e-con-inner\">\n\t\t\t\t<div class=\"elementor-element elementor-element-5604934 elementor-widget elementor-widget-image\" data-id=\"5604934\" data-element_type=\"widget\" data-e-type=\"widget\" data-widget_type=\"image.default\">\n\t\t\t\t<div class=\"elementor-widget-container\">\n\t\t\t\t\t\t\t\t\t\t\t\t<figure class=\"wp-caption\">\n\t\t\t\t\t\t\t\t\t\t\t<a href=\"https:\/\/www.toika.com\/de\/produkt\/computersteuerung\/\">\n\t\t\t\t\t\t\t<img fetchpriority=\"high\" decoding=\"async\" width=\"300\" height=\"200\" src=\"https:\/\/www.toika.com\/wp-content\/uploads\/2023\/04\/1toika-300x200.png\" class=\"attachment-medium size-medium wp-image-3821\" alt=\"\" srcset=\"https:\/\/www.toika.com\/wp-content\/uploads\/2023\/04\/1toika-300x200.png 300w, https:\/\/www.toika.com\/wp-content\/uploads\/2023\/04\/1toika.png 600w\" sizes=\"(max-width: 300px) 100vw, 300px\" \/>\t\t\t\t\t\t\t\t<\/a>\n\t\t\t\t\t\t\t\t\t\t\t<figcaption class=\"widget-image-caption wp-caption-text\">COMPUTERSTEUERUNG<\/figcaption>\n\t\t\t\t\t\t\t\t\t\t<\/figure>\n\t\t\t\t\t\t\t\t\t<\/div>\n\t\t\t\t<\/div>\n\t\t\t\t<div class=\"elementor-element elementor-element-240c538 elementor-widget elementor-widget-image\" data-id=\"240c538\" data-element_type=\"widget\" data-e-type=\"widget\" data-widget_type=\"image.default\">\n\t\t\t\t<div class=\"elementor-widget-container\">\n\t\t\t\t\t\t\t\t\t\t\t\t<figure class=\"wp-caption\">\n\t\t\t\t\t\t\t\t\t\t\t<a href=\"https:\/\/www.toika.com\/de\/category\/handwerk\/weben-de\/\">\n\t\t\t\t\t\t\t<img decoding=\"async\" width=\"300\" height=\"225\" src=\"https:\/\/www.toika.com\/wp-content\/uploads\/2023\/04\/Anni5-min-300x225.png\" class=\"attachment-woocommerce_thumbnail size-woocommerce_thumbnail wp-image-2012\" alt=\"\" \/>\t\t\t\t\t\t\t\t<\/a>\n\t\t\t\t\t\t\t\t\t\t\t<figcaption class=\"widget-image-caption wp-caption-text\">WEBEN<\/figcaption>\n\t\t\t\t\t\t\t\t\t\t<\/figure>\n\t\t\t\t\t\t\t\t\t<\/div>\n\t\t\t\t<\/div>\n\t\t\t\t<div class=\"elementor-element elementor-element-c79d9f5 elementor-widget elementor-widget-image\" data-id=\"c79d9f5\" data-element_type=\"widget\" data-e-type=\"widget\" data-widget_type=\"image.default\">\n\t\t\t\t<div class=\"elementor-widget-container\">\n\t\t\t\t\t\t\t\t\t\t\t\t<figure class=\"wp-caption\">\n\t\t\t\t\t\t\t\t\t\t\t<a href=\"https:\/\/shop.toika.com\/category\/36\/spinning-and-carding\" target=\"_blank\" rel=\"noopener\">\n\t\t\t\t\t\t\t<img decoding=\"async\" width=\"296\" height=\"225\" src=\"https:\/\/www.toika.com\/wp-content\/uploads\/2025\/01\/RUKKI-296x225.png\" class=\"attachment-woocommerce_thumbnail size-woocommerce_thumbnail wp-image-4875\" alt=\"\" \/>\t\t\t\t\t\t\t\t<\/a>\n\t\t\t\t\t\t\t\t\t\t\t<figcaption class=\"widget-image-caption wp-caption-text\">SPINNEN UND KARDIEREN<\/figcaption>\n\t\t\t\t\t\t\t\t\t\t<\/figure>\n\t\t\t\t\t\t\t\t\t<\/div>\n\t\t\t\t<\/div>\n\t\t\t\t<div class=\"elementor-element elementor-element-10f29aa elementor-widget elementor-widget-image\" data-id=\"10f29aa\" data-element_type=\"widget\" data-e-type=\"widget\" data-widget_type=\"image.default\">\n\t\t\t\t<div class=\"elementor-widget-container\">\n\t\t\t\t\t\t\t\t\t\t\t\t<figure class=\"wp-caption\">\n\t\t\t\t\t\t\t\t\t\t\t<a href=\"https:\/\/shop.toika.com\/category\/124\/tufting\" target=\"_blank\" rel=\"noopener\">\n\t\t\t\t\t\t\t<img loading=\"lazy\" decoding=\"async\" width=\"300\" height=\"225\" src=\"https:\/\/www.toika.com\/wp-content\/uploads\/2023\/04\/tuftaus1-min-300x225.jpg\" class=\"attachment-woocommerce_thumbnail size-woocommerce_thumbnail wp-image-2364\" alt=\"\" \/>\t\t\t\t\t\t\t\t<\/a>\n\t\t\t\t\t\t\t\t\t\t\t<figcaption class=\"widget-image-caption wp-caption-text\">TUFTEN<\/figcaption>\n\t\t\t\t\t\t\t\t\t\t<\/figure>\n\t\t\t\t\t\t\t\t\t<\/div>\n\t\t\t\t<\/div>\n\t\t\t\t\t<\/div>\n\t\t\t\t<\/div>\n\t\t<div class=\"elementor-element elementor-element-0c22d5a e-flex e-con-boxed e-con e-parent\" data-id=\"0c22d5a\" data-element_type=\"container\" data-e-type=\"container\">\n\t\t\t\t\t<div class=\"e-con-inner\">\n\t\t\t\t<div class=\"elementor-element elementor-element-9d38f07 elementor-widget elementor-widget-spacer\" data-id=\"9d38f07\" data-element_type=\"widget\" data-e-type=\"widget\" data-widget_type=\"spacer.default\">\n\t\t\t\t<div class=\"elementor-widget-container\">\n\t\t\t\t\t\t\t<div class=\"elementor-spacer\">\n\t\t\t<div class=\"elementor-spacer-inner\"><\/div>\n\t\t<\/div>\n\t\t\t\t\t\t<\/div>\n\t\t\t\t<\/div>\n\t\t\t\t\t<\/div>\n\t\t\t\t<\/div>\n\t\t\t\t<\/div>\n\t\t","protected":false},"excerpt":{"rendered":"<p>Handwerk Tradition und Qualit\u00e4t f\u00fcr Handarbeitsliebhaber Toika ist ein Experte f\u00fcr Handarbeitswerkzeuge und unterst\u00fctzt seit Jahrzehnten Handwerksliebhaber, die Tradition und Qualit\u00e4t sch\u00e4tzen. Unser Onlineshop bietet eine vielseitige Auswahl an sorgf\u00e4ltig gefertigten, hochwertigen Handarbeitswerkzeugen \u2013 sowohl f\u00fcr Hobbyisten als auch f\u00fcr Profis. Unser Sortiment umfasst Zubeh\u00f6r und Werkzeuge f\u00fcr Weben, Spinnen, Tuften, Kl\u00f6ppeln, H\u00e4keln, Stricken und [&hellip;]<\/p>\n","protected":false},"author":2,"featured_media":0,"parent":0,"menu_order":0,"comment_status":"closed","ping_status":"closed","template":"","meta":{"_acf_changed":false,"inline_featured_image":false,"footnotes":""},"class_list":["post-5044","page","type-page","status-publish","hentry"],"acf":[],"_links":{"self":[{"href":"https:\/\/www.toika.com\/de\/wp-json\/wp\/v2\/pages\/5044","targetHints":{"allow":["GET"]}}],"collection":[{"href":"https:\/\/www.toika.com\/de\/wp-json\/wp\/v2\/pages"}],"about":[{"href":"https:\/\/www.toika.com\/de\/wp-json\/wp\/v2\/types\/page"}],"author":[{"embeddable":true,"href":"https:\/\/www.toika.com\/de\/wp-json\/wp\/v2\/users\/2"}],"replies":[{"embeddable":true,"href":"https:\/\/www.toika.com\/de\/wp-json\/wp\/v2\/comments?post=5044"}],"version-history":[{"count":12,"href":"https:\/\/www.toika.com\/de\/wp-json\/wp\/v2\/pages\/5044\/revisions"}],"predecessor-version":[{"id":5064,"href":"https:\/\/www.toika.com\/de\/wp-json\/wp\/v2\/pages\/5044\/revisions\/5064"}],"wp:attachment":[{"href":"https:\/\/www.toika.com\/de\/wp-json\/wp\/v2\/media?parent=5044"}],"curies":[{"name":"wp","href":"https:\/\/api.w.org\/{rel}","templated":true}]}}