{"id":2607,"date":"2023-04-17T05:10:48","date_gmt":"2023-04-17T05:10:48","guid":{"rendered":"https:\/\/toika.sapartners.site\/product\/luomateline\/"},"modified":"2024-04-23T09:28:21","modified_gmt":"2024-04-23T09:28:21","slug":"scharzapfen","status":"publish","type":"product","link":"https:\/\/www.toika.com\/de\/produkt\/scharzapfen\/","title":{"rendered":"Sch\u00e4rzapfen"},"content":{"rendered":"<p>Der Kettst\u00e4nder dient zur Herstellung kurzer und schmaler Kettf\u00e4den. Der Kreationshalter wird mit einer Klemmklemme befestigt, z.B. bis zur Tischkante.<\/p>\n","protected":false},"excerpt":{"rendered":"<p>Der Kettst\u00e4nder dient zur Herstellung kurzer und schmaler Kettf\u00e4den. Der Kreationshalter wird mit einer Klemmklemme befestigt, z.B. bis zur Tischkante.<\/p>\n","protected":false},"featured_media":2344,"comment_status":"open","ping_status":"closed","template":"","meta":{"_acf_changed":false,"inline_featured_image":false},"product_brand":[],"product_cat":[96,108],"product_tag":[],"class_list":{"0":"post-2607","1":"product","2":"type-product","3":"status-publish","4":"has-post-thumbnail","6":"product_cat-handwerk","7":"product_cat-kettzubehor","9":"first","10":"instock","11":"shipping-taxable","12":"product-type-simple"},"acf":[],"_links":{"self":[{"href":"https:\/\/www.toika.com\/de\/wp-json\/wp\/v2\/product\/2607","targetHints":{"allow":["GET"]}}],"collection":[{"href":"https:\/\/www.toika.com\/de\/wp-json\/wp\/v2\/product"}],"about":[{"href":"https:\/\/www.toika.com\/de\/wp-json\/wp\/v2\/types\/product"}],"replies":[{"embeddable":true,"href":"https:\/\/www.toika.com\/de\/wp-json\/wp\/v2\/comments?post=2607"}],"wp:featuredmedia":[{"embeddable":true,"href":"https:\/\/www.toika.com\/de\/wp-json\/wp\/v2\/media\/2344"}],"wp:attachment":[{"href":"https:\/\/www.toika.com\/de\/wp-json\/wp\/v2\/media?parent=2607"}],"wp:term":[{"taxonomy":"product_brand","embeddable":true,"href":"https:\/\/www.toika.com\/de\/wp-json\/wp\/v2\/product_brand?post=2607"},{"taxonomy":"product_cat","embeddable":true,"href":"https:\/\/www.toika.com\/de\/wp-json\/wp\/v2\/product_cat?post=2607"},{"taxonomy":"product_tag","embeddable":true,"href":"https:\/\/www.toika.com\/de\/wp-json\/wp\/v2\/product_tag?post=2607"}],"curies":[{"name":"wp","href":"https:\/\/api.w.org\/{rel}","templated":true}]}}