{"id":2615,"date":"2023-04-17T05:06:42","date_gmt":"2023-04-17T05:06:42","guid":{"rendered":"https:\/\/toika.sapartners.site\/product\/kerinpuut-a-b-ja-c\/"},"modified":"2024-04-23T09:29:21","modified_gmt":"2024-04-23T09:29:21","slug":"schirmhaspeln-a-b-und-c","status":"publish","type":"product","link":"https:\/\/www.toika.com\/de\/produkt\/schirmhaspeln-a-b-und-c\/","title":{"rendered":"Schirmhaspeln A, B und C"},"content":{"rendered":"<p>Legen Sie einen Strang Garn in die Kerin-B\u00e4ume, z.B. zum Aufwickeln auf einen Wollkn\u00e4uel. Kerinb\u00e4ume gibt es in verschiedenen Modellen:<\/p>\n<li>A-Kerin-B\u00e4ume haben einen Holzschaft und Holzlatten. Die L\u00e4nge der Holzlatte betr\u00e4gt 49 cm.<\/li>\n<li>B-Kerinp\u016bti sind langlebige Kerinp\u016bti f\u00fcr den harten Einsatz. Kerin-B\u00e4ume haben einen Metallschaft und die Latten bestehen aus Metall und Stahlschnur. Die L\u00e4nge der Metalllatte betr\u00e4gt 46 cm.<\/li>\n<li>C-Kerin-B\u00e4ume haben einen Metallschaft und Holzlatten. Die L\u00e4nge der Holzlatte betr\u00e4gt 49 cm.<\/li>\n","protected":false},"excerpt":{"rendered":"<p>Legen Sie einen Strang Garn in die Kerin-B\u00e4ume, z.B. zum Aufwickeln auf einen Wollkn\u00e4uel. Kerinb\u00e4ume gibt es in verschiedenen Modellen: A-Kerin-B\u00e4ume haben einen Holzschaft und Holzlatten. Die L\u00e4nge der Holzlatte betr\u00e4gt 49 cm. B-Kerinp\u016bti sind langlebige Kerinp\u016bti f\u00fcr den harten Einsatz. Kerin-B\u00e4ume haben einen Metallschaft und die Latten bestehen aus Metall und Stahlschnur. Die L\u00e4nge [&hellip;]<\/p>\n","protected":false},"featured_media":2336,"comment_status":"open","ping_status":"closed","template":"","meta":{"_acf_changed":false,"inline_featured_image":false},"product_brand":[],"product_cat":[96,108],"product_tag":[],"class_list":{"0":"post-2615","1":"product","2":"type-product","3":"status-publish","4":"has-post-thumbnail","6":"product_cat-handwerk","7":"product_cat-kettzubehor","9":"first","10":"instock","11":"shipping-taxable","12":"product-type-simple"},"acf":[],"_links":{"self":[{"href":"https:\/\/www.toika.com\/de\/wp-json\/wp\/v2\/product\/2615","targetHints":{"allow":["GET"]}}],"collection":[{"href":"https:\/\/www.toika.com\/de\/wp-json\/wp\/v2\/product"}],"about":[{"href":"https:\/\/www.toika.com\/de\/wp-json\/wp\/v2\/types\/product"}],"replies":[{"embeddable":true,"href":"https:\/\/www.toika.com\/de\/wp-json\/wp\/v2\/comments?post=2615"}],"wp:featuredmedia":[{"embeddable":true,"href":"https:\/\/www.toika.com\/de\/wp-json\/wp\/v2\/media\/2336"}],"wp:attachment":[{"href":"https:\/\/www.toika.com\/de\/wp-json\/wp\/v2\/media?parent=2615"}],"wp:term":[{"taxonomy":"product_brand","embeddable":true,"href":"https:\/\/www.toika.com\/de\/wp-json\/wp\/v2\/product_brand?post=2615"},{"taxonomy":"product_cat","embeddable":true,"href":"https:\/\/www.toika.com\/de\/wp-json\/wp\/v2\/product_cat?post=2615"},{"taxonomy":"product_tag","embeddable":true,"href":"https:\/\/www.toika.com\/de\/wp-json\/wp\/v2\/product_tag?post=2615"}],"curies":[{"name":"wp","href":"https:\/\/api.w.org\/{rel}","templated":true}]}}