{"id":2623,"date":"2023-04-17T05:01:42","date_gmt":"2023-04-17T05:01:42","guid":{"rendered":"https:\/\/toika.sapartners.site\/product\/kerinpuuteline\/"},"modified":"2024-04-23T09:18:54","modified_gmt":"2024-04-23T09:18:54","slug":"haspelstander","status":"publish","type":"product","link":"https:\/\/www.toika.com\/de\/produkt\/haspelstander\/","title":{"rendered":"Haspelst\u00e4nder"},"content":{"rendered":"<p>Der Kerinwood-St\u00e4nder steht fest auf einem Bein, das den 3 m hohen Bio-B\u00e4umen \u00e4hnelt. Der St\u00e4nder passt f\u00fcr vier Kerin-B\u00e4ume. Die Gesamth\u00f6he des Holzst\u00e4nders betr\u00e4gt 170 cm.<\/p>\n","protected":false},"excerpt":{"rendered":"<p>Der Kerinwood-St\u00e4nder steht fest auf einem Bein, das den 3 m hohen Bio-B\u00e4umen \u00e4hnelt. Der St\u00e4nder passt f\u00fcr vier Kerin-B\u00e4ume. Die Gesamth\u00f6he des Holzst\u00e4nders betr\u00e4gt 170 cm.<\/p>\n","protected":false},"featured_media":2328,"comment_status":"open","ping_status":"closed","template":"","meta":{"_acf_changed":false,"inline_featured_image":false},"product_brand":[],"product_cat":[96,108],"product_tag":[],"class_list":{"0":"post-2623","1":"product","2":"type-product","3":"status-publish","4":"has-post-thumbnail","6":"product_cat-handwerk","7":"product_cat-kettzubehor","9":"first","10":"instock","11":"shipping-taxable","12":"product-type-simple"},"acf":[],"_links":{"self":[{"href":"https:\/\/www.toika.com\/de\/wp-json\/wp\/v2\/product\/2623","targetHints":{"allow":["GET"]}}],"collection":[{"href":"https:\/\/www.toika.com\/de\/wp-json\/wp\/v2\/product"}],"about":[{"href":"https:\/\/www.toika.com\/de\/wp-json\/wp\/v2\/types\/product"}],"replies":[{"embeddable":true,"href":"https:\/\/www.toika.com\/de\/wp-json\/wp\/v2\/comments?post=2623"}],"wp:featuredmedia":[{"embeddable":true,"href":"https:\/\/www.toika.com\/de\/wp-json\/wp\/v2\/media\/2328"}],"wp:attachment":[{"href":"https:\/\/www.toika.com\/de\/wp-json\/wp\/v2\/media?parent=2623"}],"wp:term":[{"taxonomy":"product_brand","embeddable":true,"href":"https:\/\/www.toika.com\/de\/wp-json\/wp\/v2\/product_brand?post=2623"},{"taxonomy":"product_cat","embeddable":true,"href":"https:\/\/www.toika.com\/de\/wp-json\/wp\/v2\/product_cat?post=2623"},{"taxonomy":"product_tag","embeddable":true,"href":"https:\/\/www.toika.com\/de\/wp-json\/wp\/v2\/product_tag?post=2623"}],"curies":[{"name":"wp","href":"https:\/\/api.w.org\/{rel}","templated":true}]}}