{"id":2639,"date":"2023-04-13T10:56:42","date_gmt":"2023-04-13T10:56:42","guid":{"rendered":"https:\/\/toika.sapartners.site\/product\/rullateline\/"},"modified":"2024-04-23T09:25:00","modified_gmt":"2024-04-23T09:25:00","slug":"spulengestell","status":"publish","type":"product","link":"https:\/\/www.toika.com\/de\/produkt\/spulengestell\/","title":{"rendered":"Spulengestell"},"content":{"rendered":"<p>Der stabile Rollenst\u00e4nder ist aus lackierter Birke und bietet Platz f\u00fcr 14 Kettrollen. Die Gesamth\u00f6he des Regals betr\u00e4gt 82 cm und die Breite 45 cm. Der Abstand zwischen den Spindeln des Rollenst\u00e4nders betr\u00e4gt 9,5 cm und die Breite des Rollenraums betr\u00e4gt 16,5 cm. Die Gesamtl\u00e4nge der zum Rollenhalter passenden Kettrolle betr\u00e4gt 15,5 cm und das Innenma\u00df 11,5 cm. Bestellen Sie die Kettrollen separat.<\/p>\n","protected":false},"excerpt":{"rendered":"<p>Der stabile Rollenst\u00e4nder ist aus lackierter Birke und bietet Platz f\u00fcr 14 Kettrollen. Die Gesamth\u00f6he des Regals betr\u00e4gt 82 cm und die Breite 45 cm. Der Abstand zwischen den Spindeln des Rollenst\u00e4nders betr\u00e4gt 9,5 cm und die Breite des Rollenraums betr\u00e4gt 16,5 cm. Die Gesamtl\u00e4nge der zum Rollenhalter passenden Kettrolle betr\u00e4gt 15,5 cm und das [&hellip;]<\/p>\n","protected":false},"featured_media":2312,"comment_status":"open","ping_status":"closed","template":"","meta":{"_acf_changed":false,"inline_featured_image":false},"product_brand":[],"product_cat":[96,108,116],"product_tag":[],"class_list":{"0":"post-2639","1":"product","2":"type-product","3":"status-publish","4":"has-post-thumbnail","6":"product_cat-handwerk","7":"product_cat-kettzubehor","8":"product_cat-weben-de","10":"first","11":"instock","12":"shipping-taxable","13":"product-type-simple"},"acf":[],"_links":{"self":[{"href":"https:\/\/www.toika.com\/de\/wp-json\/wp\/v2\/product\/2639","targetHints":{"allow":["GET"]}}],"collection":[{"href":"https:\/\/www.toika.com\/de\/wp-json\/wp\/v2\/product"}],"about":[{"href":"https:\/\/www.toika.com\/de\/wp-json\/wp\/v2\/types\/product"}],"replies":[{"embeddable":true,"href":"https:\/\/www.toika.com\/de\/wp-json\/wp\/v2\/comments?post=2639"}],"wp:featuredmedia":[{"embeddable":true,"href":"https:\/\/www.toika.com\/de\/wp-json\/wp\/v2\/media\/2312"}],"wp:attachment":[{"href":"https:\/\/www.toika.com\/de\/wp-json\/wp\/v2\/media?parent=2639"}],"wp:term":[{"taxonomy":"product_brand","embeddable":true,"href":"https:\/\/www.toika.com\/de\/wp-json\/wp\/v2\/product_brand?post=2639"},{"taxonomy":"product_cat","embeddable":true,"href":"https:\/\/www.toika.com\/de\/wp-json\/wp\/v2\/product_cat?post=2639"},{"taxonomy":"product_tag","embeddable":true,"href":"https:\/\/www.toika.com\/de\/wp-json\/wp\/v2\/product_tag?post=2639"}],"curies":[{"name":"wp","href":"https:\/\/api.w.org\/{rel}","templated":true}]}}