{"id":2643,"date":"2023-04-13T10:51:20","date_gmt":"2023-04-13T10:51:20","guid":{"rendered":"https:\/\/toika.sapartners.site\/product\/pystykerinpuut\/"},"modified":"2024-04-23T09:23:02","modified_gmt":"2024-04-23T09:23:02","slug":"rollenhaspel","status":"publish","type":"product","link":"https:\/\/www.toika.com\/de\/produkt\/rollenhaspel\/","title":{"rendered":"Rollenhaspel"},"content":{"rendered":"<p>Anstelle gew\u00f6hnlicher Kerinb\u00e4ume k\u00f6nnen auch vertikale Kerinb\u00e4ume verwendet werden. Mit Hilfe zus\u00e4tzlicher Rollen und zus\u00e4tzlicher Spindeln k\u00f6nnen Sie zwei Str\u00e4nge \u00fcbereinander auf das Vertikalgarn bringen. Die Gesamth\u00f6he der vertikalen St\u00e4mme betr\u00e4gt 140 cm und die Breite 40 cm. Das Gewicht betr\u00e4gt 5 kg. Die Breite der Rollen betr\u00e4gt 24 cm.<\/p>\n","protected":false},"excerpt":{"rendered":"<p>Anstelle gew\u00f6hnlicher Kerinb\u00e4ume k\u00f6nnen auch vertikale Kerinb\u00e4ume verwendet werden. Mit Hilfe zus\u00e4tzlicher Rollen und zus\u00e4tzlicher Spindeln k\u00f6nnen Sie zwei Str\u00e4nge \u00fcbereinander auf das Vertikalgarn bringen. Die Gesamth\u00f6he der vertikalen St\u00e4mme betr\u00e4gt 140 cm und die Breite 40 cm. Das Gewicht betr\u00e4gt 5 kg. Die Breite der Rollen betr\u00e4gt 24 cm.<\/p>\n","protected":false},"featured_media":2308,"comment_status":"open","ping_status":"closed","template":"","meta":{"_acf_changed":false,"inline_featured_image":false},"product_brand":[],"product_cat":[96,108,116],"product_tag":[],"class_list":{"0":"post-2643","1":"product","2":"type-product","3":"status-publish","4":"has-post-thumbnail","6":"product_cat-handwerk","7":"product_cat-kettzubehor","8":"product_cat-weben-de","10":"first","11":"instock","12":"shipping-taxable","13":"product-type-simple"},"acf":[],"_links":{"self":[{"href":"https:\/\/www.toika.com\/de\/wp-json\/wp\/v2\/product\/2643","targetHints":{"allow":["GET"]}}],"collection":[{"href":"https:\/\/www.toika.com\/de\/wp-json\/wp\/v2\/product"}],"about":[{"href":"https:\/\/www.toika.com\/de\/wp-json\/wp\/v2\/types\/product"}],"replies":[{"embeddable":true,"href":"https:\/\/www.toika.com\/de\/wp-json\/wp\/v2\/comments?post=2643"}],"wp:featuredmedia":[{"embeddable":true,"href":"https:\/\/www.toika.com\/de\/wp-json\/wp\/v2\/media\/2308"}],"wp:attachment":[{"href":"https:\/\/www.toika.com\/de\/wp-json\/wp\/v2\/media?parent=2643"}],"wp:term":[{"taxonomy":"product_brand","embeddable":true,"href":"https:\/\/www.toika.com\/de\/wp-json\/wp\/v2\/product_brand?post=2643"},{"taxonomy":"product_cat","embeddable":true,"href":"https:\/\/www.toika.com\/de\/wp-json\/wp\/v2\/product_cat?post=2643"},{"taxonomy":"product_tag","embeddable":true,"href":"https:\/\/www.toika.com\/de\/wp-json\/wp\/v2\/product_tag?post=2643"}],"curies":[{"name":"wp","href":"https:\/\/api.w.org\/{rel}","templated":true}]}}