{"id":2647,"date":"2023-04-13T10:03:24","date_gmt":"2023-04-13T10:03:24","guid":{"rendered":"https:\/\/toika.sapartners.site\/product\/terhi-kangaspuut\/"},"modified":"2024-04-23T09:04:46","modified_gmt":"2024-04-23T09:04:46","slug":"terhi-webstuhl","status":"publish","type":"product","link":"https:\/\/www.toika.com\/de\/produkt\/terhi-webstuhl\/","title":{"rendered":"Terhi Webstuhl"},"content":{"rendered":"<p>Terhi ist Toikas breitester und st\u00e4rkster Teppichstoff mit einer Webbreite von 185 cm! Die an Lisa erinnernden Terhi-Stoffb\u00e4ume verf\u00fcgen \u00fcber besonders starke Holzteile, Metallst\u00fctzen und ein Spiralgetriebe zur stufenlosen Kettabsenkung. Terhi ist f\u00fcr alle Webarten geeignet.<\/p>\n<p><strong>Technische Information<\/strong><\/p>\n<p><strong>Hebelstoffb\u00e4ume<\/strong><br \/>\n<strong> Arbeitsbreiten<\/strong>: 185 cm<br \/>\n<strong> Anzahl der Stiele<\/strong>: 4 oder 8<br \/>\n<strong>Anzahl der Schritte<\/strong>: Die Anzahl der Schritte entspricht normalerweise der Anzahl der Stiele. Eine abweichende Anzahl von Schritten ist ebenfalls m\u00f6glich.<\/p>\n<table border=\"0\" align=\"left\">\n<tbody>\n<tr>\n<td align=\"left\"><strong>H\u00f6he<br \/>\n<\/strong><\/td>\n<td align=\"left\"><strong>Tiefe<br \/>\n<\/strong><\/td>\n<td align=\"left\"><strong>Tiefe mit Hocker<\/strong><\/td>\n<\/tr>\n<tr>\n<td align=\"left\">153 cm<\/td>\n<td align=\"left\">136 cm<\/td>\n<td align=\"left\">170 cm<\/td>\n<\/tr>\n<\/tbody>\n<\/table>\n<table border=\"0\" align=\"left\">\n<tbody>\n<tr>\n<td align=\"left\"><strong>Gesamtbreite<br \/>\n<\/strong><\/td>\n<td align=\"left\"><strong>Gewicht ca.)<br \/>\n<\/strong><\/td>\n<td align=\"left\"><\/td>\n<\/tr>\n<tr>\n<td align=\"left\">220 cm<\/td>\n<td align=\"left\">160 kg<\/td>\n<td align=\"left\"><\/td>\n<\/tr>\n<\/tbody>\n<\/table>\n<p>Fordern Sie ein Angebot an oder fragen Sie nach dem Produkt!<\/p>\n\n<div class=\"wpcf7 no-js\" id=\"wpcf7-f805-o1\" lang=\"en-US\" dir=\"ltr\" data-wpcf7-id=\"805\">\n<div class=\"screen-reader-response\"><p role=\"status\" aria-live=\"polite\" aria-atomic=\"true\"><\/p> <ul><\/ul><\/div>\n<form action=\"\/de\/wp-json\/wp\/v2\/product\/2647#wpcf7-f805-o1\" method=\"post\" class=\"wpcf7-form init\" aria-label=\"Contact form\" novalidate=\"novalidate\" data-status=\"init\">\n<fieldset class=\"hidden-fields-container\"><input type=\"hidden\" name=\"_wpcf7\" value=\"805\" \/><input type=\"hidden\" name=\"_wpcf7_version\" value=\"6.1.5\" \/><input type=\"hidden\" name=\"_wpcf7_locale\" value=\"en_US\" \/><input type=\"hidden\" name=\"_wpcf7_unit_tag\" value=\"wpcf7-f805-o1\" \/><input type=\"hidden\" name=\"_wpcf7_container_post\" value=\"0\" \/><input type=\"hidden\" name=\"_wpcf7_posted_data_hash\" value=\"\" \/>\n<\/fieldset>\n<p><label> Nimi<br \/>\n<span class=\"wpcf7-form-control-wrap\" data-name=\"your-name\"><input size=\"40\" maxlength=\"400\" class=\"wpcf7-form-control wpcf7-text wpcf7-validates-as-required\" autocomplete=\"name\" aria-required=\"true\" aria-invalid=\"false\" value=\"\" type=\"text\" name=\"your-name\" \/><\/span> <\/label>\n<\/p>\n<p><label> S\u00e4hk\u00f6posti<br \/>\n<span class=\"wpcf7-form-control-wrap\" data-name=\"your-email\"><input size=\"40\" maxlength=\"400\" class=\"wpcf7-form-control wpcf7-email wpcf7-validates-as-required wpcf7-text wpcf7-validates-as-email\" autocomplete=\"email\" aria-required=\"true\" aria-invalid=\"false\" value=\"\" type=\"email\" name=\"your-email\" \/><\/span> <\/label>\n<\/p>\n<p><label> Kaupunki ja postinumero<br \/>\n<span class=\"wpcf7-form-control-wrap\" data-name=\"text-706\"><input size=\"40\" maxlength=\"400\" class=\"wpcf7-form-control wpcf7-text\" aria-invalid=\"false\" value=\"\" type=\"text\" name=\"text-706\" \/><\/span> <\/label>\n<\/p>\n<p><label> Kudontaleveys<br \/>\n<span class=\"wpcf7-form-control-wrap\" data-name=\"menu-235\"><select class=\"wpcf7-form-control wpcf7-select\" aria-invalid=\"false\" name=\"menu-235\"><option value=\"185 cm\">185 cm<\/option><\/select><\/span> <\/label>\n<\/p>\n<p><label> Varret<br \/>\n<span class=\"wpcf7-form-control-wrap\" data-name=\"menu-12\"><select class=\"wpcf7-form-control wpcf7-select\" aria-invalid=\"false\" name=\"menu-12\"><option value=\"Perinteinen - 4 vartta\">Perinteinen - 4 vartta<\/option><option value=\"Perinteinen - 8 vartta\">Perinteinen - 8 vartta<\/option><\/select><\/span><\/label>\n<\/p>\n<p><label> Viesti<br \/>\n<span class=\"wpcf7-form-control-wrap\" data-name=\"textarea-254\"><textarea cols=\"40\" rows=\"10\" maxlength=\"2000\" class=\"wpcf7-form-control wpcf7-textarea\" aria-invalid=\"false\" name=\"textarea-254\"><\/textarea><\/span><\/label>\n<\/p>\n<p><input class=\"wpcf7-form-control wpcf7-submit has-spinner\" type=\"submit\" value=\"L\u00e4het\u00e4\" \/>\n<\/p><div class=\"wpcf7-response-output\" aria-hidden=\"true\"><\/div>\n<\/form>\n<\/div>\n\n","protected":false},"excerpt":{"rendered":"<p>Terhi ist Toikas breitester und st\u00e4rkster Teppichstoff mit einer Webbreite von 185 cm! Die an Lisa erinnernden Terhi-Stoffb\u00e4ume verf\u00fcgen \u00fcber besonders starke Holzteile, Metallst\u00fctzen und ein Spiralgetriebe zur stufenlosen Kettabsenkung. Terhi ist f\u00fcr alle Webarten geeignet. Technische Information Hebelstoffb\u00e4ume Arbeitsbreiten: 185 cm Anzahl der Stiele: 4 oder 8 Anzahl der Schritte: Die Anzahl der Schritte [&hellip;]<\/p>\n","protected":false},"featured_media":2184,"comment_status":"open","ping_status":"closed","template":"","meta":{"_acf_changed":false,"inline_featured_image":false},"product_brand":[],"product_cat":[96,120],"product_tag":[],"class_list":{"0":"post-2647","1":"product","2":"type-product","3":"status-publish","4":"has-post-thumbnail","6":"product_cat-handwerk","7":"product_cat-webstuhle","9":"first","10":"instock","11":"shipping-taxable","12":"product-type-simple"},"acf":[],"_links":{"self":[{"href":"https:\/\/www.toika.com\/de\/wp-json\/wp\/v2\/product\/2647","targetHints":{"allow":["GET"]}}],"collection":[{"href":"https:\/\/www.toika.com\/de\/wp-json\/wp\/v2\/product"}],"about":[{"href":"https:\/\/www.toika.com\/de\/wp-json\/wp\/v2\/types\/product"}],"replies":[{"embeddable":true,"href":"https:\/\/www.toika.com\/de\/wp-json\/wp\/v2\/comments?post=2647"}],"wp:featuredmedia":[{"embeddable":true,"href":"https:\/\/www.toika.com\/de\/wp-json\/wp\/v2\/media\/2184"}],"wp:attachment":[{"href":"https:\/\/www.toika.com\/de\/wp-json\/wp\/v2\/media?parent=2647"}],"wp:term":[{"taxonomy":"product_brand","embeddable":true,"href":"https:\/\/www.toika.com\/de\/wp-json\/wp\/v2\/product_brand?post=2647"},{"taxonomy":"product_cat","embeddable":true,"href":"https:\/\/www.toika.com\/de\/wp-json\/wp\/v2\/product_cat?post=2647"},{"taxonomy":"product_tag","embeddable":true,"href":"https:\/\/www.toika.com\/de\/wp-json\/wp\/v2\/product_tag?post=2647"}],"curies":[{"name":"wp","href":"https:\/\/api.w.org\/{rel}","templated":true}]}}