{"id":2655,"date":"2023-04-13T10:15:01","date_gmt":"2023-04-13T10:15:01","guid":{"rendered":"https:\/\/toika.sapartners.site\/product\/kaiteet\/"},"modified":"2024-04-23T09:14:13","modified_gmt":"2024-04-23T09:14:13","slug":"kamme","status":"publish","type":"product","link":"https:\/\/www.toika.com\/de\/produkt\/kamme\/","title":{"rendered":"K\u00e4mme"},"content":{"rendered":"<p><strong>Stahlgel\u00e4nder<\/strong><\/p>\n<p>KAITURI-Stahlgel\u00e4nder haben sich aufgrund ihrer Langlebigkeit einen legend\u00e4ren Ruf erworben. Sie werden seit 115 Jahren hergestellt. Die H\u00f6he des Gel\u00e4nders betr\u00e4gt 120 mm und die Gesamtbreite ist 25 mm gr\u00f6\u00dfer als die Arbeitsbreite. Die R\u00fcckseiten der Gel\u00e4nder sind mit Gewebeband beklebt. Auch in Edelstahl erh\u00e4ltlich<\/p>\n<p><img decoding=\"async\" src=\"https:\/\/toika.sapartners.site\/wp-content\/uploads\/2023\/04\/perinteinen-min-1-300x200-1.jpg\" alt=\"\"><\/p>\n<p><strong>Profilgel\u00e4nder<\/strong><\/p>\n<p>Profilgel\u00e4nder sind eine stilvolle Neuheit f\u00fcr den harten Einsatz. Das Gel\u00e4nder aus Aluminiumprofil ist sehr steif und daher leicht zu verstauen. Auch in Edelstahl erh\u00e4ltlich.<\/p>\n<p><img decoding=\"async\" src=\"https:\/\/toika.sapartners.site\/wp-content\/uploads\/2023\/04\/profiili2-min.jpg\" alt=\"\"><\/p>\n<p><strong>K\u00e4\u00e4rinpirta A<\/strong><\/p>\n<p>K\u00e4\u00e4rinpirta A ist ein offenes Modell, das in die Nut von Luha eingef\u00fchrt wird, wenn die Lende auf einen Baumstamm gewickelt wird. Die Gesamth\u00f6he der H\u00fclle betr\u00e4gt 8 cm, die H\u00f6he der Spikes betr\u00e4gt 6 cm und der Abstand zwischen den Spikes betr\u00e4gt 1 cm.<\/p>\n<p><img decoding=\"async\" src=\"https:\/\/toika.sapartners.site\/wp-content\/uploads\/2023\/04\/raddleA-min-1-700x213-1.jpg\" alt=\"\"><\/p>\n<p><strong>Verpackung B mit Deckel<\/strong><\/p>\n<p>Modell B ist ein Holzsarg mit Deckel, der beim Umwickeln der Lende auf einen Baumstamm am Hebelring aufgeh\u00e4ngt wird. Die H\u00f6he der H\u00fclle ohne Deckel betr\u00e4gt 10,5 cm und mit Deckel 13,5 cm. Die Spikes sind glanzverzinkt und ihr Abstand betr\u00e4gt 1 cm.<\/p>\n<p><img decoding=\"async\" src=\"https:\/\/toika.sapartners.site\/wp-content\/uploads\/2023\/04\/raddle_with_cape-min-1-400x218-1.jpg\" alt=\"\"><\/p>\n<p><strong>Handlaufst\u00e4nder<\/strong><\/p>\n<p>Der Gel\u00e4nderst\u00e4nder ist aus lackierter Birke. Der stabile Handlaufhalter fasst mehr als 50 Handl\u00e4ufe. Die H\u00f6he und Breite des Gel\u00e4nderst\u00e4nders betr\u00e4gt 108 cm und seine Tiefe 50 cm.<\/p>\n<p><img decoding=\"async\" src=\"https:\/\/toika.sapartners.site\/wp-content\/uploads\/2023\/04\/reed-stand-683x1024-min-200x300-1.jpg\" alt=\"\"><\/p>\n","protected":false},"excerpt":{"rendered":"<p>Gel\u00e4nder oder Piraten sind die \u00e4ltesten Produkte von Toika. Heute ist Toika einer der weltweit gr\u00f6\u00dften Hersteller von Handl\u00e4ufen. Die Gel\u00e4nder von Toika bestehen aus hochwertigen Rohstoffen und halten lange.<\/p>\n<p>Bitte beachten Sie, dass sich in den Stacheln des Gel\u00e4nders Schutz\u00f6l befindet, das zun\u00e4chst zu Flecken auf den Kettf\u00e4den f\u00fchren kann. S\u00e4ubern Sie die Spitzenspalten vor der Inbetriebnahme, z.B. mit Trassel. Die Stacheln des Gel\u00e4nders bestehen aus Federstahl, der seine Form wiederherstellt, aber ein zu starker Schlag auf den Stachel des Gel\u00e4nders, beispielsweise mit der Spitze eines Schiffchens, k\u00f6nnte ihn dauerhaft verdrehen.<\/p>\n","protected":false},"featured_media":2220,"comment_status":"open","ping_status":"closed","template":"","meta":{"_acf_changed":false,"inline_featured_image":false},"product_brand":[],"product_cat":[96,116],"product_tag":[],"class_list":{"0":"post-2655","1":"product","2":"type-product","3":"status-publish","4":"has-post-thumbnail","6":"product_cat-handwerk","7":"product_cat-weben-de","9":"first","10":"instock","11":"shipping-taxable","12":"product-type-simple"},"acf":[],"_links":{"self":[{"href":"https:\/\/www.toika.com\/de\/wp-json\/wp\/v2\/product\/2655","targetHints":{"allow":["GET"]}}],"collection":[{"href":"https:\/\/www.toika.com\/de\/wp-json\/wp\/v2\/product"}],"about":[{"href":"https:\/\/www.toika.com\/de\/wp-json\/wp\/v2\/types\/product"}],"replies":[{"embeddable":true,"href":"https:\/\/www.toika.com\/de\/wp-json\/wp\/v2\/comments?post=2655"}],"wp:featuredmedia":[{"embeddable":true,"href":"https:\/\/www.toika.com\/de\/wp-json\/wp\/v2\/media\/2220"}],"wp:attachment":[{"href":"https:\/\/www.toika.com\/de\/wp-json\/wp\/v2\/media?parent=2655"}],"wp:term":[{"taxonomy":"product_brand","embeddable":true,"href":"https:\/\/www.toika.com\/de\/wp-json\/wp\/v2\/product_brand?post=2655"},{"taxonomy":"product_cat","embeddable":true,"href":"https:\/\/www.toika.com\/de\/wp-json\/wp\/v2\/product_cat?post=2655"},{"taxonomy":"product_tag","embeddable":true,"href":"https:\/\/www.toika.com\/de\/wp-json\/wp\/v2\/product_tag?post=2655"}],"curies":[{"name":"wp","href":"https:\/\/api.w.org\/{rel}","templated":true}]}}