{"id":2663,"date":"2023-04-13T10:24:58","date_gmt":"2023-04-13T10:24:58","guid":{"rendered":"https:\/\/toika.sapartners.site\/product\/ohjelmat\/"},"modified":"2024-04-23T09:17:57","modified_gmt":"2024-04-23T09:17:57","slug":"software","status":"publish","type":"product","link":"https:\/\/www.toika.com\/de\/produkt\/software\/","title":{"rendered":"Software"},"content":{"rendered":"<p><strong>DesignaKnit 8 \u2013 Design vom Muster bis zum Stricken<\/strong><\/p>\n<p>DesignaKnit ist ein vielseitiges und einfach zu bedienendes Strickprogramm, mit dem Sie Ihr individuelles Strickst\u00fcck sowohl entwerfen als auch reibungslos umsetzen k\u00f6nnen. Mit dem separat erh\u00e4ltlichen Strickmaschinenanschluss k\u00f6nnen Sie Strickmuster von einem Computer auf eine elektronische Strickmaschine und umgekehrt \u00fcbertragen.<\/p>\n<p>Im Strickprogramm DesignaKnit 8 finden Sie eigene Versionen f\u00fcr Handstricker, Maschinenstricker und Profis:<\/p>\n<li>DesignaKnit 8 Handstricken \u2013 die eigene Version des Handstrickers<\/li>\n<li>DesignaKnit 8 Kone Standard \u2013 das Basisprogramm f\u00fcr Strickerinnen mit einer Strickmaschine, das Grundmuster enth\u00e4lt<\/li>\n<li>DesignaKnit 8 Kone Professional \u2013 eine erweiterte Version des Strickens mit einer Strickmaschine, die auch das Entwerfen von Mustern umfasst<\/li>\n<li>DesignaKnit 8 Das gesamte Programm \u2013 alle Programmfunktionen in der gleichen Version f\u00fcr Hand- und Strickmaschinenstricker<\/li>\n<p><img decoding=\"async\" src=\"https:\/\/toika.sapartners.site\/wp-content\/uploads\/2023\/04\/designaknit-min.png\" alt=\"\"><\/p>\n<p><strong>Fittingly Sew \u2013 ein praktisches Schnittprogramm f\u00fcr N\u00e4herinnen<\/strong><\/p>\n<p>Mit dem Fittingly Sew-Programm k\u00f6nnen Sie im Handumdrehen ein Muster entwerfen, das genau zu Ihnen passt.<\/p>\n<p><img decoding=\"async\" src=\"https:\/\/toika.sapartners.site\/wp-content\/uploads\/2023\/04\/fittingly_sew-min.png\" alt=\"\"><\/p>\n<p><strong>WeavePoint 8 \u2013 die Nummer eins in der Stoffweberei<\/strong><\/p>\n<p>Mit dem beliebten Designprogramm WeavePoint k\u00f6nnen Sie problemlos Designs sowohl f\u00fcr Standard-Hebelwebst\u00fchle als auch f\u00fcr computergesteuerte Webst\u00fchle entwerfen.<\/p>\n<p><img decoding=\"async\" src=\"https:\/\/toika.sapartners.site\/wp-content\/uploads\/2023\/04\/weave_point-min.png\" alt=\"\"><\/p>\n","protected":false},"excerpt":{"rendered":"<p>Toika bietet n\u00fctzliche Programme zum Basteln.<\/p>\n","protected":false},"featured_media":2236,"comment_status":"open","ping_status":"closed","template":"","meta":{"_acf_changed":false,"inline_featured_image":false},"product_brand":[],"product_cat":[96,116],"product_tag":[],"class_list":{"0":"post-2663","1":"product","2":"type-product","3":"status-publish","4":"has-post-thumbnail","6":"product_cat-handwerk","7":"product_cat-weben-de","9":"first","10":"instock","11":"shipping-taxable","12":"product-type-simple"},"acf":[],"_links":{"self":[{"href":"https:\/\/www.toika.com\/de\/wp-json\/wp\/v2\/product\/2663","targetHints":{"allow":["GET"]}}],"collection":[{"href":"https:\/\/www.toika.com\/de\/wp-json\/wp\/v2\/product"}],"about":[{"href":"https:\/\/www.toika.com\/de\/wp-json\/wp\/v2\/types\/product"}],"replies":[{"embeddable":true,"href":"https:\/\/www.toika.com\/de\/wp-json\/wp\/v2\/comments?post=2663"}],"wp:featuredmedia":[{"embeddable":true,"href":"https:\/\/www.toika.com\/de\/wp-json\/wp\/v2\/media\/2236"}],"wp:attachment":[{"href":"https:\/\/www.toika.com\/de\/wp-json\/wp\/v2\/media?parent=2663"}],"wp:term":[{"taxonomy":"product_brand","embeddable":true,"href":"https:\/\/www.toika.com\/de\/wp-json\/wp\/v2\/product_brand?post=2663"},{"taxonomy":"product_cat","embeddable":true,"href":"https:\/\/www.toika.com\/de\/wp-json\/wp\/v2\/product_cat?post=2663"},{"taxonomy":"product_tag","embeddable":true,"href":"https:\/\/www.toika.com\/de\/wp-json\/wp\/v2\/product_tag?post=2663"}],"curies":[{"name":"wp","href":"https:\/\/api.w.org\/{rel}","templated":true}]}}