{"id":2667,"date":"2023-04-13T10:26:00","date_gmt":"2023-04-13T10:26:00","guid":{"rendered":"https:\/\/toika.sapartners.site\/product\/pingottimet\/"},"modified":"2024-04-23T09:15:13","modified_gmt":"2024-04-23T09:15:13","slug":"metallstrecker-breithalter","status":"publish","type":"product","link":"https:\/\/www.toika.com\/de\/produkt\/metallstrecker-breithalter\/","title":{"rendered":"Metallstrecker (Breithalter)"},"content":{"rendered":"<p>Stahlspinner sind in den L\u00e4ngen 15\u201320 cm (gelb), 20\u201327 cm (orange), 30\u201343 cm (rot), 40\u201360 cm (lila), 50\u201370 cm (blau), 60\u201395 cm erh\u00e4ltlich cm (gr\u00fcn), 70-105 cm (gelb), 80-130 cm (orange), 90-150 cm (rot), 100-160 cm (lila), 120-190 cm (blau) und 150-240 cm ( Gr\u00fcn) . Dank des pr\u00e4zisen Einstellintervalls ist es einfach, die richtige Arbeitsbreite zu finden.<\/p>\n","protected":false},"excerpt":{"rendered":"<p>Die Pingottis von Toika sind f\u00fcr ihre Haltbarkeit und Benutzerfreundlichkeit bekannt.<\/p>\n","protected":false},"featured_media":2252,"comment_status":"open","ping_status":"closed","template":"","meta":{"_acf_changed":false,"inline_featured_image":false},"product_brand":[],"product_cat":[96,116],"product_tag":[],"class_list":{"0":"post-2667","1":"product","2":"type-product","3":"status-publish","4":"has-post-thumbnail","6":"product_cat-handwerk","7":"product_cat-weben-de","9":"first","10":"instock","11":"shipping-taxable","12":"product-type-simple"},"acf":[],"_links":{"self":[{"href":"https:\/\/www.toika.com\/de\/wp-json\/wp\/v2\/product\/2667","targetHints":{"allow":["GET"]}}],"collection":[{"href":"https:\/\/www.toika.com\/de\/wp-json\/wp\/v2\/product"}],"about":[{"href":"https:\/\/www.toika.com\/de\/wp-json\/wp\/v2\/types\/product"}],"replies":[{"embeddable":true,"href":"https:\/\/www.toika.com\/de\/wp-json\/wp\/v2\/comments?post=2667"}],"wp:featuredmedia":[{"embeddable":true,"href":"https:\/\/www.toika.com\/de\/wp-json\/wp\/v2\/media\/2252"}],"wp:attachment":[{"href":"https:\/\/www.toika.com\/de\/wp-json\/wp\/v2\/media?parent=2667"}],"wp:term":[{"taxonomy":"product_brand","embeddable":true,"href":"https:\/\/www.toika.com\/de\/wp-json\/wp\/v2\/product_brand?post=2667"},{"taxonomy":"product_cat","embeddable":true,"href":"https:\/\/www.toika.com\/de\/wp-json\/wp\/v2\/product_cat?post=2667"},{"taxonomy":"product_tag","embeddable":true,"href":"https:\/\/www.toika.com\/de\/wp-json\/wp\/v2\/product_tag?post=2667"}],"curies":[{"name":"wp","href":"https:\/\/api.w.org\/{rel}","templated":true}]}}