{"id":2671,"date":"2023-04-13T10:41:41","date_gmt":"2023-04-13T10:41:41","guid":{"rendered":"https:\/\/toika.sapartners.site\/product\/sukkulat\/"},"modified":"2024-04-23T09:16:55","modified_gmt":"2024-04-23T09:16:55","slug":"schutzen","status":"publish","type":"product","link":"https:\/\/www.toika.com\/de\/produkt\/schutzen\/","title":{"rendered":"Sch\u00fctzen"},"content":{"rendered":"<p><strong>Teppich-Shuttles<\/strong><\/p>\n<p>Die Teppichschiffchen von Toika werden aus heimischer Birke handgefertigt. Verf\u00fcgbare L\u00e4ngen: 30, 40, 50, 60, 70 und 80 cm.<\/p>\n<p><img decoding=\"async\" src=\"https:\/\/toika.sapartners.site\/wp-content\/uploads\/2023\/04\/rug_shuttle-min.jpg\" alt=\"\"><\/p>\n<p><strong>Space Shuttles<\/strong><\/p>\n<p>Teppichschiffchen aus Birkenholz sind in den L\u00e4ngen 20, 30 und 50 cm erh\u00e4ltlich.<\/p>\n<p><img decoding=\"async\" src=\"https:\/\/toika.sapartners.site\/wp-content\/uploads\/2023\/04\/flat_shuttle-min.jpg\" alt=\"\"><\/p>\n<p><strong>Teppich-Popup-Shuttle<\/strong><\/p>\n<p>Der Mat Poppana Shuttle ist ein Birken-Shuttle mit einer speziellen Scheibe f\u00fcr den Poppana Shuttle. Sie m\u00fcssen nur noch die fertige Poppana-Scheibe auf die Rolle f\u00e4deln und schon kann es losgehen. Der Matten-Poppana-Shuttle kann auch ohne Puck als normaler Teppich-Shuttle verwendet werden. Die L\u00e4nge des Schiffchens betr\u00e4gt 40 cm und der Scheibendurchmesser 16 cm.<\/p>\n<p><img decoding=\"async\" src=\"https:\/\/toika.sapartners.site\/wp-content\/uploads\/2023\/04\/poppana_rug_shuttle-min.jpg\" alt=\"\"><\/p>\n<p><strong>Roller-Pop-Shuttle<\/strong><\/p>\n<p>Der Roll-Pop-up-Shuttle \u00e4hnelt dem Teppich-Pop-up-Shuttle, ist jedoch mit Rollen ausgestattet<\/p>\n<p><img decoding=\"async\" src=\"https:\/\/toika.sapartners.site\/wp-content\/uploads\/2023\/04\/poppana_boat_shuttle-min.jpg\" alt=\"\"><\/p>\n<p><strong>Rollenshuttle A &amp; A2<\/strong><\/p>\n<p>Das Rollenschiffchen ist f\u00fcr d\u00fcnne Gewebe ausgelegt. Das Shuttle ist in zwei Gr\u00f6\u00dfen erh\u00e4ltlich, A: 32 cm A2: 38 cm.<\/p>\n<p><img decoding=\"async\" src=\"https:\/\/toika.sapartners.site\/wp-content\/uploads\/2023\/04\/boat_shuttlesA_A2-min.jpg\" alt=\"\"><\/p>\n<p><img decoding=\"async\" src=\"https:\/\/toika.sapartners.site\/wp-content\/uploads\/2023\/04\/A2-min.png\" alt=\"\"><\/p>\n<p><strong>Rollenshuttle E<\/strong><\/p>\n<p>Das Rollenschiffchen E ist f\u00fcr das Weben mit d\u00fcnnen F\u00e4den konzipiert. Das Schiffchen ist 42 cm lang.<\/p>\n<p><img decoding=\"async\" src=\"https:\/\/toika.sapartners.site\/wp-content\/uploads\/2023\/04\/boat_shuttleE-min.jpg\" alt=\"\"><\/p>\n<p><strong>Twin-Shuttle<\/strong><\/p>\n<p>Mit einem Doppelschiffchen weben Sie bequem mit zwei unterschiedlichen Schussf\u00e4den. Die L\u00e4nge des Shuttles betr\u00e4gt 40 cm.<\/p>\n<p><img decoding=\"async\" src=\"https:\/\/toika.sapartners.site\/wp-content\/uploads\/2023\/04\/double_shuttle-min.jpg\" alt=\"\"><\/p>\n<p><strong>Boots-Shuttles<\/strong><\/p>\n<p>Der Bootsshuttle ist ein sch\u00f6nes und praktisches Arbeitsger\u00e4t. Shuttles sind in den L\u00e4ngen 22, 28 und 34 cm erh\u00e4ltlich.<\/p>\n<p><img decoding=\"async\" src=\"https:\/\/toika.sapartners.site\/wp-content\/uploads\/2023\/04\/boat_shuttles_without_rollers-min.jpg\" alt=\"\"><\/p>\n<p><strong>Damast-Shuttle<\/strong><\/p>\n<p>Das Damastschiffchen ist f\u00fcr kleine F\u00e4den, wie zum Beispiel Damastweben, konzipiert. Die L\u00e4nge des Shuttles betr\u00e4gt 32 cm.<\/p>\n<p><img decoding=\"async\" src=\"https:\/\/toika.sapartners.site\/wp-content\/uploads\/2023\/04\/damaks_shuttle-min.jpg\" alt=\"\"><\/p>\n<p><strong>Shuttle werfen<\/strong><\/p>\n<p>Der Wurfshuttle ist mit der verwendeten Wurfshuttle-Vorrichtung ausgestattet. Es ist mit Metallspitzen und -rollen ausgestattet. L\u00e4nge 37 cm.<\/p>\n<p><img decoding=\"async\" src=\"https:\/\/toika.sapartners.site\/wp-content\/uploads\/2023\/04\/damaks_shuttle-min.jpg\" alt=\"\"><\/p>\n<p><strong>Polnische Sohlen<\/strong><\/p>\n<p>Spulentr\u00e4ger werden in Rollenschiffchen eingesetzt. Sie bestehen aus dickem Karton und sind in den L\u00e4ngen 11,5 und 12 cm erh\u00e4ltlich.<\/p>\n<p><img decoding=\"async\" src=\"https:\/\/toika.sapartners.site\/wp-content\/uploads\/2023\/04\/quills-min.jpg\" alt=\"\"><\/p>\n","protected":false},"excerpt":{"rendered":"<p>Die Shuttles von Toika sind langlebig und wundersch\u00f6n gestaltet.<\/p>\n","protected":false},"featured_media":2256,"comment_status":"open","ping_status":"closed","template":"","meta":{"_acf_changed":false,"inline_featured_image":false},"product_brand":[],"product_cat":[96,116],"product_tag":[],"class_list":{"0":"post-2671","1":"product","2":"type-product","3":"status-publish","4":"has-post-thumbnail","6":"product_cat-handwerk","7":"product_cat-weben-de","9":"first","10":"instock","11":"shipping-taxable","12":"product-type-simple"},"acf":[],"_links":{"self":[{"href":"https:\/\/www.toika.com\/de\/wp-json\/wp\/v2\/product\/2671","targetHints":{"allow":["GET"]}}],"collection":[{"href":"https:\/\/www.toika.com\/de\/wp-json\/wp\/v2\/product"}],"about":[{"href":"https:\/\/www.toika.com\/de\/wp-json\/wp\/v2\/types\/product"}],"replies":[{"embeddable":true,"href":"https:\/\/www.toika.com\/de\/wp-json\/wp\/v2\/comments?post=2671"}],"wp:featuredmedia":[{"embeddable":true,"href":"https:\/\/www.toika.com\/de\/wp-json\/wp\/v2\/media\/2256"}],"wp:attachment":[{"href":"https:\/\/www.toika.com\/de\/wp-json\/wp\/v2\/media?parent=2671"}],"wp:term":[{"taxonomy":"product_brand","embeddable":true,"href":"https:\/\/www.toika.com\/de\/wp-json\/wp\/v2\/product_brand?post=2671"},{"taxonomy":"product_cat","embeddable":true,"href":"https:\/\/www.toika.com\/de\/wp-json\/wp\/v2\/product_cat?post=2671"},{"taxonomy":"product_tag","embeddable":true,"href":"https:\/\/www.toika.com\/de\/wp-json\/wp\/v2\/product_tag?post=2671"}],"curies":[{"name":"wp","href":"https:\/\/api.w.org\/{rel}","templated":true}]}}