{"id":2675,"date":"2023-04-13T10:44:44","date_gmt":"2023-04-13T10:44:44","guid":{"rendered":"https:\/\/toika.sapartners.site\/product\/puolateline\/"},"modified":"2024-04-23T09:22:17","modified_gmt":"2024-04-23T09:22:17","slug":"konengestell","status":"publish","type":"product","link":"https:\/\/www.toika.com\/de\/produkt\/konengestell\/","title":{"rendered":"Konengestell"},"content":{"rendered":"<p>Der Spulenhalter aus lackiertem Birkenholz hat Spindeln f\u00fcr 10 Spulen. Der Abstand zwischen den Spulen betr\u00e4gt 15 cm und sie sind leicht abnehmbar. Der St\u00e4nder ist so konzipiert, dass der Faden von den Seiten leicht und ohne Verhaken abl\u00e4uft. F\u00fcr jeden Faden gibt es zwei Fadenf\u00fchrer. Das Gestell l\u00e4sst sich einfach mit Keilen zusammenbauen.<\/p>\n","protected":false},"excerpt":{"rendered":"<p>Der Spulenhalter aus lackiertem Birkenholz hat Spindeln f\u00fcr 10 Spulen. Der Abstand zwischen den Spulen betr\u00e4gt 15 cm und sie sind leicht abnehmbar. Der St\u00e4nder ist so konzipiert, dass der Faden von den Seiten leicht und ohne Verhaken abl\u00e4uft. F\u00fcr jeden Faden gibt es zwei Fadenf\u00fchrer. Das Gestell l\u00e4sst sich einfach mit Keilen zusammenbauen.<\/p>\n","protected":false},"featured_media":2304,"comment_status":"open","ping_status":"closed","template":"","meta":{"_acf_changed":false,"inline_featured_image":false},"product_brand":[],"product_cat":[96,108,116],"product_tag":[],"class_list":{"0":"post-2675","1":"product","2":"type-product","3":"status-publish","4":"has-post-thumbnail","6":"product_cat-handwerk","7":"product_cat-kettzubehor","8":"product_cat-weben-de","10":"first","11":"instock","12":"shipping-taxable","13":"product-type-simple"},"acf":[],"_links":{"self":[{"href":"https:\/\/www.toika.com\/de\/wp-json\/wp\/v2\/product\/2675","targetHints":{"allow":["GET"]}}],"collection":[{"href":"https:\/\/www.toika.com\/de\/wp-json\/wp\/v2\/product"}],"about":[{"href":"https:\/\/www.toika.com\/de\/wp-json\/wp\/v2\/types\/product"}],"replies":[{"embeddable":true,"href":"https:\/\/www.toika.com\/de\/wp-json\/wp\/v2\/comments?post=2675"}],"wp:featuredmedia":[{"embeddable":true,"href":"https:\/\/www.toika.com\/de\/wp-json\/wp\/v2\/media\/2304"}],"wp:attachment":[{"href":"https:\/\/www.toika.com\/de\/wp-json\/wp\/v2\/media?parent=2675"}],"wp:term":[{"taxonomy":"product_brand","embeddable":true,"href":"https:\/\/www.toika.com\/de\/wp-json\/wp\/v2\/product_brand?post=2675"},{"taxonomy":"product_cat","embeddable":true,"href":"https:\/\/www.toika.com\/de\/wp-json\/wp\/v2\/product_cat?post=2675"},{"taxonomy":"product_tag","embeddable":true,"href":"https:\/\/www.toika.com\/de\/wp-json\/wp\/v2\/product_tag?post=2675"}],"curies":[{"name":"wp","href":"https:\/\/api.w.org\/{rel}","templated":true}]}}