{"id":2679,"date":"2023-04-13T09:41:22","date_gmt":"2023-04-13T09:41:22","guid":{"rendered":"https:\/\/toika.sapartners.site\/product\/laila-kangaspuut\/"},"modified":"2024-04-23T08:59:01","modified_gmt":"2024-04-23T08:59:01","slug":"laila","status":"publish","type":"product","link":"https:\/\/www.toika.com\/de\/produkt\/laila\/","title":{"rendered":"Laila"},"content":{"rendered":"<p>Die wundersch\u00f6nen Laila-Stoffb\u00e4ume sind sowohl f\u00fcr Erwachsene als auch f\u00fcr Kinder geeignet. Als kleine Hebelwebst\u00fchle vermitteln Laila-Webst\u00fchle das richtige Gef\u00fchl f\u00fcr das Weben auf einem Webstuhl. Es werden sechs Stiele verwendet, die die M\u00f6glichkeit bieten, vielseitige Bandagen zu weben. F\u00fcr Stoffb\u00e4ume ist ein spezieller Laila-Hocker separat erh\u00e4ltlich, der auf diese B\u00e4ume abgestimmt ist.<\/p>\n<p><strong>Technische Information<\/strong><br \/>\n<strong> Hebel-Stoffspanner<\/strong>, zusammenklappbar<br \/>\n<strong>Arbeitsbreite<\/strong>: 70 cm<br \/>\n<strong> Vorbau- und Profilanzahl<\/strong>: 4 Vorbauten und 4 Stufen oder 8 Vorbauten und 8 Stufen<br \/>\nDimensionen und Gewicht<\/p>\n<div>\n<table border=\"0\">\n<tbody>\n<tr>\n<td><strong>H\u00f6he <\/strong><\/td>\n<td><strong>Gesamtbreite<\/strong><\/td>\n<td><strong>Gewicht<\/strong><\/td>\n<\/tr>\n<tr>\n<td>120 cm<\/td>\n<td>103 cm<\/td>\n<td>30 kg<\/td>\n<\/tr>\n<tr>\n<td><\/td>\n<td><\/td>\n<td><\/td>\n<\/tr>\n<tr>\n<td><strong>Tiefe<\/strong><\/td>\n<td><strong>Mit Hocker <\/strong><\/td>\n<td><strong>Gebaut <\/strong><\/td>\n<\/tr>\n<tr>\n<td>85 cm<\/td>\n<td>115 cm<\/td>\n<td>60 cm<\/td>\n<\/tr>\n<\/tbody>\n<\/table>\n<\/div>\n","protected":false},"excerpt":{"rendered":"<p>LAILA-Webst\u00fchle eignen sich f\u00fcr alle Arten des Webens, au\u00dfer f\u00fcr das Weben von Teppichen. Laila-Webst\u00fchle sind praktische Webst\u00fchle, auch wenn der Platz begrenzt ist. Da sich die B\u00e4ume auch im Webzustand zusammenfalten, k\u00f6nnen sie nach Beendigung der Websitzung in den Schrank gestellt werden.<\/p>\n","protected":false},"featured_media":2108,"comment_status":"open","ping_status":"closed","template":"","meta":{"_acf_changed":false,"inline_featured_image":false},"product_brand":[],"product_cat":[96,116,120],"product_tag":[],"class_list":{"0":"post-2679","1":"product","2":"type-product","3":"status-publish","4":"has-post-thumbnail","6":"product_cat-handwerk","7":"product_cat-weben-de","8":"product_cat-webstuhle","10":"first","11":"instock","12":"shipping-taxable","13":"product-type-simple"},"acf":[],"_links":{"self":[{"href":"https:\/\/www.toika.com\/de\/wp-json\/wp\/v2\/product\/2679","targetHints":{"allow":["GET"]}}],"collection":[{"href":"https:\/\/www.toika.com\/de\/wp-json\/wp\/v2\/product"}],"about":[{"href":"https:\/\/www.toika.com\/de\/wp-json\/wp\/v2\/types\/product"}],"replies":[{"embeddable":true,"href":"https:\/\/www.toika.com\/de\/wp-json\/wp\/v2\/comments?post=2679"}],"wp:featuredmedia":[{"embeddable":true,"href":"https:\/\/www.toika.com\/de\/wp-json\/wp\/v2\/media\/2108"}],"wp:attachment":[{"href":"https:\/\/www.toika.com\/de\/wp-json\/wp\/v2\/media?parent=2679"}],"wp:term":[{"taxonomy":"product_brand","embeddable":true,"href":"https:\/\/www.toika.com\/de\/wp-json\/wp\/v2\/product_brand?post=2679"},{"taxonomy":"product_cat","embeddable":true,"href":"https:\/\/www.toika.com\/de\/wp-json\/wp\/v2\/product_cat?post=2679"},{"taxonomy":"product_tag","embeddable":true,"href":"https:\/\/www.toika.com\/de\/wp-json\/wp\/v2\/product_tag?post=2679"}],"curies":[{"name":"wp","href":"https:\/\/api.w.org\/{rel}","templated":true}]}}