{"id":2683,"date":"2023-04-13T09:43:29","date_gmt":"2023-04-13T09:43:29","guid":{"rendered":"https:\/\/toika.sapartners.site\/product\/leena-kangaspuut\/"},"modified":"2024-04-23T08:58:19","modified_gmt":"2024-04-23T08:58:19","slug":"leena","status":"publish","type":"product","link":"https:\/\/www.toika.com\/de\/produkt\/leena\/","title":{"rendered":"Leena"},"content":{"rendered":"<p>Leena-Tischdeckenb\u00e4ume haben keine Bahnen, sondern die Kettf\u00e4den werden mittels Hebeln, die von Hand gedreht werden k\u00f6nnen, in Bewegung gesetzt. Dies erm\u00f6glicht beispielsweise auch Menschen mit Beinbehinderungen den Spa\u00df am Weben. Im Lieferumfang der Tischdeckenb\u00e4ume sind enthalten: Reling Nr. 40, 200 St\u00fcck, zwei Kellenschiffchen und Anleitung. Sie sollten maximal 6-7 Meter Kette auf einmal in die B\u00e4ume einziehen, und auch dann m\u00fcssen Sie daran denken, die Kettst\u00e4mme sorgf\u00e4ltig mit Kettkn\u00e4ueln oder Wellpappe zu verst\u00e4rken.<\/p>\n<p>Leena-Tischdecken k\u00f6nnen auch in gewebtem Zustand mit Fischfadenbindung bestellt werden. Als Kette wird 6-f\u00e4diger, ungebleichter Fischfaden verwendet. Die L\u00e4nge der Kette betr\u00e4gt ca. 2,5 m und Breite 40 cm mit Gel\u00e4nder 40\/1. Bei einer anderen Bestellung k\u00f6nnen Sie die Kette auch nach Ihren W\u00fcnschen zu einem anderen Preis erhalten. F\u00fcr Tischdecken mit Fu\u00dfst\u00fctze empfehlen wir den Hocker Laila.<\/p>\n<p>Technische Information<br \/>\n<strong>Tischdeckenb\u00e4ume<\/strong><br \/>\n<strong> Arbeitsbreite<\/strong>: 60 cm<br \/>\n<strong>Anzahl der Stiele<\/strong>: 4 und 8 Stiele<\/p>\n<p><strong>Dimensionen und Gewicht<\/strong><\/p>\n<div>\n<table border=\"0\">\n<tbody>\n<tr>\n<td><strong>Arbeitsbreite<\/strong><\/td>\n<td><strong>Gesamtbreite<\/strong><\/td>\n<td><strong>Gewicht ca.)<\/strong><\/td>\n<\/tr>\n<tr>\n<td>60 cm<\/td>\n<td>73 cm<\/td>\n<td>10 kg<\/td>\n<\/tr>\n<tr>\n<td><\/td>\n<td><\/td>\n<td><\/td>\n<\/tr>\n<tr>\n<td><strong>H\u00f6he (4 Fu\u00df)<\/strong><\/td>\n<td><strong>H\u00f6he (8 Fu\u00df) <\/strong><\/td>\n<td><strong>Tiefe<\/strong><\/td>\n<\/tr>\n<tr>\n<td>46 cm<\/td>\n<td>64 cm<\/td>\n<td>79 cm<\/td>\n<\/tr>\n<tr>\n<td><\/td>\n<td><\/td>\n<td><\/td>\n<\/tr>\n<tr>\n<td><strong>H\u00f6he der Fu\u00dfst\u00fctze <\/strong><\/td>\n<td><strong>Gewicht der Fu\u00dfst\u00fctze<\/strong><\/td>\n<td><\/td>\n<\/tr>\n<tr>\n<td>55 cm<\/td>\n<td>2 kg<\/td>\n<td><\/td>\n<\/tr>\n<\/tbody>\n<\/table>\n<\/div>\n","protected":false},"excerpt":{"rendered":"<p>Mit LEENA-Tischdecken k\u00f6nnen Sie verschiedene leichte Textilien wie Wandteppiche, Schals, T\u00fccher, Poppanas, Handt\u00fccher und kleine Teppiche geschickt weben. Wie der Name schon sagt, k\u00f6nnen die Leena-Tischdeckenb\u00e4ume an einem Tisch oder einem separat erh\u00e4ltlichen Fu\u00dfst\u00e4nder befestigt werden. Dank ihrer geringen Gr\u00f6\u00dfe und robusten Struktur lassen sich Tischleinenb\u00e4ume leicht von einem Ort zum anderen bewegen.<\/p>\n","protected":false},"featured_media":2124,"comment_status":"open","ping_status":"closed","template":"","meta":{"_acf_changed":false,"inline_featured_image":false},"product_brand":[],"product_cat":[96,120],"product_tag":[],"class_list":{"0":"post-2683","1":"product","2":"type-product","3":"status-publish","4":"has-post-thumbnail","6":"product_cat-handwerk","7":"product_cat-webstuhle","9":"first","10":"instock","11":"shipping-taxable","12":"product-type-simple"},"acf":[],"_links":{"self":[{"href":"https:\/\/www.toika.com\/de\/wp-json\/wp\/v2\/product\/2683","targetHints":{"allow":["GET"]}}],"collection":[{"href":"https:\/\/www.toika.com\/de\/wp-json\/wp\/v2\/product"}],"about":[{"href":"https:\/\/www.toika.com\/de\/wp-json\/wp\/v2\/types\/product"}],"replies":[{"embeddable":true,"href":"https:\/\/www.toika.com\/de\/wp-json\/wp\/v2\/comments?post=2683"}],"wp:featuredmedia":[{"embeddable":true,"href":"https:\/\/www.toika.com\/de\/wp-json\/wp\/v2\/media\/2124"}],"wp:attachment":[{"href":"https:\/\/www.toika.com\/de\/wp-json\/wp\/v2\/media?parent=2683"}],"wp:term":[{"taxonomy":"product_brand","embeddable":true,"href":"https:\/\/www.toika.com\/de\/wp-json\/wp\/v2\/product_brand?post=2683"},{"taxonomy":"product_cat","embeddable":true,"href":"https:\/\/www.toika.com\/de\/wp-json\/wp\/v2\/product_cat?post=2683"},{"taxonomy":"product_tag","embeddable":true,"href":"https:\/\/www.toika.com\/de\/wp-json\/wp\/v2\/product_tag?post=2683"}],"curies":[{"name":"wp","href":"https:\/\/api.w.org\/{rel}","templated":true}]}}