{"id":2691,"date":"2023-04-13T09:39:03","date_gmt":"2023-04-13T09:39:03","guid":{"rendered":"https:\/\/toika.sapartners.site\/product\/jaana-kangaspuut\/"},"modified":"2024-04-23T08:57:11","modified_gmt":"2024-04-23T08:57:11","slug":"jaana","status":"publish","type":"product","link":"https:\/\/www.toika.com\/de\/produkt\/jaana\/","title":{"rendered":"Jaana"},"content":{"rendered":"<p>Man muss nicht auf die angenehm niedrigen Jaana-Stoffb\u00e4ume klettern und auch die Webmaterialien sind in Reichweite. Dank der Rundung sind Brust-, Knie- und R\u00fcckenb\u00e4umchen schonend f\u00fcr Stoffe und F\u00e4den. Stoffb\u00e4ume werden m\u00f6glichst vormontiert geliefert.<\/p>\n<p>Der Laila Hocker ist im Lieferumfang enthalten. An der Korkplatte in der oberen Traufe k\u00f6nnen Sie Arbeitsanweisungen mit Stecknadeln befestigen und ein praktischer Scherenhalter h\u00e4lt die Schere griffbereit. Luhas Topper-Gummis sind separat erh\u00e4ltlich, mit denen sich die Ruheposition von Luha anpassen und ein Aufspringen verhindern l\u00e4sst. Jaana-Stoffb\u00e4ume k\u00f6nnen z.B. mit einem Baum verbunden werden. Computersteuerung und Start-Shuttle-Ger\u00e4t.<\/p>\n<p><strong>Technische Information<\/strong><\/p>\n<p><strong>Hebelstoffb\u00e4ume<\/strong><br \/>\n<strong>Arbeitsbreiten<\/strong>: 80 und 100 cm<br \/>\n<strong> Anzahl der Stiele<\/strong>: 4, 8 und 12 auf Bestellung<br \/>\n<strong>Anzahl der Schritte<\/strong>: Die Anzahl der Schritte entspricht normalerweise der Anzahl der Stiele. Eine abweichende Anzahl von Schritten ist ebenfalls m\u00f6glich.<\/p>\n<p>Abmessungen und Gewicht<\/p>\n<div>\n<table border=\"0\">\n<tbody>\n<tr>\n<td><strong>Arbeitsbreite <\/strong><\/td>\n<td><strong>Gesamtbreite <\/strong><\/td>\n<td><strong>Gewicht <\/strong><\/td>\n<\/tr>\n<tr>\n<td>80 cm<\/td>\n<td>117 cm<\/td>\n<td>70 kg<\/td>\n<\/tr>\n<tr>\n<td>100 cm<\/td>\n<td>137 cm<\/td>\n<td>80 kg<\/td>\n<\/tr>\n<tr>\n<td><\/td>\n<td><\/td>\n<td><\/td>\n<\/tr>\n<tr>\n<td><strong>H\u00f6he<\/strong><\/td>\n<td><strong>Tiefe<\/strong><\/td>\n<td><strong>Tiefe mit Hocker <\/strong><\/td>\n<\/tr>\n<tr>\n<td>128 cm<\/td>\n<td>117 cm<\/td>\n<td>158 cm<\/td>\n<\/tr>\n<\/tbody>\n<\/table>\n<\/div>\n<p>Fordern Sie ein Angebot an oder fragen Sie nach dem Produkt!<\/p>\n\n<div class=\"wpcf7 no-js\" id=\"wpcf7-f779-o1\" lang=\"en-US\" dir=\"ltr\" data-wpcf7-id=\"779\">\n<div class=\"screen-reader-response\"><p role=\"status\" aria-live=\"polite\" aria-atomic=\"true\"><\/p> <ul><\/ul><\/div>\n<form action=\"\/de\/wp-json\/wp\/v2\/product\/2691#wpcf7-f779-o1\" method=\"post\" class=\"wpcf7-form init\" aria-label=\"Contact form\" novalidate=\"novalidate\" data-status=\"init\">\n<fieldset class=\"hidden-fields-container\"><input type=\"hidden\" name=\"_wpcf7\" value=\"779\" \/><input type=\"hidden\" name=\"_wpcf7_version\" value=\"6.1.5\" \/><input type=\"hidden\" name=\"_wpcf7_locale\" value=\"en_US\" \/><input type=\"hidden\" name=\"_wpcf7_unit_tag\" value=\"wpcf7-f779-o1\" \/><input type=\"hidden\" name=\"_wpcf7_container_post\" value=\"0\" \/><input type=\"hidden\" name=\"_wpcf7_posted_data_hash\" value=\"\" \/>\n<\/fieldset>\n<p><label> Nimi<br \/>\n<span class=\"wpcf7-form-control-wrap\" data-name=\"your-name\"><input size=\"40\" maxlength=\"400\" class=\"wpcf7-form-control wpcf7-text wpcf7-validates-as-required\" autocomplete=\"name\" aria-required=\"true\" aria-invalid=\"false\" value=\"\" type=\"text\" name=\"your-name\" \/><\/span> <\/label>\n<\/p>\n<p><label> S\u00e4hk\u00f6posti<br \/>\n<span class=\"wpcf7-form-control-wrap\" data-name=\"your-email\"><input size=\"40\" maxlength=\"400\" class=\"wpcf7-form-control wpcf7-email wpcf7-validates-as-required wpcf7-text wpcf7-validates-as-email\" autocomplete=\"email\" aria-required=\"true\" aria-invalid=\"false\" value=\"\" type=\"email\" name=\"your-email\" \/><\/span> <\/label>\n<\/p>\n<p><label> Kaupunki ja postinumero<br \/>\n<span class=\"wpcf7-form-control-wrap\" data-name=\"text-706\"><input size=\"40\" maxlength=\"400\" class=\"wpcf7-form-control wpcf7-text\" aria-invalid=\"false\" value=\"\" type=\"text\" name=\"text-706\" \/><\/span> <\/label>\n<\/p>\n<p><label> Kudontaleveys<br \/>\n<span class=\"wpcf7-form-control-wrap\" data-name=\"menu-235\"><select class=\"wpcf7-form-control wpcf7-select\" aria-invalid=\"false\" name=\"menu-235\"><option value=\"80 cm\">80 cm<\/option><option value=\"100 cm\">100 cm<\/option><option value=\"120 cm\">120 cm<\/option><option value=\"150 cm\">150 cm<\/option><\/select><\/span> <\/label>\n<\/p>\n<p><label> Varret<br \/>\n<span class=\"wpcf7-form-control-wrap\" data-name=\"menu-12\"><select class=\"wpcf7-form-control wpcf7-select\" aria-invalid=\"false\" name=\"menu-12\"><option value=\"Tietokoneohjaus - ES16\">Tietokoneohjaus - ES16<\/option><option value=\"Perinteinen - 4 vartta\">Perinteinen - 4 vartta<\/option><option value=\"Perinteinen - 8 vartta\">Perinteinen - 8 vartta<\/option><\/select><\/span><\/label>\n<\/p>\n<p><label> Viesti<br \/>\n<span class=\"wpcf7-form-control-wrap\" data-name=\"textarea-254\"><textarea cols=\"40\" rows=\"10\" maxlength=\"2000\" class=\"wpcf7-form-control wpcf7-textarea\" aria-invalid=\"false\" name=\"textarea-254\"><\/textarea><\/span><\/label>\n<\/p>\n<p><input class=\"wpcf7-form-control wpcf7-submit has-spinner\" type=\"submit\" value=\"L\u00e4het\u00e4\" \/>\n<\/p><div class=\"wpcf7-response-output\" aria-hidden=\"true\"><\/div>\n<\/form>\n<\/div>\n\n","protected":false},"excerpt":{"rendered":"<p>JAANA-Webst\u00fchle bringen mit ihrem modernen Design frischen Wind in unsere Webstuhlkollektion. Dank der ergonomischen Abmessungen ist die Arbeitsh\u00f6he angenehm niedrig und schont den R\u00fccken des Webers auch bei gr\u00f6\u00dferen Webst\u00fchlen. Aufgrund ihrer geringen Au\u00dfenma\u00dfe eignen sich Webst\u00fchle auch f\u00fcr kleine R\u00e4ume. Allerdings sind Jaana-Webst\u00fchle sehr robust und daher auch f\u00fcr die Teppichweberei geeignet.<\/p>\n","protected":false},"featured_media":2084,"comment_status":"open","ping_status":"closed","template":"","meta":{"_acf_changed":false,"inline_featured_image":false},"product_brand":[],"product_cat":[96,116,120],"product_tag":[],"class_list":{"0":"post-2691","1":"product","2":"type-product","3":"status-publish","4":"has-post-thumbnail","6":"product_cat-handwerk","7":"product_cat-weben-de","8":"product_cat-webstuhle","10":"first","11":"instock","12":"shipping-taxable","13":"product-type-simple"},"acf":[],"_links":{"self":[{"href":"https:\/\/www.toika.com\/de\/wp-json\/wp\/v2\/product\/2691","targetHints":{"allow":["GET"]}}],"collection":[{"href":"https:\/\/www.toika.com\/de\/wp-json\/wp\/v2\/product"}],"about":[{"href":"https:\/\/www.toika.com\/de\/wp-json\/wp\/v2\/types\/product"}],"replies":[{"embeddable":true,"href":"https:\/\/www.toika.com\/de\/wp-json\/wp\/v2\/comments?post=2691"}],"wp:featuredmedia":[{"embeddable":true,"href":"https:\/\/www.toika.com\/de\/wp-json\/wp\/v2\/media\/2084"}],"wp:attachment":[{"href":"https:\/\/www.toika.com\/de\/wp-json\/wp\/v2\/media?parent=2691"}],"wp:term":[{"taxonomy":"product_brand","embeddable":true,"href":"https:\/\/www.toika.com\/de\/wp-json\/wp\/v2\/product_brand?post=2691"},{"taxonomy":"product_cat","embeddable":true,"href":"https:\/\/www.toika.com\/de\/wp-json\/wp\/v2\/product_cat?post=2691"},{"taxonomy":"product_tag","embeddable":true,"href":"https:\/\/www.toika.com\/de\/wp-json\/wp\/v2\/product_tag?post=2691"}],"curies":[{"name":"wp","href":"https:\/\/api.w.org\/{rel}","templated":true}]}}