{"id":2695,"date":"2023-04-13T09:22:53","date_gmt":"2023-04-13T09:22:53","guid":{"rendered":"https:\/\/toika.sapartners.site\/product\/tietokoneohjaus\/"},"modified":"2026-02-03T03:03:49","modified_gmt":"2026-02-03T03:03:49","slug":"computersteuerung","status":"publish","type":"product","link":"https:\/\/www.toika.com\/de\/produkt\/computersteuerung\/","title":{"rendered":"Computersteuerung"},"content":{"rendered":"<h2 data-pm-slice=\"0 0 []\">Entdecke die neue ES+ Steuereinheit!<\/h2>\n<p>Die brandneue ES+ Steuereinheit er\u00f6ffnet spannende M\u00f6glichkeiten, die Kontrolle zu \u00fcbernehmen wie nie zuvor.\u00a0Intelligente Steuerung \u00fcber WLAN: Verwalte WIF-Formate ganz einfach direkt von deinem Smartger\u00e4t. Verbesserte Benutzerfreundlichkeit: Schlie\u00dfe ein externes Display und eine kabellose Maus an f\u00fcr ein reibungsloses, desktop\u00e4hnliches Erlebnis. Flexible Modellhandhabung: Importiere und speichere WIF-Formate m\u00fchelos mit einem USB-Stick. Innovation, Komfort und Freiheit \u2013 alles in einer leistungsstarken Einheit!<\/p>\n<p>&nbsp;<\/p>\n<figure id=\"attachment_6049\" aria-describedby=\"caption-attachment-6049\" style=\"width: 800px\" class=\"wp-caption alignnone\"><img fetchpriority=\"high\" decoding=\"async\" class=\"wp-image-6049 size-large\" src=\"https:\/\/www.toika.com\/wp-content\/uploads\/2023\/04\/nayttokuva_kudonta-1024x579.png\" alt=\"\" width=\"800\" height=\"452\" srcset=\"https:\/\/www.toika.com\/wp-content\/uploads\/2023\/04\/nayttokuva_kudonta-1024x579.png 1024w, https:\/\/www.toika.com\/wp-content\/uploads\/2023\/04\/nayttokuva_kudonta-300x170.png 300w, https:\/\/www.toika.com\/wp-content\/uploads\/2023\/04\/nayttokuva_kudonta-768x434.png 768w, https:\/\/www.toika.com\/wp-content\/uploads\/2023\/04\/nayttokuva_kudonta-1536x868.png 1536w, https:\/\/www.toika.com\/wp-content\/uploads\/2023\/04\/nayttokuva_kudonta-600x339.png 600w, https:\/\/www.toika.com\/wp-content\/uploads\/2023\/04\/nayttokuva_kudonta.png 1783w\" sizes=\"(max-width: 800px) 100vw, 800px\" \/><figcaption id=\"caption-attachment-6049\" class=\"wp-caption-text\">Steuere ES+ ganz einfach mit einer Maus und einem Bildschirm \u2013 ganz ohne externe Software.<\/figcaption><\/figure>\n<p>&nbsp;<\/p>\n<figure id=\"attachment_6054\" aria-describedby=\"caption-attachment-6054\" style=\"width: 800px\" class=\"wp-caption alignnone\"><img decoding=\"async\" class=\"wp-image-6054 size-large\" src=\"https:\/\/www.toika.com\/wp-content\/uploads\/2023\/04\/nayttokuva_kudonta2-1024x595.jpeg\" alt=\"\" width=\"800\" height=\"465\" srcset=\"https:\/\/www.toika.com\/wp-content\/uploads\/2023\/04\/nayttokuva_kudonta2-1024x595.jpeg 1024w, https:\/\/www.toika.com\/wp-content\/uploads\/2023\/04\/nayttokuva_kudonta2-300x174.jpeg 300w, https:\/\/www.toika.com\/wp-content\/uploads\/2023\/04\/nayttokuva_kudonta2-768x446.jpeg 768w, https:\/\/www.toika.com\/wp-content\/uploads\/2023\/04\/nayttokuva_kudonta2-1536x892.jpeg 1536w, https:\/\/www.toika.com\/wp-content\/uploads\/2023\/04\/nayttokuva_kudonta2-600x348.jpeg 600w, https:\/\/www.toika.com\/wp-content\/uploads\/2023\/04\/nayttokuva_kudonta2.jpeg 1918w\" sizes=\"(max-width: 800px) 100vw, 800px\" \/><figcaption id=\"caption-attachment-6054\" class=\"wp-caption-text\">Steuere ES+ mit deinem Smartger\u00e4t \u00fcber einen Webbrowser via WLAN.<\/figcaption><\/figure>\n<p>&nbsp;<\/p>\n<h2>Willkommen in der wundervollen Welt des computergest\u00fctzten Webens mit der Toika ES Schaftmaschine<\/h2>\n<p>Als Resultat von 30 Jahren Forschung, Entwicklung und Bau der Toika-EW-Serie in bew\u00e4hrter Qualit\u00e4t und Verl\u00e4sslichkeit bringt die neue Toika ES-Serie ein noch schnelleres und leistungsf\u00e4higeres Produkt zur Freude aller Handweber und Handweberinnen. Die computergesteuerten Webst\u00fchle von Toika waren stets leise; die neue Toika ES-Serie ist noch leiser und effizienter.<\/p>\n<div style=\"width: 800px;\" class=\"wp-video\"><video class=\"wp-video-shortcode\" id=\"video-2695-1\" width=\"800\" height=\"440\" preload=\"metadata\" controls=\"controls\"><source type=\"video\/mp4\" src=\"https:\/\/www.toika.com\/wp-content\/uploads\/2023\/04\/Getting-ready-to-weave-on-a-Toika-Computer-Loom-1.mp4?_=1\" \/><a href=\"https:\/\/www.toika.com\/wp-content\/uploads\/2023\/04\/Getting-ready-to-weave-on-a-Toika-Computer-Loom-1.mp4\">https:\/\/www.toika.com\/wp-content\/uploads\/2023\/04\/Getting-ready-to-weave-on-a-Toika-Computer-Loom-1.mp4<\/a><\/video><\/div>\n<p>Die Toika ES Schaftmaschine wird f\u00fcr 16, 24 und 32 Sch\u00e4fte angeboten. W\u00e4hrend traditionelle Handwebst\u00fchle mit Tritten, Wippen und Querh\u00f6lzern ausgestattet sind, ersetzt die Toika ES Computersteuerung all diese mechanischen Elemente durch ein einziges Pedal \u2013 \u00e4hnlich dem einer N\u00e4hmaschine.<\/p>\n<p>Das Pedal sorgt daf\u00fcr, dass der Weber oder die Weberin keine Kraft aufwenden muss, um mehrere Sch\u00e4fte zu heben \u2013 eine deutliche Erleichterung im Vergleich zu einem Standard-Webstuhl mit vielen Sch\u00e4ften. Gegen\u00fcber dem Vorg\u00e4nger-EW-Modell bietet die Toika ES-Serie verbesserte Elektronik, eine l\u00e4ngere Arbeitsdauer, eine benutzerfreundliche Bedienung und weniger mechanische Komponenten.<\/p>\n<p>Dank der neuesten Toika ES Computersteuerung ist das Weben noch komfortabler. Die Steuerung hebt automatisch die ausgew\u00e4hlten Sch\u00e4fte an und \u00f6ffnet das Fach. Das Kontermarsch-Fach bleibt absolut gleichm\u00e4\u00dfig, da die Computersteuerung erkennt, welche Sch\u00e4fte am weitesten vom Weber oder der Weberin entfernt sind und dies automatisch kompensiert.<\/p>\n<p>Die Toika ES Schaftmaschine bietet drei verschiedene Webmodi. Der Quick-Modus schlie\u00dft das Fach nach jedem Schuss und \u00f6ffnet mit dem n\u00e4chsten Pedaldruck das n\u00e4chste Fach. Der Slow-Modus \u00f6ffnet und schlie\u00dft das Fach mit jeweils einem Pedaldruck. Im Normal-Modus bleibt das Fach ge\u00f6ffnet, solange das Pedal gedr\u00fcckt bleibt. Zudem gibt es einen Reverse-Modus f\u00fcr das R\u00fcckw\u00e4rtsweben.<\/p>\n<p>Mit der neuen Toika ES-Serie k\u00f6nnen sich Weber und Weberinnen mehr auf die Planung von Projekten und die Gestaltung von Geweben konzentrieren, da sie Verschn\u00fcrung und Verschn\u00fcrungsfehler eliminiert.<\/p>\n<p>Die Toika ES Computersteuerung kann auf nahezu allen Toika-Handwebst\u00fchlen installiert werden, sodass jeder die Vorteile des computergest\u00fctzten Webens genie\u00dfen kann. Auch viele andere traditionelle Webst\u00fchle sind mit dem Toika ES-System kompatibel.<\/p>\n<p>Die Computer-Webst\u00fchle der Toika ES-Serie werden von Toika in h\u00f6chster Qualit\u00e4t gefertigt. Seit der Gr\u00fcndung im Jahr 1898 steht Toika weltweit f\u00fcr herausragende Innovation und Zuverl\u00e4ssigkeit. Urspr\u00fcnglich als zentraler Bestandteil der finnischen Textilindustrie gegr\u00fcndet, hat sich Toika zu einem globalen Anbieter von Webst\u00fchlen und Webzubeh\u00f6r entwickelt. Mehr als 30 Jahre Forschung, Entwicklung und Produktion der bew\u00e4hrten EW-Serie haben zur neuen, fortschrittlichen Toika ES-Serie gef\u00fchrt.<\/p>\n<p><iframe title=\"Adding Toika computer control to your Scandinavian type loom\" src=\"https:\/\/www.youtube.com\/embed\/fKSiCmX9zDo\" width=\"1140\" height=\"450\" frameborder=\"0\" allowfullscreen=\"allowfullscreen\"><\/iframe><\/p>\n<p>&nbsp;<\/p>\n<p><strong>Hier sind Kommentare von unseren Kunden:<\/strong><\/p>\n<p>\u201cIt is simple. The \u2018box\u2019 that sits on top of the loom, controlling all the shafts \u2013 I \u2018only\u2019 have 24- is an engineering marvel. There are so few moving parts and even though the \u2018slides\u2019 that activate the shafts are metal, they do not produce a harsh sound. There is a \u2018reverse\u2019 button in the cockpit that makes correcting a selvage loop faster and easier than even my 4-shaft CB \u2013 it is genius!\u201d -Kati, USA<\/p>\n<p>\u201cThe loom is working like a dream, I am very happy with my purchase! If anyone asks where to buy a loom I will recommend you.\u201d -Sarah, Great Britain<\/p>\n<p>\u201cThe ability to switch to tabby weave is so very useful at either end of each piece too. There\u2019s much more I could say but I\u2019m sure you\u2019ve heard it all before from other happy customers.\u201d -Carolyn, Great Britain<\/p>\n<p>\u201cI\u2019ve been weaving lots on my Liisa loom, I\u2019m very happy with it!\u201d -Laura, Great Britain<\/p>\n<p>\u201cSuper smoothly! am totally happy with it. I have recommended it many times.\u201d -Catarina, Great Britain<\/p>\n<p>\u201cOh we got so many beautiful patterns to weave now)))\u201d -Olga, Belarus<\/p>\n<p>\u201cLots of the woven fabrics and designs out of my workshop require the use of my computer assist loom from Toika. The work with this loom influenced my professional career peculiar positive. Thank you very much for the longtime reliable cooperation to Jukka Yrj\u00f6l\u00e4 from Toika.\u201d -Lucia, Germany<\/p>\n<p>Today I\u2019m very happy. \ud83d\ude42<br \/>\nMy parcel arrived.<br \/>\nThank you very much for your help!<br \/>\nI was very pleased to communicate with you!<br \/>\nAnd in the parcel everything is very neatly packed.<br \/>\nThere were pleasant impressions from work with you. -Irina, Ukraine<\/p>\n<h2>Installation der ES-Computersteuereinheit auf der Webmaschine<\/h2>\n<p><strong>Von vorne<\/strong><\/p>\n<p><img decoding=\"async\" class=\"alignnone wp-image-5413 size-full\" src=\"https:\/\/www.toika.com\/wp-content\/uploads\/2025\/01\/es_mounting_front2_small_de-min.png\" alt=\"\" width=\"855\" height=\"428\" srcset=\"https:\/\/www.toika.com\/wp-content\/uploads\/2025\/01\/es_mounting_front2_small_de-min.png 855w, https:\/\/www.toika.com\/wp-content\/uploads\/2025\/01\/es_mounting_front2_small_de-min-300x150.png 300w, https:\/\/www.toika.com\/wp-content\/uploads\/2025\/01\/es_mounting_front2_small_de-min-768x384.png 768w, https:\/\/www.toika.com\/wp-content\/uploads\/2025\/01\/es_mounting_front2_small_de-min-600x300.png 600w\" sizes=\"(max-width: 855px) 100vw, 855px\" \/><\/p>\n<p>&nbsp;<\/p>\n<p><strong>Flanke<\/strong><\/p>\n<p>Bei ES-Einheiten variiert nur die Tiefe je nach Arm (16, 24 oder 32 Arm).<\/p>\n<p><img decoding=\"async\" src=\"https:\/\/toika.sapartners.site\/wp-content\/uploads\/2023\/04\/es_mounting_side3_small-min.png\" alt=\"\" \/><\/p>\n<h2>Das ES-Computersteuerger\u00e4t wird in den folgenden Modellen verwendet<\/h2>\n<p><strong>Toika<\/strong><\/p>\n<p>Jaana: ES16, (Sondermodell ES24)<\/p>\n<p>Liisa: ES16, (Sondermodell ES24, ES32)<\/p>\n<p>Eeva: ES16, ES24, ES32)<\/p>\n<p><strong>Glim\u00e5kra<\/strong><\/p>\n<p>Ideal: (ES16 mit einer neuen \u00dcberlage)<\/p>\n<p>Standard: (ES16 und ES24 mit einer neuen \u00dcberlage)<\/p>\n<p><strong>\u00d6xab\u00e4ck<\/strong><\/p>\n<p>Ulla Cyrus: (ES16 und ES24 mit einer neuen \u00dcberlage)<\/p>\n<h2>Fordern Sie ein Angebot an oder fragen Sie nach dem Produkt!<\/h2>\n\n<div class=\"wpcf7 no-js\" id=\"wpcf7-f4038-o1\" lang=\"fi\" dir=\"ltr\" data-wpcf7-id=\"4038\">\n<div class=\"screen-reader-response\"><p role=\"status\" aria-live=\"polite\" aria-atomic=\"true\"><\/p> <ul><\/ul><\/div>\n<form action=\"\/de\/wp-json\/wp\/v2\/product\/2695#wpcf7-f4038-o1\" method=\"post\" class=\"wpcf7-form init\" aria-label=\"Yhteydenottolomake\" novalidate=\"novalidate\" data-status=\"init\">\n<fieldset class=\"hidden-fields-container\"><input type=\"hidden\" name=\"_wpcf7\" value=\"4038\" \/><input type=\"hidden\" name=\"_wpcf7_version\" value=\"6.1.5\" \/><input type=\"hidden\" name=\"_wpcf7_locale\" value=\"fi\" \/><input type=\"hidden\" name=\"_wpcf7_unit_tag\" value=\"wpcf7-f4038-o1\" \/><input type=\"hidden\" name=\"_wpcf7_container_post\" value=\"0\" \/><input type=\"hidden\" name=\"_wpcf7_posted_data_hash\" value=\"\" \/>\n<\/fieldset>\n<p><label> Name<br \/>\n<span class=\"wpcf7-form-control-wrap\" data-name=\"your-name\"><input size=\"40\" maxlength=\"400\" class=\"wpcf7-form-control wpcf7-text wpcf7-validates-as-required\" autocomplete=\"name\" aria-required=\"true\" aria-invalid=\"false\" value=\"\" type=\"text\" name=\"your-name\" \/><\/span> <\/label>\n<\/p>\n<p><label> Email<br \/>\n<span class=\"wpcf7-form-control-wrap\" data-name=\"your-email\"><input size=\"40\" maxlength=\"400\" class=\"wpcf7-form-control wpcf7-email wpcf7-validates-as-required wpcf7-text wpcf7-validates-as-email\" autocomplete=\"email\" aria-required=\"true\" aria-invalid=\"false\" value=\"\" type=\"email\" name=\"your-email\" \/><\/span> <\/label>\n<\/p>\n<p><label> Staat<br \/>\n<span class=\"wpcf7-form-control-wrap\" data-name=\"Maa\"><input size=\"40\" maxlength=\"400\" class=\"wpcf7-form-control wpcf7-text\" aria-invalid=\"false\" value=\"\" type=\"text\" name=\"Maa\" \/><\/span> <\/label>\n<\/p>\n<p><label> Stadt<br \/>\n<span class=\"wpcf7-form-control-wrap\" data-name=\"kaupunki\"><input size=\"40\" maxlength=\"400\" class=\"wpcf7-form-control wpcf7-text\" aria-invalid=\"false\" value=\"\" type=\"text\" name=\"kaupunki\" \/><\/span> <\/label>\n<\/p>\n<p><label> Schafte<br \/>\n<span class=\"wpcf7-form-control-wrap\" data-name=\"Varret\"><select class=\"wpcf7-form-control wpcf7-select\" aria-invalid=\"false\" name=\"Varret\"><option value=\"ES16\">ES16<\/option><option value=\"ES24\">ES24<\/option><option value=\"ES32\">ES32<\/option><\/select><\/span><\/label>\n<\/p>\n<p><label> Nachricht<br \/>\n<span class=\"wpcf7-form-control-wrap\" data-name=\"viesti\"><textarea cols=\"40\" rows=\"10\" maxlength=\"2000\" class=\"wpcf7-form-control wpcf7-textarea\" aria-invalid=\"false\" name=\"viesti\"><\/textarea><\/span><\/label>\n<\/p>\n<p><input class=\"wpcf7-form-control wpcf7-submit has-spinner\" type=\"submit\" value=\"Schicken\" \/>\n<\/p><div class=\"wpcf7-response-output\" aria-hidden=\"true\"><\/div>\n<\/form>\n<\/div>\n\n","protected":false},"excerpt":{"rendered":"<p>Entdecke die neue ES+ Steuereinheit! Die brandneue ES+ Steuereinheit er\u00f6ffnet spannende M\u00f6glichkeiten, die Kontrolle zu \u00fcbernehmen wie nie zuvor.\u00a0Intelligente Steuerung \u00fcber WLAN: Verwalte WIF-Formate ganz einfach direkt von deinem Smartger\u00e4t. Verbesserte Benutzerfreundlichkeit: Schlie\u00dfe ein externes Display und eine kabellose Maus an f\u00fcr ein reibungsloses, desktop\u00e4hnliches Erlebnis. Flexible Modellhandhabung: Importiere und speichere WIF-Formate m\u00fchelos mit einem [&hellip;]<\/p>\n","protected":false},"featured_media":4234,"comment_status":"open","ping_status":"closed","template":"","meta":{"_acf_changed":false,"inline_featured_image":false},"product_brand":[],"product_cat":[96,116,120],"product_tag":[],"class_list":{"0":"post-2695","1":"product","2":"type-product","3":"status-publish","4":"has-post-thumbnail","6":"product_cat-handwerk","7":"product_cat-weben-de","8":"product_cat-webstuhle","10":"first","11":"instock","12":"shipping-taxable","13":"product-type-simple"},"acf":[],"_links":{"self":[{"href":"https:\/\/www.toika.com\/de\/wp-json\/wp\/v2\/product\/2695","targetHints":{"allow":["GET"]}}],"collection":[{"href":"https:\/\/www.toika.com\/de\/wp-json\/wp\/v2\/product"}],"about":[{"href":"https:\/\/www.toika.com\/de\/wp-json\/wp\/v2\/types\/product"}],"replies":[{"embeddable":true,"href":"https:\/\/www.toika.com\/de\/wp-json\/wp\/v2\/comments?post=2695"}],"wp:featuredmedia":[{"embeddable":true,"href":"https:\/\/www.toika.com\/de\/wp-json\/wp\/v2\/media\/4234"}],"wp:attachment":[{"href":"https:\/\/www.toika.com\/de\/wp-json\/wp\/v2\/media?parent=2695"}],"wp:term":[{"taxonomy":"product_brand","embeddable":true,"href":"https:\/\/www.toika.com\/de\/wp-json\/wp\/v2\/product_brand?post=2695"},{"taxonomy":"product_cat","embeddable":true,"href":"https:\/\/www.toika.com\/de\/wp-json\/wp\/v2\/product_cat?post=2695"},{"taxonomy":"product_tag","embeddable":true,"href":"https:\/\/www.toika.com\/de\/wp-json\/wp\/v2\/product_tag?post=2695"}],"curies":[{"name":"wp","href":"https:\/\/api.w.org\/{rel}","templated":true}]}}