{"id":2699,"date":"2023-04-13T07:59:59","date_gmt":"2023-04-13T07:59:59","guid":{"rendered":"https:\/\/toika.sapartners.site\/product\/eeva-kangaspuut\/"},"modified":"2025-01-28T07:03:39","modified_gmt":"2025-01-28T07:03:39","slug":"eeva","status":"publish","type":"product","link":"https:\/\/www.toika.com\/de\/produkt\/eeva\/","title":{"rendered":"Eeva"},"content":{"rendered":"<p>Eeva ist ein gro\u00dfer traditioneller skandinavischer Webstuhl f\u00fcr Gewebe aller Art, von leichten transparenten Stoffen bis zu schweren Teppichen. Eeva ist normalerweise ausgestattet mit einer H\u00e4ngelade, aber eine Standlade kann auch bestellt werden. Eeva ist am popul\u00e4rsten als Kontermarsch-Webstuhl, aber er kann auch als Rollenzug ausger\u00fcstet werden. Die gro\u00dfe Seiten\u00f6ffnung macht das B\u00e4umen und Verschn\u00fcren einfach.<\/p>\n<p>Eine zus\u00e4tzliche Option ist ein Zahnrad-System, das die Kontrolle der Kettspannung und das Nachlassen erlaubt, ohne von der Webbank aufzustehen. Der Kettbaum kann komplett mit Halterungen aus dem Eeva-Webstuhl gehoben werden, ohne den Webstuhl auseinandernehmen zu m\u00fcssen.<\/p>\n<p>Eeva ist lieferbar in den Webbreiten 80, 100, 120 und 150 cm. Eeva kann ausgestattet werden mit 4, 8 oder 12 Sch\u00e4ften (16 auf Anfrage). Normalerweise ist die Anzahl der Tritte gleich wie die Zahl der Sch\u00e4fte, aber eine andere Anzahl von Tritten ist auch m\u00f6glich.<\/p>\n<p>Eeva kann ausgestattet werden sowohl mit einer Computersteuerung, einem zweiten Kettbaum und Schnellschuss.<\/p>\n<p><u>Dimensionen und Gewicht<\/u><\/p>\n<div>\n<table border=\"0\" align=\"left\">\n<tbody>\n<tr>\n<td><strong>Arbeitsbreite <\/strong><\/td>\n<td><strong>Gesamtbreite <\/strong><\/td>\n<td><strong>Gewicht<\/strong><\/td>\n<\/tr>\n<tr>\n<td>80 cm<\/td>\n<td>117 cm<\/td>\n<td>100 kg<\/td>\n<\/tr>\n<tr>\n<td>100 cm<\/td>\n<td>137 cm<\/td>\n<td>110 kg<\/td>\n<\/tr>\n<tr>\n<td>120 cm<\/td>\n<td>157 cm<\/td>\n<td>120 kg<\/td>\n<\/tr>\n<tr>\n<td>150 cm<\/td>\n<td>187 cm<\/td>\n<td>130 kg<\/td>\n<\/tr>\n<tr>\n<td><strong>H\u00f6he<\/strong><\/td>\n<td><strong>Tiefe<\/strong><\/td>\n<td><strong>Tiefe mit Hocker<\/strong><\/td>\n<\/tr>\n<tr>\n<td>170 cm<\/td>\n<td>150 cm<\/td>\n<td>185 cm<\/td>\n<\/tr>\n<\/tbody>\n<\/table>\n<\/div>\n<p>Fordern Sie ein Angebot an oder fragen Sie nach dem Produkt!<\/p>\n\n<div class=\"wpcf7 no-js\" id=\"wpcf7-f5907-o1\" lang=\"fi\" dir=\"ltr\" data-wpcf7-id=\"5907\">\n<div class=\"screen-reader-response\"><p role=\"status\" aria-live=\"polite\" aria-atomic=\"true\"><\/p> <ul><\/ul><\/div>\n<form action=\"\/de\/wp-json\/wp\/v2\/product\/2699#wpcf7-f5907-o1\" method=\"post\" class=\"wpcf7-form init\" aria-label=\"Yhteydenottolomake\" novalidate=\"novalidate\" data-status=\"init\">\n<fieldset class=\"hidden-fields-container\"><input type=\"hidden\" name=\"_wpcf7\" value=\"5907\" \/><input type=\"hidden\" name=\"_wpcf7_version\" value=\"6.1.5\" \/><input type=\"hidden\" name=\"_wpcf7_locale\" value=\"fi\" \/><input type=\"hidden\" name=\"_wpcf7_unit_tag\" value=\"wpcf7-f5907-o1\" \/><input type=\"hidden\" name=\"_wpcf7_container_post\" value=\"0\" \/><input type=\"hidden\" name=\"_wpcf7_posted_data_hash\" value=\"\" \/>\n<\/fieldset>\n<p><label> Name<br \/>\n<span class=\"wpcf7-form-control-wrap\" data-name=\"your-name\"><input size=\"40\" maxlength=\"400\" class=\"wpcf7-form-control wpcf7-text wpcf7-validates-as-required\" autocomplete=\"name\" aria-required=\"true\" aria-invalid=\"false\" value=\"\" type=\"text\" name=\"your-name\" \/><\/span> <\/label>\n<\/p>\n<p><label> Email<br \/>\n<span class=\"wpcf7-form-control-wrap\" data-name=\"your-email\"><input size=\"40\" maxlength=\"400\" class=\"wpcf7-form-control wpcf7-email wpcf7-validates-as-required wpcf7-text wpcf7-validates-as-email\" autocomplete=\"email\" aria-required=\"true\" aria-invalid=\"false\" value=\"\" type=\"email\" name=\"your-email\" \/><\/span> <\/label>\n<\/p>\n<p><label> Stadt<br \/>\n<span class=\"wpcf7-form-control-wrap\" data-name=\"text-706\"><input size=\"40\" maxlength=\"400\" class=\"wpcf7-form-control wpcf7-text\" aria-invalid=\"false\" value=\"\" type=\"text\" name=\"text-706\" \/><\/span> <\/label>\n<\/p>\n<p><label> Webbreite<br \/>\n<span class=\"wpcf7-form-control-wrap\" data-name=\"menu-235\"><select class=\"wpcf7-form-control wpcf7-select\" aria-invalid=\"false\" name=\"menu-235\"><option value=\"80 cm\">80 cm<\/option><option value=\"100 cm\">100 cm<\/option><option value=\"120 cm\">120 cm<\/option><option value=\"150 cm\">150 cm<\/option><\/select><\/span> <\/label>\n<\/p>\n<p><label> Sch\u00e4fte<br \/>\n<span class=\"wpcf7-form-control-wrap\" data-name=\"menu-12\"><select class=\"wpcf7-form-control wpcf7-select\" aria-invalid=\"false\" name=\"menu-12\"><option value=\"ES16\">ES16<\/option><option value=\"ES24\">ES24<\/option><option value=\"ES32\">ES32<\/option><option value=\"Traditional - 4 Shaft\">Traditional - 4 Shaft<\/option><option value=\"Traditional - 8 Shaft\">Traditional - 8 Shaft<\/option><option value=\"Traditional - 16 Shaft\">Traditional - 16 Shaft<\/option><\/select><\/span><\/label>\n<\/p>\n<p><label> Nachricht<br \/>\n<span class=\"wpcf7-form-control-wrap\" data-name=\"textarea-254\"><textarea cols=\"40\" rows=\"10\" maxlength=\"2000\" class=\"wpcf7-form-control wpcf7-textarea\" aria-invalid=\"false\" name=\"textarea-254\"><\/textarea><\/span><\/label>\n<\/p>\n<p><input class=\"wpcf7-form-control wpcf7-submit has-spinner\" type=\"submit\" value=\"Schicken\" \/>\n<\/p><div class=\"wpcf7-response-output\" aria-hidden=\"true\"><\/div>\n<\/form>\n<\/div>\n\n","protected":false},"excerpt":{"rendered":"<p>EEVA-Webst\u00fchle repr\u00e4sentieren die skandinavische Webtradition. Sie erkennen sie an der gro\u00dfen T\u00fcr\u00f6ffnung in den Seitenbalken, durch die man bequem ins Innere der Webst\u00fchle gelangen und Schn\u00fcre binden kann. Wie die Liisa-Stoffb\u00e4ume eignet sich Eeva f\u00fcr alle Webarten, von leichten bis zu gewebten Teppichen.<\/p>\n","protected":false},"featured_media":2028,"comment_status":"open","ping_status":"closed","template":"","meta":{"_acf_changed":false,"inline_featured_image":false},"product_brand":[],"product_cat":[96,120],"product_tag":[],"class_list":{"0":"post-2699","1":"product","2":"type-product","3":"status-publish","4":"has-post-thumbnail","6":"product_cat-handwerk","7":"product_cat-webstuhle","9":"first","10":"instock","11":"shipping-taxable","12":"product-type-simple"},"acf":[],"_links":{"self":[{"href":"https:\/\/www.toika.com\/de\/wp-json\/wp\/v2\/product\/2699","targetHints":{"allow":["GET"]}}],"collection":[{"href":"https:\/\/www.toika.com\/de\/wp-json\/wp\/v2\/product"}],"about":[{"href":"https:\/\/www.toika.com\/de\/wp-json\/wp\/v2\/types\/product"}],"replies":[{"embeddable":true,"href":"https:\/\/www.toika.com\/de\/wp-json\/wp\/v2\/comments?post=2699"}],"wp:featuredmedia":[{"embeddable":true,"href":"https:\/\/www.toika.com\/de\/wp-json\/wp\/v2\/media\/2028"}],"wp:attachment":[{"href":"https:\/\/www.toika.com\/de\/wp-json\/wp\/v2\/media?parent=2699"}],"wp:term":[{"taxonomy":"product_brand","embeddable":true,"href":"https:\/\/www.toika.com\/de\/wp-json\/wp\/v2\/product_brand?post=2699"},{"taxonomy":"product_cat","embeddable":true,"href":"https:\/\/www.toika.com\/de\/wp-json\/wp\/v2\/product_cat?post=2699"},{"taxonomy":"product_tag","embeddable":true,"href":"https:\/\/www.toika.com\/de\/wp-json\/wp\/v2\/product_tag?post=2699"}],"curies":[{"name":"wp","href":"https:\/\/api.w.org\/{rel}","templated":true}]}}