{"id":2703,"date":"2023-04-12T12:25:29","date_gmt":"2023-04-12T12:25:29","guid":{"rendered":"https:\/\/toika.sapartners.site\/product\/anni-tyopajapuut\/"},"modified":"2024-04-23T08:53:49","modified_gmt":"2024-04-23T08:53:49","slug":"anni-workshop-webstuhl","status":"publish","type":"product","link":"https:\/\/www.toika.com\/de\/produkt\/anni-workshop-webstuhl\/","title":{"rendered":"Anni Workshop Webstuhl"},"content":{"rendered":"<p>Die einfach zu verwendenden Anni-Werkstattb\u00e4ume eignen sich hervorragend f\u00fcr erste B\u00e4ume! Man kann damit viele Arten von leichten Textilien weben. Sie lassen sich zusammenfalten und passen in einen kleinen Raum. Die R\u00e4der an den Hinterbeinen erleichtern den Transport. Bei Werkstattb\u00e4umen werden \u00fcbliche 28 cm lange Nylonseile verwendet. Sie k\u00f6nnen es ganz einfach mit zwei Schn\u00fcren festbinden, indem Sie die Spie\u00dfe mit den Wegen verbinden.<\/p>\n<p><video controls=\"controls\" width=\"320\" height=\"240\"><source src=\"https:\/\/toika.sapartners.site\/wp-content\/uploads\/2023\/04\/Y2Mate.is-Anni-tyopajapuiden-kudontakuntoon-laittaminen-3mOU-CqySI-360p-1655133982108.mp4\" type=\"video\/mp4\"><\/source><\/video><\/p>\n<p>Technische Information<br \/>\nHebelstoffb\u00e4ume<br \/>\nArbeitsbreite; 55 cm<br \/>\nAnzahl der Stiele: 2<br \/>\nAnzahl der Wege: 2<br \/>\nH\u00f6he: 108 cm<br \/>\nStapelh\u00f6he: 120 cm<br \/>\nTiefe: 83 cm<br \/>\nTiefe gestapelt: 32 cm<br \/>\nGewicht: 16 kg<\/p>\n","protected":false},"excerpt":{"rendered":"<p>Die einfach zu verwendenden Anni-Werkstattb\u00e4ume eignen sich hervorragend f\u00fcr erste B\u00e4ume! Man kann damit viele Arten von leichten Textilien weben. Sie lassen sich zusammenfalten und passen in einen kleinen Raum. Die R\u00e4der an den Hinterbeinen erleichtern den Transport. Bei Werkstattb\u00e4umen werden \u00fcbliche 28 cm lange Nylonseile verwendet. Sie k\u00f6nnen es ganz einfach mit zwei Schn\u00fcren [&hellip;]<\/p>\n","protected":false},"featured_media":2012,"comment_status":"open","ping_status":"closed","template":"","meta":{"_acf_changed":false,"inline_featured_image":false},"product_brand":[],"product_cat":[96,120],"product_tag":[],"class_list":{"0":"post-2703","1":"product","2":"type-product","3":"status-publish","4":"has-post-thumbnail","6":"product_cat-handwerk","7":"product_cat-webstuhle","9":"first","10":"instock","11":"shipping-taxable","12":"product-type-simple"},"acf":[],"_links":{"self":[{"href":"https:\/\/www.toika.com\/de\/wp-json\/wp\/v2\/product\/2703","targetHints":{"allow":["GET"]}}],"collection":[{"href":"https:\/\/www.toika.com\/de\/wp-json\/wp\/v2\/product"}],"about":[{"href":"https:\/\/www.toika.com\/de\/wp-json\/wp\/v2\/types\/product"}],"replies":[{"embeddable":true,"href":"https:\/\/www.toika.com\/de\/wp-json\/wp\/v2\/comments?post=2703"}],"wp:featuredmedia":[{"embeddable":true,"href":"https:\/\/www.toika.com\/de\/wp-json\/wp\/v2\/media\/2012"}],"wp:attachment":[{"href":"https:\/\/www.toika.com\/de\/wp-json\/wp\/v2\/media?parent=2703"}],"wp:term":[{"taxonomy":"product_brand","embeddable":true,"href":"https:\/\/www.toika.com\/de\/wp-json\/wp\/v2\/product_brand?post=2703"},{"taxonomy":"product_cat","embeddable":true,"href":"https:\/\/www.toika.com\/de\/wp-json\/wp\/v2\/product_cat?post=2703"},{"taxonomy":"product_tag","embeddable":true,"href":"https:\/\/www.toika.com\/de\/wp-json\/wp\/v2\/product_tag?post=2703"}],"curies":[{"name":"wp","href":"https:\/\/api.w.org\/{rel}","templated":true}]}}