{"id":2763,"date":"2023-04-12T11:31:49","date_gmt":"2023-04-12T11:31:49","guid":{"rendered":"https:\/\/toika.sapartners.site\/product\/pelivaunu-tk284\/"},"modified":"2024-12-29T15:34:12","modified_gmt":"2024-12-29T15:34:12","slug":"pelivaunu-tk284","status":"publish","type":"product","link":"https:\/\/www.toika.com\/de\/produkt\/pelivaunu-tk284\/","title":{"rendered":"Pelivaunu TK284"},"content":{"rendered":"<p>TK284 on k\u00e4tev\u00e4 2-puoleinen vaunu peleille ja kirjoille. Toisella puolella on pystytasot, joita tukevat metallitangot. T\u00e4h\u00e4n on helppo koota kirjat ja pelit pystyasentoon. Toisella puolella on 3 tilavaa hyllytasoa. Vaunu on lakattua massiivikoivua.<\/p>\n<li>Koko (L x S x K): 63,5 x 40 x 72,9 cm, py\u00f6r\u00e4t alla<\/li>\n","protected":false},"excerpt":{"rendered":"<p>TK284 on k\u00e4tev\u00e4 2-puoleinen vaunu peleille ja kirjoille. Toisella puolella on pystytasot, joita tukevat metallitangot. T\u00e4h\u00e4n on helppo koota kirjat ja pelit pystyasentoon. Toisella puolella on 3 tilavaa hyllytasoa. Vaunu on lakattua massiivikoivua. Koko (L x S x K): 63,5 x 40 x 72,9 cm, py\u00f6r\u00e4t alla<\/p>\n","protected":false},"featured_media":6017,"comment_status":"open","ping_status":"closed","template":"","meta":{"_acf_changed":false,"inline_featured_image":false},"product_brand":[],"product_cat":[129,140],"product_tag":[],"class_list":{"0":"post-2763","1":"product","2":"type-product","3":"status-publish","4":"has-post-thumbnail","6":"product_cat-kalusteet-de","7":"product_cat-vaunut-de","9":"first","10":"instock","11":"shipping-taxable","12":"product-type-simple"},"acf":[],"_links":{"self":[{"href":"https:\/\/www.toika.com\/de\/wp-json\/wp\/v2\/product\/2763","targetHints":{"allow":["GET"]}}],"collection":[{"href":"https:\/\/www.toika.com\/de\/wp-json\/wp\/v2\/product"}],"about":[{"href":"https:\/\/www.toika.com\/de\/wp-json\/wp\/v2\/types\/product"}],"replies":[{"embeddable":true,"href":"https:\/\/www.toika.com\/de\/wp-json\/wp\/v2\/comments?post=2763"}],"wp:featuredmedia":[{"embeddable":true,"href":"https:\/\/www.toika.com\/de\/wp-json\/wp\/v2\/media\/6017"}],"wp:attachment":[{"href":"https:\/\/www.toika.com\/de\/wp-json\/wp\/v2\/media?parent=2763"}],"wp:term":[{"taxonomy":"product_brand","embeddable":true,"href":"https:\/\/www.toika.com\/de\/wp-json\/wp\/v2\/product_brand?post=2763"},{"taxonomy":"product_cat","embeddable":true,"href":"https:\/\/www.toika.com\/de\/wp-json\/wp\/v2\/product_cat?post=2763"},{"taxonomy":"product_tag","embeddable":true,"href":"https:\/\/www.toika.com\/de\/wp-json\/wp\/v2\/product_tag?post=2763"}],"curies":[{"name":"wp","href":"https:\/\/api.w.org\/{rel}","templated":true}]}}