{"id":2779,"date":"2023-04-12T08:03:49","date_gmt":"2023-04-12T08:03:49","guid":{"rendered":"https:\/\/toika.sapartners.site\/product\/liinavaatekaappi-tk333\/"},"modified":"2024-12-29T15:27:04","modified_gmt":"2024-12-29T15:27:04","slug":"liinavaatekaappi-tk333","status":"publish","type":"product","link":"https:\/\/www.toika.com\/de\/produkt\/liinavaatekaappi-tk333\/","title":{"rendered":"Liinavaatekaappi TK333"},"content":{"rendered":"<p>K\u00e4tev\u00e4 liinavaatekaappi kaappis\u00e4ngyn viereen. Kaappi valkoista melamiinia ja ovi korkeapainelaminaattia. 6 Hyllytasoa, 4 s\u00e4\u00e4dett\u00e4v\u00e4\u00e4. Yhdell\u00e4 tai kahdella ovella. Runkoon on asennettu helposti ja monipuolisesti s\u00e4\u00e4dett\u00e4v\u00e4t jalat. S\u00e4\u00e4t\u00f6jalat mahdollistavat kaappien asennuksen my\u00f6s kalteville lattiapinnoille ja est\u00e4v\u00e4t lattialla olevan kosteuden siirtymisen runkoon. Sokkeli on kylkien tasalla, mik\u00e4 helpottaa siivousta. Alin hylly on korotettuna lattiasta, mik\u00e4 est\u00e4\u00e4 lian kulkeutumista kaappiin. Kaapin pohjassa on tuuletusrei\u00e4t ja katossa tuuletusaukko, jotka mahdollista ilmankierron oven ollessa kiinni.<\/p>\n<li>Kaapin mitat (L x S x K): 350 x 400 (+ ovi) x 2318 mm.<\/li>\n<p>Kaappi on mahdollista tilata my\u00f6s leveyksill\u00e4. Kiinnityskorkeus on 2273 mm lattiasta.<\/p>\n<p>Suunnittelija, lataa t\u00e4st\u00e4 dwg-kuva tai dxf-kuva!<\/p>\n<p>Toikan v\u00e4rimallisto<br \/>\nValitse oven korkeapainelaminaatti vakiov\u00e4reist\u00e4mme.<\/p>\n<p><img decoding=\"async\" src=\"https:\/\/toika.sapartners.site\/wp-content\/uploads\/2023\/04\/varimallisto_korkeapainelaminaatit1001-min-1.png\" alt=\"\" \/><\/p>\n","protected":false},"excerpt":{"rendered":"<p>K\u00e4tev\u00e4 liinavaatekaappi kaappis\u00e4ngyn viereen. Kaappi valkoista melamiinia ja ovi korkeapainelaminaattia. 6 Hyllytasoa, 4 s\u00e4\u00e4dett\u00e4v\u00e4\u00e4. Yhdell\u00e4 tai kahdella ovella. Runkoon on asennettu helposti ja monipuolisesti s\u00e4\u00e4dett\u00e4v\u00e4t jalat. S\u00e4\u00e4t\u00f6jalat mahdollistavat kaappien asennuksen my\u00f6s kalteville lattiapinnoille ja est\u00e4v\u00e4t lattialla olevan kosteuden siirtymisen runkoon. Sokkeli on kylkien tasalla, mik\u00e4 helpottaa siivousta. Alin hylly on korotettuna lattiasta, mik\u00e4 est\u00e4\u00e4 lian [&hellip;]<\/p>\n","protected":false},"featured_media":1820,"comment_status":"open","ping_status":"closed","template":"","meta":{"_acf_changed":false,"inline_featured_image":false},"product_brand":[],"product_cat":[129,148],"product_tag":[],"class_list":{"0":"post-2779","1":"product","2":"type-product","3":"status-publish","4":"has-post-thumbnail","6":"product_cat-kalusteet-de","7":"product_cat-sangyt-ja-kaapit-de","9":"first","10":"instock","11":"shipping-taxable","12":"product-type-simple"},"acf":[],"_links":{"self":[{"href":"https:\/\/www.toika.com\/de\/wp-json\/wp\/v2\/product\/2779","targetHints":{"allow":["GET"]}}],"collection":[{"href":"https:\/\/www.toika.com\/de\/wp-json\/wp\/v2\/product"}],"about":[{"href":"https:\/\/www.toika.com\/de\/wp-json\/wp\/v2\/types\/product"}],"replies":[{"embeddable":true,"href":"https:\/\/www.toika.com\/de\/wp-json\/wp\/v2\/comments?post=2779"}],"wp:featuredmedia":[{"embeddable":true,"href":"https:\/\/www.toika.com\/de\/wp-json\/wp\/v2\/media\/1820"}],"wp:attachment":[{"href":"https:\/\/www.toika.com\/de\/wp-json\/wp\/v2\/media?parent=2779"}],"wp:term":[{"taxonomy":"product_brand","embeddable":true,"href":"https:\/\/www.toika.com\/de\/wp-json\/wp\/v2\/product_brand?post=2779"},{"taxonomy":"product_cat","embeddable":true,"href":"https:\/\/www.toika.com\/de\/wp-json\/wp\/v2\/product_cat?post=2779"},{"taxonomy":"product_tag","embeddable":true,"href":"https:\/\/www.toika.com\/de\/wp-json\/wp\/v2\/product_tag?post=2779"}],"curies":[{"name":"wp","href":"https:\/\/api.w.org\/{rel}","templated":true}]}}