{"id":2811,"date":"2023-04-12T07:32:36","date_gmt":"2023-04-12T07:32:36","guid":{"rendered":"https:\/\/toika.sapartners.site\/product\/lasten-kerrossanky-tk311-tk315\/"},"modified":"2024-12-29T15:26:33","modified_gmt":"2024-12-29T15:26:33","slug":"lasten-kerrossanky-tk311-tk315","status":"publish","type":"product","link":"https:\/\/www.toika.com\/de\/produkt\/lasten-kerrossanky-tk311-tk315\/","title":{"rendered":"Lasten kerross\u00e4nky TK311-TK315"},"content":{"rendered":"<p>Ajaton, kaunis ja tilaa s\u00e4\u00e4st\u00e4v\u00e4 kaluste. Keski- ja pikkus\u00e4ngyiss\u00e4 on py\u00f6r\u00e4t takana ja liukunastat edess\u00e4. Materiaali on vanerista pohjalevy\u00e4 lukuun ottamatta lakattua massiivikoivua. Yl\u00e4- ja alas\u00e4ngyss\u00e4 vakiona turvalaita. Ala-, keski- ja pikkus\u00e4nky TK311-TK313 muodostavat k\u00e4tev\u00e4n sarjas\u00e4nkykokonaisuuden.<\/p>\n<p>Iso alas\u00e4nky TK311 (P x L x K): 1450 x 720 x 770 mm<br \/>\nKeskis\u00e4nky TK312 (P x L x K): 1340 x 720 x 380 mm<br \/>\nPikkus\u00e4nky TK313 (P x L x K): 1250 x 720 x 210 mm<br \/>\nYl\u00e4s\u00e4nky TK314 (P x L x K): 1450 x 720 x 1540 mm<br \/>\nTikas TK315<\/p>\n","protected":false},"excerpt":{"rendered":"<p>Ajaton, kaunis ja tilaa s\u00e4\u00e4st\u00e4v\u00e4 kaluste. Keski- ja pikkus\u00e4ngyiss\u00e4 on py\u00f6r\u00e4t takana ja liukunastat edess\u00e4. Materiaali on vanerista pohjalevy\u00e4 lukuun ottamatta lakattua massiivikoivua. Yl\u00e4- ja alas\u00e4ngyss\u00e4 vakiona turvalaita. Ala-, keski- ja pikkus\u00e4nky TK311-TK313 muodostavat k\u00e4tev\u00e4n sarjas\u00e4nkykokonaisuuden. Iso alas\u00e4nky TK311 (P x L x K): 1450 x 720 x 770 mm Keskis\u00e4nky TK312 (P x L [&hellip;]<\/p>\n","protected":false},"featured_media":1728,"comment_status":"open","ping_status":"closed","template":"","meta":{"_acf_changed":false,"inline_featured_image":false},"product_brand":[],"product_cat":[129,148],"product_tag":[],"class_list":{"0":"post-2811","1":"product","2":"type-product","3":"status-publish","4":"has-post-thumbnail","6":"product_cat-kalusteet-de","7":"product_cat-sangyt-ja-kaapit-de","9":"first","10":"instock","11":"shipping-taxable","12":"product-type-simple"},"acf":[],"_links":{"self":[{"href":"https:\/\/www.toika.com\/de\/wp-json\/wp\/v2\/product\/2811","targetHints":{"allow":["GET"]}}],"collection":[{"href":"https:\/\/www.toika.com\/de\/wp-json\/wp\/v2\/product"}],"about":[{"href":"https:\/\/www.toika.com\/de\/wp-json\/wp\/v2\/types\/product"}],"replies":[{"embeddable":true,"href":"https:\/\/www.toika.com\/de\/wp-json\/wp\/v2\/comments?post=2811"}],"wp:featuredmedia":[{"embeddable":true,"href":"https:\/\/www.toika.com\/de\/wp-json\/wp\/v2\/media\/1728"}],"wp:attachment":[{"href":"https:\/\/www.toika.com\/de\/wp-json\/wp\/v2\/media?parent=2811"}],"wp:term":[{"taxonomy":"product_brand","embeddable":true,"href":"https:\/\/www.toika.com\/de\/wp-json\/wp\/v2\/product_brand?post=2811"},{"taxonomy":"product_cat","embeddable":true,"href":"https:\/\/www.toika.com\/de\/wp-json\/wp\/v2\/product_cat?post=2811"},{"taxonomy":"product_tag","embeddable":true,"href":"https:\/\/www.toika.com\/de\/wp-json\/wp\/v2\/product_tag?post=2811"}],"curies":[{"name":"wp","href":"https:\/\/api.w.org\/{rel}","templated":true}]}}