{"id":2815,"date":"2023-04-05T08:01:13","date_gmt":"2023-04-05T08:01:13","guid":{"rendered":"https:\/\/toika.sapartners.site\/product\/lasten-kaappisanky-tk331\/"},"modified":"2024-12-29T15:25:53","modified_gmt":"2024-12-29T15:25:53","slug":"lasten-kaappisanky-tk331","status":"publish","type":"product","link":"https:\/\/www.toika.com\/de\/produkt\/lasten-kaappisanky-tk331\/","title":{"rendered":"Lasten kaappis\u00e4nky TK331"},"content":{"rendered":"<p>Tilaa s\u00e4\u00e4st\u00e4v\u00e4n kaapin materiaali on joko valkoista melamiinia tai korkeapainelaminaattia. S\u00e4ngyt ovat lakattua massiivikoivua ja pohjat rei\u2019itetty\u00e4 koivuvaneria. Kaappi toimitetaan koottuna ovi erill\u00e4\u00e4n. Kaappis\u00e4nky TK331 t\u00e4ytt\u00e4\u00e4 standardin SFS-EN 1129-1 turvallisuusvaatimukset. Kaasujouset kevent\u00e4v\u00e4t s\u00e4ngyn nostoa ja laskua. S\u00e4ngyn nousevat tikkaat muodostavat yl\u00e4asennossa turvalaidan yl\u00e4s\u00e4ngyn p\u00e4\u00e4tyyn. Yl\u00e4s\u00e4ngyss\u00e4 on sivuilla turvalaidat ja alas\u00e4ngyss\u00e4 vier\u00e4ht\u00e4missuojat. S\u00e4nkyjen yl\u00e4asennossa on automaattinen turvalukitus. Alas\u00e4nky on saatavissa piment\u00e4v\u00e4ll\u00e4 verholla. Toikan kaappis\u00e4ngyiss\u00e4 on innovatiivinen kolkutuksenestolaite, joka lukitsee oven automaattisesti s\u00e4ngyn laitaan.<\/p>\n<p><video playsinline=\"true\" width=\"100%\" style=\"object-fit: cover;\" autoplay=\"true\" muted=\"true\" loop=\"true\" preload=\"auto\" controls=\"1\"><source src=\"https:\/\/toika.sapartners.site\/wp-content\/uploads\/2023\/04\/Kolkutuksenestolaite-1.mp4\" type=\"video\/mp4\">Sorry, your browser doesn&#8217;t support embedded videos.<\/video><\/p>\n<p>Kaapin mitat (L x S x K): 700 x 400 (+ ovi) x 2318 mm<br \/>\nPatjan koko (P x L): 1400 x 550 mm<br \/>\nKiinnityskorkeudet ovat 761 ja 2273 mm lattiasta.<\/p>\n<p>Tutustu kaappis\u00e4ngyn ominaisuksiin lataamalla tuotekortti!<\/p>\n<p>Suunnittelija, lataa t\u00e4st\u00e4 dwg-kuva tai dxf-kuva!<\/p>\n<p>Toikan v\u00e4rimallisto<br \/>\nValitse oven korkeapainelaminaatti vakiov\u00e4reist\u00e4mme.<\/p>\n<p><img decoding=\"async\" src=\"https:\/\/toika.sapartners.site\/wp-content\/uploads\/2023\/04\/varimallisto_korkeapainelaminaatit1001-min-1.png\" alt=\"\" \/><\/p>\n","protected":false},"excerpt":{"rendered":"<p>Tilaa s\u00e4\u00e4st\u00e4v\u00e4n kaapin materiaali on joko valkoista melamiinia tai korkeapainelaminaattia. S\u00e4ngyt ovat lakattua massiivikoivua ja pohjat rei\u2019itetty\u00e4 koivuvaneria. Kaappi toimitetaan koottuna ovi erill\u00e4\u00e4n. Kaappis\u00e4nky TK331 t\u00e4ytt\u00e4\u00e4 standardin SFS-EN 1129-1 turvallisuusvaatimukset. Kaasujouset kevent\u00e4v\u00e4t s\u00e4ngyn nostoa ja laskua. S\u00e4ngyn nousevat tikkaat muodostavat yl\u00e4asennossa turvalaidan yl\u00e4s\u00e4ngyn p\u00e4\u00e4tyyn. Yl\u00e4s\u00e4ngyss\u00e4 on sivuilla turvalaidat ja alas\u00e4ngyss\u00e4 vier\u00e4ht\u00e4missuojat. S\u00e4nkyjen yl\u00e4asennossa on automaattinen [&hellip;]<\/p>\n","protected":false},"featured_media":4080,"comment_status":"open","ping_status":"closed","template":"","meta":{"_acf_changed":false,"inline_featured_image":false},"product_brand":[],"product_cat":[129,148],"product_tag":[],"class_list":{"0":"post-2815","1":"product","2":"type-product","3":"status-publish","4":"has-post-thumbnail","6":"product_cat-kalusteet-de","7":"product_cat-sangyt-ja-kaapit-de","9":"first","10":"instock","11":"shipping-taxable","12":"product-type-simple"},"acf":[],"_links":{"self":[{"href":"https:\/\/www.toika.com\/de\/wp-json\/wp\/v2\/product\/2815","targetHints":{"allow":["GET"]}}],"collection":[{"href":"https:\/\/www.toika.com\/de\/wp-json\/wp\/v2\/product"}],"about":[{"href":"https:\/\/www.toika.com\/de\/wp-json\/wp\/v2\/types\/product"}],"replies":[{"embeddable":true,"href":"https:\/\/www.toika.com\/de\/wp-json\/wp\/v2\/comments?post=2815"}],"wp:featuredmedia":[{"embeddable":true,"href":"https:\/\/www.toika.com\/de\/wp-json\/wp\/v2\/media\/4080"}],"wp:attachment":[{"href":"https:\/\/www.toika.com\/de\/wp-json\/wp\/v2\/media?parent=2815"}],"wp:term":[{"taxonomy":"product_brand","embeddable":true,"href":"https:\/\/www.toika.com\/de\/wp-json\/wp\/v2\/product_brand?post=2815"},{"taxonomy":"product_cat","embeddable":true,"href":"https:\/\/www.toika.com\/de\/wp-json\/wp\/v2\/product_cat?post=2815"},{"taxonomy":"product_tag","embeddable":true,"href":"https:\/\/www.toika.com\/de\/wp-json\/wp\/v2\/product_tag?post=2815"}],"curies":[{"name":"wp","href":"https:\/\/api.w.org\/{rel}","templated":true}]}}