{"id":2855,"date":"2023-04-05T07:44:43","date_gmt":"2023-04-05T07:44:43","guid":{"rendered":"https:\/\/toika.sapartners.site\/product\/pyorailykyparalokerikko\/"},"modified":"2024-12-29T15:18:00","modified_gmt":"2024-12-29T15:18:00","slug":"pyorailykyparalokerikko","status":"publish","type":"product","link":"https:\/\/www.toika.com\/de\/produkt\/pyorailykyparalokerikko\/","title":{"rendered":"Py\u00f6r\u00e4ilykyp\u00e4r\u00e4lokerikko"},"content":{"rendered":"<p>Toikan py\u00f6r\u00e4kyp\u00e4r\u00e4lokerikot ovat k\u00e4tev\u00e4 tapa pit\u00e4\u00e4 py\u00f6r\u00e4ilykyp\u00e4r\u00e4t j\u00e4rjestyksess\u00e4. Lokerikkoon mahtuu yhteens\u00e4 15 kyp\u00e4r\u00e4\u00e4. Lokerikko valkoista melamiinia, alla metalliset s\u00e4\u00e4t\u00f6jalat. Lokerikko on sein\u00e4\u00e4n kiinnitett\u00e4v\u00e4. Lokerikot voidaan my\u00f6s kiinnitt\u00e4\u00e4 toisiinsa vasten.<\/p>\n<p>Yhden lokeron mitat ovat: (L): 35 cm; (K): 25 cm; (S): 30 cm<\/p>\n<p>Lokerikon kokonaismitat: (L): 113 cm; (K): 146 cm; (S): 50 cm<\/p>\n","protected":false},"excerpt":{"rendered":"<p>Toikan py\u00f6r\u00e4kyp\u00e4r\u00e4lokerikot ovat k\u00e4tev\u00e4 tapa pit\u00e4\u00e4 py\u00f6r\u00e4ilykyp\u00e4r\u00e4t j\u00e4rjestyksess\u00e4. Lokerikkoon mahtuu yhteens\u00e4 15 kyp\u00e4r\u00e4\u00e4. Lokerikko valkoista melamiinia, alla metalliset s\u00e4\u00e4t\u00f6jalat. Lokerikko on sein\u00e4\u00e4n kiinnitett\u00e4v\u00e4. Lokerikot voidaan my\u00f6s kiinnitt\u00e4\u00e4 toisiinsa vasten. Yhden lokeron mitat ovat: (L): 35 cm; (K): 25 cm; (S): 30 cm Lokerikon kokonaismitat: (L): 113 cm; (K): 146 cm; (S): 50 cm<\/p>\n","protected":false},"featured_media":1628,"comment_status":"open","ping_status":"closed","template":"","meta":{"_acf_changed":false,"inline_featured_image":false},"product_brand":[],"product_cat":[129],"product_tag":[],"class_list":{"0":"post-2855","1":"product","2":"type-product","3":"status-publish","4":"has-post-thumbnail","6":"product_cat-kalusteet-de","8":"first","9":"instock","10":"shipping-taxable","11":"product-type-simple"},"acf":[],"_links":{"self":[{"href":"https:\/\/www.toika.com\/de\/wp-json\/wp\/v2\/product\/2855","targetHints":{"allow":["GET"]}}],"collection":[{"href":"https:\/\/www.toika.com\/de\/wp-json\/wp\/v2\/product"}],"about":[{"href":"https:\/\/www.toika.com\/de\/wp-json\/wp\/v2\/types\/product"}],"replies":[{"embeddable":true,"href":"https:\/\/www.toika.com\/de\/wp-json\/wp\/v2\/comments?post=2855"}],"wp:featuredmedia":[{"embeddable":true,"href":"https:\/\/www.toika.com\/de\/wp-json\/wp\/v2\/media\/1628"}],"wp:attachment":[{"href":"https:\/\/www.toika.com\/de\/wp-json\/wp\/v2\/media?parent=2855"}],"wp:term":[{"taxonomy":"product_brand","embeddable":true,"href":"https:\/\/www.toika.com\/de\/wp-json\/wp\/v2\/product_brand?post=2855"},{"taxonomy":"product_cat","embeddable":true,"href":"https:\/\/www.toika.com\/de\/wp-json\/wp\/v2\/product_cat?post=2855"},{"taxonomy":"product_tag","embeddable":true,"href":"https:\/\/www.toika.com\/de\/wp-json\/wp\/v2\/product_tag?post=2855"}],"curies":[{"name":"wp","href":"https:\/\/api.w.org\/{rel}","templated":true}]}}