{"id":2871,"date":"2023-04-05T07:28:17","date_gmt":"2023-04-05T07:28:17","guid":{"rendered":"https:\/\/toika.sapartners.site\/product\/lokerikko-tk121m1-tk125m1\/"},"modified":"2024-12-29T15:22:12","modified_gmt":"2024-12-29T15:22:12","slug":"lokerikko-tk121m1-tk125m1","status":"publish","type":"product","link":"https:\/\/www.toika.com\/de\/produkt\/lokerikko-tk121m1-tk125m1\/","title":{"rendered":"Lokerikko TK121M1-TK125M1"},"content":{"rendered":"<p>Toika-lokerikot TK121M1-TK125M1 ovat sein\u00e4\u00e4n kiinnitett\u00e4vi\u00e4 eteiskalusteita, jotka s\u00e4\u00e4st\u00e4v\u00e4t tilaa ja helpottavat siivousta. Lokerikoiden runko on lakattua massiivikoivua. Ovet ovat lakattua koivua tai korkeapainelaminaattia. Lokerov\u00e4li saatavissa 200, 250, 300 tai 400 mm.<\/p>\n<p>(S x K): 270 x 300 mm<br \/>\nToikan v\u00e4rimallisto<br \/>\nValitse halutessasi tyylik\u00e4s ja kest\u00e4v\u00e4 korkeapainelaminaatti lokerikon oville.<\/p>\n<p><img decoding=\"async\" src=\"https:\/\/toika.sapartners.site\/wp-content\/uploads\/2023\/04\/varimallisto_korkeapainelaminaatit1001-min-1.png\" alt=\"\" \/><\/p>\n","protected":false},"excerpt":{"rendered":"<p>Toika-lokerikot TK121M1-TK125M1 ovat sein\u00e4\u00e4n kiinnitett\u00e4vi\u00e4 eteiskalusteita, jotka s\u00e4\u00e4st\u00e4v\u00e4t tilaa ja helpottavat siivousta. Lokerikoiden runko on lakattua massiivikoivua. Ovet ovat lakattua koivua tai korkeapainelaminaattia. Lokerov\u00e4li saatavissa 200, 250, 300 tai 400 mm. (S x K): 270 x 300 mm Toikan v\u00e4rimallisto Valitse halutessasi tyylik\u00e4s ja kest\u00e4v\u00e4 korkeapainelaminaatti lokerikon oville.<\/p>\n","protected":false},"featured_media":3994,"comment_status":"open","ping_status":"closed","template":"","meta":{"_acf_changed":false,"inline_featured_image":false},"product_brand":[],"product_cat":[129],"product_tag":[],"class_list":{"0":"post-2871","1":"product","2":"type-product","3":"status-publish","4":"has-post-thumbnail","6":"product_cat-kalusteet-de","8":"first","9":"instock","10":"shipping-taxable","11":"product-type-simple"},"acf":[],"_links":{"self":[{"href":"https:\/\/www.toika.com\/de\/wp-json\/wp\/v2\/product\/2871","targetHints":{"allow":["GET"]}}],"collection":[{"href":"https:\/\/www.toika.com\/de\/wp-json\/wp\/v2\/product"}],"about":[{"href":"https:\/\/www.toika.com\/de\/wp-json\/wp\/v2\/types\/product"}],"replies":[{"embeddable":true,"href":"https:\/\/www.toika.com\/de\/wp-json\/wp\/v2\/comments?post=2871"}],"wp:featuredmedia":[{"embeddable":true,"href":"https:\/\/www.toika.com\/de\/wp-json\/wp\/v2\/media\/3994"}],"wp:attachment":[{"href":"https:\/\/www.toika.com\/de\/wp-json\/wp\/v2\/media?parent=2871"}],"wp:term":[{"taxonomy":"product_brand","embeddable":true,"href":"https:\/\/www.toika.com\/de\/wp-json\/wp\/v2\/product_brand?post=2871"},{"taxonomy":"product_cat","embeddable":true,"href":"https:\/\/www.toika.com\/de\/wp-json\/wp\/v2\/product_cat?post=2871"},{"taxonomy":"product_tag","embeddable":true,"href":"https:\/\/www.toika.com\/de\/wp-json\/wp\/v2\/product_tag?post=2871"}],"curies":[{"name":"wp","href":"https:\/\/api.w.org\/{rel}","templated":true}]}}