{"id":6381,"date":"2026-04-04T07:37:05","date_gmt":"2026-04-04T07:37:05","guid":{"rendered":"https:\/\/www.toika.com\/?post_type=product&#038;p=6381"},"modified":"2026-04-04T08:02:43","modified_gmt":"2026-04-04T08:02:43","slug":"patjakaappi-tk334-kopio-2","status":"publish","type":"product","link":"https:\/\/www.toika.com\/de\/produkt\/patjakaappi-tk334-kopio-2\/","title":{"rendered":"Patjakaappi TK334 (Kopio)"},"content":{"rendered":"<p>S\u00e4ilyt\u00e4 k\u00e4tev\u00e4sti patjat, liinavaatteet ja tyynyt j\u00e4rjestyksess\u00e4. Runko ja ovi melamiinia tai korkeapainelaminaattia. Tilaa kuudelle patjalle (140 x 55 cm). Sopii t\u00e4ydellisesti kaappis\u00e4ngyn TK331 tai liinavaatekaapin TK333 viereen. Kiinnityskorkeus on 2273 mm lattiasta.<\/p>\n<p>Suunnittelija, lataa t\u00e4st\u00e4 <strong>dwg-kuva tai dxf-kuva!<\/strong><\/p>\n<p><strong>Toikan v\u00e4rimallisto<\/strong><br \/>\nValitse oven korkeapainelaminaatti vakiov\u00e4reist\u00e4mme.<\/p>\n<p><img decoding=\"async\" src=\"https:\/\/toika.sapartners.site\/wp-content\/uploads\/2023\/04\/varimallisto_korkeapainelaminaatit1001-min-1.png\" alt=\"\" \/><\/p>\n","protected":false},"excerpt":{"rendered":"<p>S\u00e4ilyt\u00e4 k\u00e4tev\u00e4sti patjat, liinavaatteet ja tyynyt j\u00e4rjestyksess\u00e4. Runko ja ovi melamiinia tai korkeapainelaminaattia. Tilaa kuudelle patjalle (140 x 55 cm). Sopii t\u00e4ydellisesti kaappis\u00e4ngyn TK331 tai liinavaatekaapin TK333 viereen. Kiinnityskorkeus on 2273 mm lattiasta. Suunnittelija, lataa t\u00e4st\u00e4 dwg-kuva tai dxf-kuva! Toikan v\u00e4rimallisto Valitse oven korkeapainelaminaatti vakiov\u00e4reist\u00e4mme.<\/p>\n","protected":false},"featured_media":6386,"comment_status":"open","ping_status":"closed","template":"","meta":{"_acf_changed":false,"inline_featured_image":false},"product_brand":[],"product_cat":[129,148],"product_tag":[],"class_list":{"0":"post-6381","1":"product","2":"type-product","3":"status-publish","4":"has-post-thumbnail","6":"product_cat-kalusteet-de","7":"product_cat-sangyt-ja-kaapit-de","9":"first","10":"instock","11":"shipping-taxable","12":"product-type-simple"},"acf":[],"_links":{"self":[{"href":"https:\/\/www.toika.com\/de\/wp-json\/wp\/v2\/product\/6381","targetHints":{"allow":["GET"]}}],"collection":[{"href":"https:\/\/www.toika.com\/de\/wp-json\/wp\/v2\/product"}],"about":[{"href":"https:\/\/www.toika.com\/de\/wp-json\/wp\/v2\/types\/product"}],"replies":[{"embeddable":true,"href":"https:\/\/www.toika.com\/de\/wp-json\/wp\/v2\/comments?post=6381"}],"wp:featuredmedia":[{"embeddable":true,"href":"https:\/\/www.toika.com\/de\/wp-json\/wp\/v2\/media\/6386"}],"wp:attachment":[{"href":"https:\/\/www.toika.com\/de\/wp-json\/wp\/v2\/media?parent=6381"}],"wp:term":[{"taxonomy":"product_brand","embeddable":true,"href":"https:\/\/www.toika.com\/de\/wp-json\/wp\/v2\/product_brand?post=6381"},{"taxonomy":"product_cat","embeddable":true,"href":"https:\/\/www.toika.com\/de\/wp-json\/wp\/v2\/product_cat?post=6381"},{"taxonomy":"product_tag","embeddable":true,"href":"https:\/\/www.toika.com\/de\/wp-json\/wp\/v2\/product_tag?post=6381"}],"curies":[{"name":"wp","href":"https:\/\/api.w.org\/{rel}","templated":true}]}}