{"id":2654,"date":"2023-04-13T10:15:01","date_gmt":"2023-04-13T10:15:01","guid":{"rendered":"https:\/\/toika.sapartners.site\/product\/kaiteet\/"},"modified":"2024-04-23T04:53:12","modified_gmt":"2024-04-23T04:53:12","slug":"reeds","status":"publish","type":"product","link":"https:\/\/www.toika.com\/en\/product\/reeds\/","title":{"rendered":"Reeds"},"content":{"rendered":"<p>Please note, that during manufacture the reed dents are protected with oil. Before you use your reed for the first time please clean it with a soft cloth or brush. The reed dents are made of quality spring steel, but a hard hit with eg. a shuttle may bend them permanently, so be careful.<\/p>\n<h3 class=\"fusion-responsive-typography-calculated\" data-fontsize=\"16\" data-lineheight=\"24px\">Traditional reeds<\/h3>\n<p>Toika reeds are made in the traditional way using the best possible raw materials. Specially treated yarn is used as a binder to keep the dents in place. The height of the reed is 12 cm (4 5\/8\u2033). The reeds are packed in plastic covers and thus protected against dust and humidity during storage and transport. Please specify length and number, when ordering a reed and whether it should be stainless or not.<\/p>\n<p>Reed number indicates the number of dents in 10 cm (Europe) or per inch (USA).<\/p>\n<p>Standard reed numbers (dents\/10 cm) are 20, 25, 30, 35, 40, 45, 50, 60, 70, 80,<\/p>\n<p>90 and 100 (dents\/inch: 6, 8, 10, 12, 15 and 18). Standard lengths are 60, 70, 80, 100, 110, 120, 140, 150, 160, 185 and 200 cm (from 23 5\/8\u2033 to 78 3\/4\u2033).<\/p>\n<p>On request we also manufacture numbers and lengths other than the above mentioned. It is also possible to make reeds of a greater height and of a thicker dent section.<\/p>\n<p><img decoding=\"async\" src=\"https:\/\/toika.sapartners.site\/wp-content\/uploads\/2023\/04\/perinteinen-min-1-300x200-1.jpg\" alt=\"\" \/><\/p>\n<h3 data-fontsize=\"16\" data-lineheight=\"24px\"><\/h3>\n<h3 class=\"fusion-responsive-typography-calculated\" data-fontsize=\"16\" data-lineheight=\"24px\">Profile reeds<\/h3>\n<p>Profile reeds are manufactured in metal and are the latest in reed technology. These are extra sturdy reeds for hard use and easy storage. Order by length and dents per 10 cm or inch. Please also specify whether it should be stainless or not.<\/p>\n<p>Standard profile reed numbers (dents\/10 cm) are 20, 25, 30, 40, 50, 60 and 70 (dents\/inch: 6, 8, 10, 12, 15 and 18). Standard lengths are 100, 120 and 150 cm (39 3\/8\u2033, 47 1\/4\u2033 and 59\u2033).<\/p>\n<p>On request we also manufacture numbers and lengths other than the above mentioned. It is also possible to make reeds of a greater height and of a thicker dent section.<\/p>\n<p><img decoding=\"async\" src=\"https:\/\/toika.sapartners.site\/wp-content\/uploads\/2023\/04\/profiili2-min.jpg\" alt=\"\" \/><\/p>\n<h3 class=\"fusion-responsive-typography-calculated\" data-fontsize=\"16\" data-lineheight=\"24px\">Raddle, model A<\/h3>\n<div class=\"short_description\">\n<p>Raddle A is an open reed, which is inserted in the beater for beaming. The height is 8 cm (3 1\/8\u2033) and pin length 6 cm (2 3\/8\u2033). The distance between pins is 1 cm (3\/8\u2033). Available in several widths.<\/p>\n<\/div>\n<p><img decoding=\"async\" src=\"https:\/\/toika.sapartners.site\/wp-content\/uploads\/2023\/04\/raddleA-min-1-700x213-1.jpg\" alt=\"\" \/><\/p>\n<h2 class=\"fusion-responsive-typography-calculated\" data-fontsize=\"18\" data-lineheight=\"27px\">Raddle with cape, model B<\/h2>\n<div class=\"short_description\">\n<p>Raddle B is covered with a cape. It is suspended from the back side of the castle with cords when beaming. The raddle height without cape is 10,5 cm (4 1\/8\u2033) and with cape 13,5 cm (5 3\/8\u2033). The distance between pins is 1 cm (3\/8\u2033). Available in weaving widths 80, 100, 120, 150 and 200 cm (31 1\/2\u2033, 39 3\/8\u2033, 47 1\/4\u2033, 59\u2033 and 78 3\/4\u2033).<\/p>\n<\/div>\n<p><img decoding=\"async\" src=\"https:\/\/toika.sapartners.site\/wp-content\/uploads\/2023\/04\/raddle_with_cape-min-1-400x218-1.jpg\" alt=\"\" \/><\/p>\n<h2 class=\"fusion-responsive-typography-calculated\" data-fontsize=\"18\" data-lineheight=\"27px\">Reed Stand<\/h2>\n<div class=\"short_description\">\n<p>The reed stand neatly organizes and stores a variety of different reeds in a standing position. The varnished stand holds over 50 reeds.<\/p>\n<\/div>\n<p><img decoding=\"async\" src=\"https:\/\/toika.sapartners.site\/wp-content\/uploads\/2023\/04\/reed-stand-683x1024-min-200x300-1.jpg\" alt=\"\" \/><\/p>\n","protected":false},"excerpt":{"rendered":"<p>Kaiteet eli pirrat ovat Toikan vanhimmat tuotteet. Nyky\u00e4\u00e4n Toika on kaiteiden maailmanlaajuisesti yksi maailman suurimmista kaiteiden valmistajista. Toikan kaiteet ovat tehty laadukkaista raaka-aineista ja kest\u00e4v\u00e4t pitk\u00e4\u00e4n.<\/p>\n<p>Huomaa, ett\u00e4 kaiteiden piikeiss\u00e4 on suoja\u00f6ljy\u00e4, joka voi aluksi liata loimilankoja. Puhdista piikinv\u00e4lit ennen k\u00e4ytt\u00f6\u00f6nottoa esim. trasselilla. Kaiteen piikit ovat muotoonsa palautuvaa jousiter\u00e4st\u00e4, mutta liian voimakas isku esimerkiksi sukkulan k\u00e4rjell\u00e4 kaiteen piikkiin saattaa v\u00e4\u00e4nt\u00e4\u00e4 sit\u00e4 pysyv\u00e4sti.<\/p>\n","protected":false},"featured_media":2219,"comment_status":"open","ping_status":"closed","template":"","meta":{"_acf_changed":false,"inline_featured_image":false},"product_brand":[],"product_cat":[102,115],"product_tag":[],"class_list":{"0":"post-2654","1":"product","2":"type-product","3":"status-publish","4":"has-post-thumbnail","6":"product_cat-handicraft","7":"product_cat-weaving","9":"first","10":"instock","11":"shipping-taxable","12":"product-type-simple"},"acf":[],"_links":{"self":[{"href":"https:\/\/www.toika.com\/en\/wp-json\/wp\/v2\/product\/2654","targetHints":{"allow":["GET"]}}],"collection":[{"href":"https:\/\/www.toika.com\/en\/wp-json\/wp\/v2\/product"}],"about":[{"href":"https:\/\/www.toika.com\/en\/wp-json\/wp\/v2\/types\/product"}],"replies":[{"embeddable":true,"href":"https:\/\/www.toika.com\/en\/wp-json\/wp\/v2\/comments?post=2654"}],"wp:featuredmedia":[{"embeddable":true,"href":"https:\/\/www.toika.com\/en\/wp-json\/wp\/v2\/media\/2219"}],"wp:attachment":[{"href":"https:\/\/www.toika.com\/en\/wp-json\/wp\/v2\/media?parent=2654"}],"wp:term":[{"taxonomy":"product_brand","embeddable":true,"href":"https:\/\/www.toika.com\/en\/wp-json\/wp\/v2\/product_brand?post=2654"},{"taxonomy":"product_cat","embeddable":true,"href":"https:\/\/www.toika.com\/en\/wp-json\/wp\/v2\/product_cat?post=2654"},{"taxonomy":"product_tag","embeddable":true,"href":"https:\/\/www.toika.com\/en\/wp-json\/wp\/v2\/product_tag?post=2654"}],"curies":[{"name":"wp","href":"https:\/\/api.w.org\/{rel}","templated":true}]}}