{"id":2662,"date":"2023-04-13T10:24:58","date_gmt":"2023-04-13T10:24:58","guid":{"rendered":"https:\/\/toika.sapartners.site\/product\/ohjelmat\/"},"modified":"2023-12-09T05:52:57","modified_gmt":"2023-12-09T05:52:57","slug":"software","status":"publish","type":"product","link":"https:\/\/www.toika.com\/en\/product\/software\/","title":{"rendered":"Software"},"content":{"rendered":"<p><strong>DesignaKnit 8 \u2013 design from pattern to knit<\/strong><\/p>\n<p>DesignaKnit on monipuolinen ja helppok\u00e4ytt\u00f6inen neuleohjelma, jolla sek\u00e4 suunnittelet ett\u00e4 toteutat yksil\u00f6llisen neuleesi sujuvasti. Erikseen saatavan neulekonekytkenn\u00e4n avulla voit siirt\u00e4\u00e4 neulemalleja tietokoneelta elektroniselle neulekoneelle ja p\u00e4invastoin.<\/p>\n<p>In the DesignaKnit 8 knitting program, you can find your own versions for hand knitters, machine knitters and professionals:<\/p>\n<ul>\n<li>DesignaKnit 8 Hand knitting &#8211; the hand knitter&#8217;s own version<\/li>\n<li>DesignaKnit 8 Kone Standard \u2013 the basic program for knitters with a knitting machine, which includes basic patterns<\/li>\n<li>DesignaKnit 8 Kone Professional \u2013 a wider version of knitting with a knitting machine, which also includes designing patterns<\/li>\n<li>DesignaKnit 8 The entire program &#8211; all program features in the same version for both hand and knitting machine knitters<\/li>\n<\/ul>\n<p><img decoding=\"async\" src=\"https:\/\/toika.sapartners.site\/wp-content\/uploads\/2023\/04\/designaknit-min.png\" alt=\"\" \/><\/p>\n<p><strong>Fittingly Sew \u2013 a handy pattern program for seamstresses<\/strong><\/p>\n<p>With the Fittingly Sew program, you can design a pattern just right for you in no time.<\/p>\n<p><img decoding=\"async\" src=\"https:\/\/toika.sapartners.site\/wp-content\/uploads\/2023\/04\/fittingly_sew-min.png\" alt=\"\" \/><\/p>\n<p><strong>WeavePoint 8 \u2013 the number one in fabric weaving<\/strong><\/p>\n<p>With the popular WeavePoint design program, you can easily design designs for both standard lever looms and computer-controlled looms.<\/p>\n<p><img decoding=\"async\" src=\"https:\/\/toika.sapartners.site\/wp-content\/uploads\/2023\/04\/weave_point-min.png\" alt=\"\" \/><\/p>\n","protected":false},"excerpt":{"rendered":"<p>Toika offers useful programs for crafts.<\/p>\n","protected":false},"featured_media":2235,"comment_status":"open","ping_status":"closed","template":"","meta":{"_acf_changed":false,"inline_featured_image":false},"product_brand":[],"product_cat":[102,115],"product_tag":[],"class_list":{"0":"post-2662","1":"product","2":"type-product","3":"status-publish","4":"has-post-thumbnail","6":"product_cat-handicraft","7":"product_cat-weaving","9":"first","10":"instock","11":"shipping-taxable","12":"product-type-simple"},"acf":[],"_links":{"self":[{"href":"https:\/\/www.toika.com\/en\/wp-json\/wp\/v2\/product\/2662","targetHints":{"allow":["GET"]}}],"collection":[{"href":"https:\/\/www.toika.com\/en\/wp-json\/wp\/v2\/product"}],"about":[{"href":"https:\/\/www.toika.com\/en\/wp-json\/wp\/v2\/types\/product"}],"replies":[{"embeddable":true,"href":"https:\/\/www.toika.com\/en\/wp-json\/wp\/v2\/comments?post=2662"}],"wp:featuredmedia":[{"embeddable":true,"href":"https:\/\/www.toika.com\/en\/wp-json\/wp\/v2\/media\/2235"}],"wp:attachment":[{"href":"https:\/\/www.toika.com\/en\/wp-json\/wp\/v2\/media?parent=2662"}],"wp:term":[{"taxonomy":"product_brand","embeddable":true,"href":"https:\/\/www.toika.com\/en\/wp-json\/wp\/v2\/product_brand?post=2662"},{"taxonomy":"product_cat","embeddable":true,"href":"https:\/\/www.toika.com\/en\/wp-json\/wp\/v2\/product_cat?post=2662"},{"taxonomy":"product_tag","embeddable":true,"href":"https:\/\/www.toika.com\/en\/wp-json\/wp\/v2\/product_tag?post=2662"}],"curies":[{"name":"wp","href":"https:\/\/api.w.org\/{rel}","templated":true}]}}