{"id":2678,"date":"2023-04-13T09:41:22","date_gmt":"2023-04-13T09:41:22","guid":{"rendered":"https:\/\/toika.sapartners.site\/product\/laila-kangaspuut\/"},"modified":"2024-04-23T04:49:57","modified_gmt":"2024-04-23T04:49:57","slug":"laila-loom","status":"publish","type":"product","link":"https:\/\/www.toika.com\/en\/product\/laila-loom\/","title":{"rendered":"Laila Loom"},"content":{"rendered":"<p>LAILA is designed for weavers who do not have enough space for a very large loom or who want an additional loom for sampling or experimental projects. Laila is suitable for weaving all types of fabrics except for rugs.<\/p>\n<p>Laila is a small countermarch loom that can be folded even with the warp in place. The Laila loom is suitable for weaving all types of fabrics except rugs.<\/p>\n<p>The Laila bench (4186), which is especially proportioned for this loom, is available separately. Laila comes equipped with either 4 shafts and 4 treadles or 8 shafts and 8 treadles.<\/p>\n<h3 class=\"fusion-responsive-typography-calculated\" data-fontsize=\"16\" data-lineheight=\"24px\">Ask for an offer or ask about the product!<\/h3>\n<table border=\"0\">\n<tbody>\n<tr>\n<td><strong>Height \u00a0<\/strong><\/td>\n<td><strong>Total width<\/strong><\/td>\n<td><strong>Weight (appr.)<\/strong><\/td>\n<\/tr>\n<tr>\n<td>120 cm<\/td>\n<td>103 cm<\/td>\n<td>30 kg<\/td>\n<\/tr>\n<tr>\n<td><\/td>\n<td><\/td>\n<td><\/td>\n<\/tr>\n<tr>\n<td><strong>Depth<\/strong><\/td>\n<td><strong>Depth with bench\u00a0<\/strong><\/td>\n<td><strong>Depth folded<\/strong><\/td>\n<\/tr>\n<tr>\n<td>85 cm<\/td>\n<td>115 cm<\/td>\n<td>60 cm<\/td>\n<\/tr>\n<\/tbody>\n<\/table>\n","protected":false},"excerpt":{"rendered":"<p>LAILA-kangaspuut ovat k\u00e4tev\u00e4t kaikenlaiseen kutomiseen matonkudontaa lukuunottamatta. Laila-kangaspuut ovat n\u00e4pp\u00e4r\u00e4t kangaspuut my\u00f6s silloin, kun tilaa on v\u00e4h\u00e4n. Koska puut taittuvat kokoon kudontakunnossakin, ne voi siirt\u00e4\u00e4 vaikka komeroon kudontahetken p\u00e4\u00e4tytty\u00e4.<\/p>\n","protected":false},"featured_media":2107,"comment_status":"open","ping_status":"closed","template":"","meta":{"_acf_changed":false,"inline_featured_image":false},"product_brand":[],"product_cat":[102,119,115],"product_tag":[],"class_list":{"0":"post-2678","1":"product","2":"type-product","3":"status-publish","4":"has-post-thumbnail","6":"product_cat-handicraft","7":"product_cat-loom","8":"product_cat-weaving","10":"first","11":"instock","12":"shipping-taxable","13":"product-type-simple"},"acf":[],"_links":{"self":[{"href":"https:\/\/www.toika.com\/en\/wp-json\/wp\/v2\/product\/2678","targetHints":{"allow":["GET"]}}],"collection":[{"href":"https:\/\/www.toika.com\/en\/wp-json\/wp\/v2\/product"}],"about":[{"href":"https:\/\/www.toika.com\/en\/wp-json\/wp\/v2\/types\/product"}],"replies":[{"embeddable":true,"href":"https:\/\/www.toika.com\/en\/wp-json\/wp\/v2\/comments?post=2678"}],"wp:featuredmedia":[{"embeddable":true,"href":"https:\/\/www.toika.com\/en\/wp-json\/wp\/v2\/media\/2107"}],"wp:attachment":[{"href":"https:\/\/www.toika.com\/en\/wp-json\/wp\/v2\/media?parent=2678"}],"wp:term":[{"taxonomy":"product_brand","embeddable":true,"href":"https:\/\/www.toika.com\/en\/wp-json\/wp\/v2\/product_brand?post=2678"},{"taxonomy":"product_cat","embeddable":true,"href":"https:\/\/www.toika.com\/en\/wp-json\/wp\/v2\/product_cat?post=2678"},{"taxonomy":"product_tag","embeddable":true,"href":"https:\/\/www.toika.com\/en\/wp-json\/wp\/v2\/product_tag?post=2678"}],"curies":[{"name":"wp","href":"https:\/\/api.w.org\/{rel}","templated":true}]}}