{"id":2690,"date":"2023-04-13T09:39:03","date_gmt":"2023-04-13T09:39:03","guid":{"rendered":"https:\/\/toika.sapartners.site\/product\/jaana-kangaspuut\/"},"modified":"2025-11-13T05:32:09","modified_gmt":"2025-11-13T05:32:09","slug":"jaana-loom","status":"publish","type":"product","link":"https:\/\/www.toika.com\/en\/product\/jaana-loom\/","title":{"rendered":"Jaana loom"},"content":{"rendered":"<p>JAANA is a very compact loom and because of its smaller overall dimensions, allows a full countermarch loom in smaller room or apartment situations. Jaana has all of the traditional Toika sturdiness, yet has a convenient and pleasantly low working height.<\/p>\n<p>Jaana is a countermarch loom available in weaving widths 80 and 100 cm (31 1\/2\u2033 and 39 3\/8\u2033). The dimension of the Jaana loom is based on ergonomic factors and ensures a convenient and pleasantly low working height.<br \/>\nJaana is usually delivered with underslung beater, but it can also be equipped with a hanging beater. The amount of shafts is 4 or 8 (12 on order). Normally the amount of treadles is the same as the amount of shafts, but a different amount of treadles is also possible. Jaana comes with a traditional bench, but an adjustable one can be substituted.<\/p>\n<table border=\"0\">\n<tbody>\n<tr>\n<td><strong>Weaving width\u00a0<\/strong><\/td>\n<td><strong>Total width<\/strong><\/td>\n<td><strong>Weight (appr.)<\/strong><\/td>\n<\/tr>\n<tr>\n<td>80 cm<\/td>\n<td>117 cm<\/td>\n<td>70 kg<\/td>\n<\/tr>\n<tr>\n<td>100 cm<\/td>\n<td>137 cm<\/td>\n<td>80 kg<\/td>\n<\/tr>\n<tr>\n<td><\/td>\n<td><\/td>\n<td><\/td>\n<\/tr>\n<tr>\n<td><strong>Height<\/strong><\/td>\n<td><strong>Depth<\/strong><\/td>\n<td><strong>Depth with bench\u00a0\u00a0<\/strong><\/td>\n<\/tr>\n<tr>\n<td>128 cm<\/td>\n<td>117 cm<\/td>\n<td>158 cm<\/td>\n<\/tr>\n<\/tbody>\n<\/table>\n<p>Ask for an offer or ask about the product!<br \/>\n\n<div class=\"wpcf7 no-js\" id=\"wpcf7-f779-o1\" lang=\"en-US\" dir=\"ltr\" data-wpcf7-id=\"779\">\n<div class=\"screen-reader-response\"><p role=\"status\" aria-live=\"polite\" aria-atomic=\"true\"><\/p> <ul><\/ul><\/div>\n<form action=\"\/en\/wp-json\/wp\/v2\/product\/2690#wpcf7-f779-o1\" method=\"post\" class=\"wpcf7-form init\" aria-label=\"Contact form\" novalidate=\"novalidate\" data-status=\"init\">\n<fieldset class=\"hidden-fields-container\"><input type=\"hidden\" name=\"_wpcf7\" value=\"779\" \/><input type=\"hidden\" name=\"_wpcf7_version\" value=\"6.1.5\" \/><input type=\"hidden\" name=\"_wpcf7_locale\" value=\"en_US\" \/><input type=\"hidden\" name=\"_wpcf7_unit_tag\" value=\"wpcf7-f779-o1\" \/><input type=\"hidden\" name=\"_wpcf7_container_post\" value=\"0\" \/><input type=\"hidden\" name=\"_wpcf7_posted_data_hash\" value=\"\" \/>\n<\/fieldset>\n<p><label> Nimi<br \/>\n<span class=\"wpcf7-form-control-wrap\" data-name=\"your-name\"><input size=\"40\" maxlength=\"400\" class=\"wpcf7-form-control wpcf7-text wpcf7-validates-as-required\" autocomplete=\"name\" aria-required=\"true\" aria-invalid=\"false\" value=\"\" type=\"text\" name=\"your-name\" \/><\/span> <\/label>\n<\/p>\n<p><label> S\u00e4hk\u00f6posti<br \/>\n<span class=\"wpcf7-form-control-wrap\" data-name=\"your-email\"><input size=\"40\" maxlength=\"400\" class=\"wpcf7-form-control wpcf7-email wpcf7-validates-as-required wpcf7-text wpcf7-validates-as-email\" autocomplete=\"email\" aria-required=\"true\" aria-invalid=\"false\" value=\"\" type=\"email\" name=\"your-email\" \/><\/span> <\/label>\n<\/p>\n<p><label> Kaupunki ja postinumero<br \/>\n<span class=\"wpcf7-form-control-wrap\" data-name=\"text-706\"><input size=\"40\" maxlength=\"400\" class=\"wpcf7-form-control wpcf7-text\" aria-invalid=\"false\" value=\"\" type=\"text\" name=\"text-706\" \/><\/span> <\/label>\n<\/p>\n<p><label> Kudontaleveys<br \/>\n<span class=\"wpcf7-form-control-wrap\" data-name=\"menu-235\"><select class=\"wpcf7-form-control wpcf7-select\" aria-invalid=\"false\" name=\"menu-235\"><option value=\"80 cm\">80 cm<\/option><option value=\"100 cm\">100 cm<\/option><option value=\"120 cm\">120 cm<\/option><option value=\"150 cm\">150 cm<\/option><\/select><\/span> <\/label>\n<\/p>\n<p><label> Varret<br \/>\n<span class=\"wpcf7-form-control-wrap\" data-name=\"menu-12\"><select class=\"wpcf7-form-control wpcf7-select\" aria-invalid=\"false\" name=\"menu-12\"><option value=\"Tietokoneohjaus - ES16\">Tietokoneohjaus - ES16<\/option><option value=\"Perinteinen - 4 vartta\">Perinteinen - 4 vartta<\/option><option value=\"Perinteinen - 8 vartta\">Perinteinen - 8 vartta<\/option><\/select><\/span><\/label>\n<\/p>\n<p><label> Viesti<br \/>\n<span class=\"wpcf7-form-control-wrap\" data-name=\"textarea-254\"><textarea cols=\"40\" rows=\"10\" maxlength=\"2000\" class=\"wpcf7-form-control wpcf7-textarea\" aria-invalid=\"false\" name=\"textarea-254\"><\/textarea><\/span><\/label>\n<\/p>\n<p><input class=\"wpcf7-form-control wpcf7-submit has-spinner\" type=\"submit\" value=\"L\u00e4het\u00e4\" \/>\n<\/p><div class=\"wpcf7-response-output\" aria-hidden=\"true\"><\/div>\n<\/form>\n<\/div>\n<\/p>\n","protected":false},"excerpt":{"rendered":"<p>JAANA-kangaspuut tuovat raikkaan tuulahduksen kangaspuumallistoomme nykyaikaisella muotoilullaan. Ergonomisen mitoituksensa ansiosta ty\u00f6skentelykorkeus on miellytt\u00e4v\u00e4n matala ja kutojan selk\u00e4\u00e4 s\u00e4\u00e4st\u00e4v\u00e4, my\u00f6s kookkaammille kankureille. Pienten ulkomittojensa vuoksi kangaspuut sopivat my\u00f6s pieniin tiloihin. Kuitenkin Jaana-kangaspuut ovat eritt\u00e4in tukevat ja soveltuvat n\u00e4in ollen my\u00f6s matonkudontaan.<\/p>\n","protected":false},"featured_media":2083,"comment_status":"open","ping_status":"closed","template":"","meta":{"_acf_changed":false,"inline_featured_image":false},"product_brand":[],"product_cat":[102,119,115],"product_tag":[],"class_list":{"0":"post-2690","1":"product","2":"type-product","3":"status-publish","4":"has-post-thumbnail","6":"product_cat-handicraft","7":"product_cat-loom","8":"product_cat-weaving","10":"first","11":"instock","12":"shipping-taxable","13":"product-type-simple"},"acf":[],"_links":{"self":[{"href":"https:\/\/www.toika.com\/en\/wp-json\/wp\/v2\/product\/2690","targetHints":{"allow":["GET"]}}],"collection":[{"href":"https:\/\/www.toika.com\/en\/wp-json\/wp\/v2\/product"}],"about":[{"href":"https:\/\/www.toika.com\/en\/wp-json\/wp\/v2\/types\/product"}],"replies":[{"embeddable":true,"href":"https:\/\/www.toika.com\/en\/wp-json\/wp\/v2\/comments?post=2690"}],"wp:featuredmedia":[{"embeddable":true,"href":"https:\/\/www.toika.com\/en\/wp-json\/wp\/v2\/media\/2083"}],"wp:attachment":[{"href":"https:\/\/www.toika.com\/en\/wp-json\/wp\/v2\/media?parent=2690"}],"wp:term":[{"taxonomy":"product_brand","embeddable":true,"href":"https:\/\/www.toika.com\/en\/wp-json\/wp\/v2\/product_brand?post=2690"},{"taxonomy":"product_cat","embeddable":true,"href":"https:\/\/www.toika.com\/en\/wp-json\/wp\/v2\/product_cat?post=2690"},{"taxonomy":"product_tag","embeddable":true,"href":"https:\/\/www.toika.com\/en\/wp-json\/wp\/v2\/product_tag?post=2690"}],"curies":[{"name":"wp","href":"https:\/\/api.w.org\/{rel}","templated":true}]}}