{"id":2698,"date":"2023-04-13T07:59:59","date_gmt":"2023-04-13T07:59:59","guid":{"rendered":"https:\/\/toika.sapartners.site\/product\/eeva-kangaspuut\/"},"modified":"2024-11-27T16:30:54","modified_gmt":"2024-11-27T16:30:54","slug":"eeva-loom","status":"publish","type":"product","link":"https:\/\/www.toika.com\/en\/product\/eeva-loom\/","title":{"rendered":"Eeva Loom"},"content":{"rendered":"<p>EEVA is a large traditional Scandinavian loom for weaving all kinds of projects from light transparent fabrics to heavy rugs. Eeva is usually equipped with a hanging beater, but an underslung can also be ordered. Eeva is most popular as a countermarch loom, but can be equipped in a counterbalance configuration. The large side opening allows for easy access to warp and tie-up.<br \/>\nEeva is most popular as a countermarch loom, but can be equipped in a counterbalance configuration. An additional option is the cog wheel warp system that allows easy control of warp tension and release without leaving the bench. The warp beam, complete with holders, can easily be detached from Eeva without the need to dismantle the loom.<\/p>\n<p>Eeva is available in weaving widths 80, 100, 120 and 150 cm (31 1\/2\u2033, 39 3\/8\u2033, 47 1\/4\u2033 and 59\u2033). Eeva can be equipped with 4, 8 or 12 shafts (16 on order). Normally the amount of treadles is the same as amount of shafts, but a different amount of treadles is also possible.<\/p>\n<p>Eeva can be equipped with eg. computer control, double warp &amp; back beam and fly shuttle device.<\/p>\n<table border=\"0\" align=\"left\">\n<tbody>\n<tr>\n<td><strong>Weaving width\u00a0<\/strong><\/td>\n<td><strong>Total width\u00a0<\/strong><\/td>\n<td><strong>Weight (appr.)<\/strong><\/td>\n<\/tr>\n<tr>\n<td>80 cm<\/td>\n<td>117 cm<\/td>\n<td>100 kg<\/td>\n<\/tr>\n<tr>\n<td>100 cm<\/td>\n<td>137 cm<\/td>\n<td>110 kg<\/td>\n<\/tr>\n<tr>\n<td>120 cm<\/td>\n<td>157 cm<\/td>\n<td>120 kg<\/td>\n<\/tr>\n<tr>\n<td>150 cm<\/td>\n<td>187 cm<\/td>\n<td>130 kg<\/td>\n<\/tr>\n<tr>\n<td><\/td>\n<td><\/td>\n<td><\/td>\n<\/tr>\n<tr>\n<td><strong>Height<\/strong><\/td>\n<td><strong>Depth<\/strong><\/td>\n<td><strong>Depth with bench<\/strong><\/td>\n<\/tr>\n<tr>\n<td>170 cm<\/td>\n<td>150 cm<\/td>\n<td>185 cm<\/td>\n<\/tr>\n<\/tbody>\n<\/table>\n<p>Ask for an offer or ask about the product!<br \/>\n\n<div class=\"wpcf7 no-js\" id=\"wpcf7-f4478-o1\" lang=\"en-US\" dir=\"ltr\" data-wpcf7-id=\"4478\">\n<div class=\"screen-reader-response\"><p role=\"status\" aria-live=\"polite\" aria-atomic=\"true\"><\/p> <ul><\/ul><\/div>\n<form action=\"\/en\/wp-json\/wp\/v2\/product\/2698#wpcf7-f4478-o1\" method=\"post\" class=\"wpcf7-form init\" aria-label=\"Contact form\" novalidate=\"novalidate\" data-status=\"init\">\n<fieldset class=\"hidden-fields-container\"><input type=\"hidden\" name=\"_wpcf7\" value=\"4478\" \/><input type=\"hidden\" name=\"_wpcf7_version\" value=\"6.1.5\" \/><input type=\"hidden\" name=\"_wpcf7_locale\" value=\"en_US\" \/><input type=\"hidden\" name=\"_wpcf7_unit_tag\" value=\"wpcf7-f4478-o1\" \/><input type=\"hidden\" name=\"_wpcf7_container_post\" value=\"0\" \/><input type=\"hidden\" name=\"_wpcf7_posted_data_hash\" value=\"\" \/>\n<\/fieldset>\n<p><label> Name<br \/>\n<span class=\"wpcf7-form-control-wrap\" data-name=\"your-name\"><input size=\"40\" maxlength=\"400\" class=\"wpcf7-form-control wpcf7-text wpcf7-validates-as-required\" autocomplete=\"name\" aria-required=\"true\" aria-invalid=\"false\" value=\"\" type=\"text\" name=\"your-name\" \/><\/span> <\/label>\n<\/p>\n<p><label> Email<br \/>\n<span class=\"wpcf7-form-control-wrap\" data-name=\"your-email\"><input size=\"40\" maxlength=\"400\" class=\"wpcf7-form-control wpcf7-email wpcf7-validates-as-required wpcf7-text wpcf7-validates-as-email\" autocomplete=\"email\" aria-required=\"true\" aria-invalid=\"false\" value=\"\" type=\"email\" name=\"your-email\" \/><\/span> <\/label>\n<\/p>\n<p><label> City and Postal code<br \/>\n<span class=\"wpcf7-form-control-wrap\" data-name=\"text-706\"><input size=\"40\" maxlength=\"400\" class=\"wpcf7-form-control wpcf7-text\" aria-invalid=\"false\" value=\"\" type=\"text\" name=\"text-706\" \/><\/span> <\/label>\n<\/p>\n<p><label> Weaving Width<br \/>\n<span class=\"wpcf7-form-control-wrap\" data-name=\"menu-235\"><select class=\"wpcf7-form-control wpcf7-select\" aria-invalid=\"false\" name=\"menu-235\"><option value=\"80 cm\">80 cm<\/option><option value=\"100 cm\">100 cm<\/option><option value=\"120 cm\">120 cm<\/option><option value=\"150 cm\">150 cm<\/option><\/select><\/span> <\/label>\n<\/p>\n<p><label> Shafts<br \/>\n<span class=\"wpcf7-form-control-wrap\" data-name=\"menu-12\"><select class=\"wpcf7-form-control wpcf7-select\" aria-invalid=\"false\" name=\"menu-12\"><option value=\"ES16\">ES16<\/option><option value=\"ES24\">ES24<\/option><option value=\"ES32\">ES32<\/option><option value=\"Traditional - 4 Shaft\">Traditional - 4 Shaft<\/option><option value=\"Traditional - 8 Shaft\">Traditional - 8 Shaft<\/option><option value=\"Traditional - 16 Shaft\">Traditional - 16 Shaft<\/option><\/select><\/span><\/label>\n<\/p>\n<p><label> Message<br \/>\n<span class=\"wpcf7-form-control-wrap\" data-name=\"textarea-254\"><textarea cols=\"40\" rows=\"10\" maxlength=\"2000\" class=\"wpcf7-form-control wpcf7-textarea\" aria-invalid=\"false\" name=\"textarea-254\"><\/textarea><\/span><\/label>\n<\/p>\n<p><input class=\"wpcf7-form-control wpcf7-submit has-spinner\" type=\"submit\" value=\"Send\" \/>\n<\/p><div class=\"wpcf7-response-output\" aria-hidden=\"true\"><\/div>\n<\/form>\n<\/div>\n<\/p>\n","protected":false},"excerpt":{"rendered":"<p>EEVA-kangaspuut edustavat skandinaavista kudontaperinnett\u00e4. Ne tunnistaa sivupuissa olevasta isosta oviaukosta, josta on helppo menn\u00e4 kangaspuiden sis\u00e4lle sitomaan ny\u00f6rej\u00e4. Kuten Liisa-kangaspuutkin Eevat sopivat kaikenlaiseen kudontaan keveist\u00e4 kudonnaisista mattoihin.<\/p>\n","protected":false},"featured_media":2027,"comment_status":"open","ping_status":"closed","template":"","meta":{"_acf_changed":false,"inline_featured_image":false},"product_brand":[],"product_cat":[102,119],"product_tag":[],"class_list":{"0":"post-2698","1":"product","2":"type-product","3":"status-publish","4":"has-post-thumbnail","6":"product_cat-handicraft","7":"product_cat-loom","9":"first","10":"instock","11":"shipping-taxable","12":"product-type-simple"},"acf":[],"_links":{"self":[{"href":"https:\/\/www.toika.com\/en\/wp-json\/wp\/v2\/product\/2698","targetHints":{"allow":["GET"]}}],"collection":[{"href":"https:\/\/www.toika.com\/en\/wp-json\/wp\/v2\/product"}],"about":[{"href":"https:\/\/www.toika.com\/en\/wp-json\/wp\/v2\/types\/product"}],"replies":[{"embeddable":true,"href":"https:\/\/www.toika.com\/en\/wp-json\/wp\/v2\/comments?post=2698"}],"wp:featuredmedia":[{"embeddable":true,"href":"https:\/\/www.toika.com\/en\/wp-json\/wp\/v2\/media\/2027"}],"wp:attachment":[{"href":"https:\/\/www.toika.com\/en\/wp-json\/wp\/v2\/media?parent=2698"}],"wp:term":[{"taxonomy":"product_brand","embeddable":true,"href":"https:\/\/www.toika.com\/en\/wp-json\/wp\/v2\/product_brand?post=2698"},{"taxonomy":"product_cat","embeddable":true,"href":"https:\/\/www.toika.com\/en\/wp-json\/wp\/v2\/product_cat?post=2698"},{"taxonomy":"product_tag","embeddable":true,"href":"https:\/\/www.toika.com\/en\/wp-json\/wp\/v2\/product_tag?post=2698"}],"curies":[{"name":"wp","href":"https:\/\/api.w.org\/{rel}","templated":true}]}}