{"id":2710,"date":"2023-04-12T12:03:27","date_gmt":"2023-04-12T12:03:27","guid":{"rendered":"https:\/\/toika.sapartners.site\/product\/vetaytymistila\/"},"modified":"2023-04-12T12:03:27","modified_gmt":"2023-04-12T12:03:27","slug":"vetaytymistila","status":"publish","type":"product","link":"https:\/\/www.toika.com\/en\/product\/vetaytymistila\/","title":{"rendered":"Vet\u00e4ytymistila"},"content":{"rendered":"<p>Toika valmistaa my\u00f6s vaativimpia erikoiskalusteita. Nyt Toikalta saa my\u00f6s liikuteltavia vet\u00e4ytymistiloja suuriin ryhm\u00e4tiloihin. Niiden avulla voidaan helposti muodostaa p\u00e4iv\u00e4kodeissa pienryhmi\u00e4 ja jakaa tila pienempiin kokonaisuuksiin. Toikan vet\u00e4ytymistila on suunniteltu siten, ett\u00e4 keskiosassa pystyy aikuinen istumaan tarvittaessa erillisell\u00e4 tuolilla.<\/p>\n<p>(L x S x K): 185 x 120 x 200 cm.<\/p>\n","protected":false},"excerpt":{"rendered":"<p>Toika valmistaa my\u00f6s vaativimpia erikoiskalusteita. Nyt Toikalta saa my\u00f6s liikuteltavia vet\u00e4ytymistiloja suuriin ryhm\u00e4tiloihin. Niiden avulla voidaan helposti muodostaa p\u00e4iv\u00e4kodeissa pienryhmi\u00e4 ja jakaa tila pienempiin kokonaisuuksiin. Toikan vet\u00e4ytymistila on suunniteltu siten, ett\u00e4 keskiosassa pystyy aikuinen istumaan tarvittaessa erillisell\u00e4 tuolilla. (L x S x K): 185 x 120 x 200 cm.<\/p>\n","protected":false},"featured_media":1991,"comment_status":"open","ping_status":"closed","template":"","meta":{"_acf_changed":false,"inline_featured_image":false},"product_brand":[],"product_cat":[127,135],"product_tag":[],"class_list":{"0":"post-2710","1":"product","2":"type-product","3":"status-publish","4":"has-post-thumbnail","6":"product_cat-furniture","7":"product_cat-other-furniture","9":"first","10":"instock","11":"shipping-taxable","12":"product-type-simple"},"acf":[],"_links":{"self":[{"href":"https:\/\/www.toika.com\/en\/wp-json\/wp\/v2\/product\/2710","targetHints":{"allow":["GET"]}}],"collection":[{"href":"https:\/\/www.toika.com\/en\/wp-json\/wp\/v2\/product"}],"about":[{"href":"https:\/\/www.toika.com\/en\/wp-json\/wp\/v2\/types\/product"}],"replies":[{"embeddable":true,"href":"https:\/\/www.toika.com\/en\/wp-json\/wp\/v2\/comments?post=2710"}],"wp:featuredmedia":[{"embeddable":true,"href":"https:\/\/www.toika.com\/en\/wp-json\/wp\/v2\/media\/1991"}],"wp:attachment":[{"href":"https:\/\/www.toika.com\/en\/wp-json\/wp\/v2\/media?parent=2710"}],"wp:term":[{"taxonomy":"product_brand","embeddable":true,"href":"https:\/\/www.toika.com\/en\/wp-json\/wp\/v2\/product_brand?post=2710"},{"taxonomy":"product_cat","embeddable":true,"href":"https:\/\/www.toika.com\/en\/wp-json\/wp\/v2\/product_cat?post=2710"},{"taxonomy":"product_tag","embeddable":true,"href":"https:\/\/www.toika.com\/en\/wp-json\/wp\/v2\/product_tag?post=2710"}],"curies":[{"name":"wp","href":"https:\/\/api.w.org\/{rel}","templated":true}]}}