{"id":2714,"date":"2023-04-12T12:02:17","date_gmt":"2023-04-12T12:02:17","guid":{"rendered":"https:\/\/toika.sapartners.site\/product\/toimistolaatikosto-tk130\/"},"modified":"2023-04-12T12:02:17","modified_gmt":"2023-04-12T12:02:17","slug":"toimistolaatikosto-tk130","status":"publish","type":"product","link":"https:\/\/www.toika.com\/en\/product\/toimistolaatikosto-tk130\/","title":{"rendered":"Toimistolaatikosto TK130"},"content":{"rendered":"<p>Tyylik\u00e4s ja kest\u00e4v\u00e4 toimistolaatikosto, jossa on reilusti tilaa. Runko on laminaattia ja alla py\u00f6r\u00e4t. Ylin laatikko on lukittava.<\/p>\n<p>(L x S x K): 41 x 63 x 60 cm.<\/p>\n","protected":false},"excerpt":{"rendered":"<p>Tyylik\u00e4s ja kest\u00e4v\u00e4 toimistolaatikosto, jossa on reilusti tilaa. Runko on laminaattia ja alla py\u00f6r\u00e4t. Ylin laatikko on lukittava. (L x S x K): 41 x 63 x 60 cm.<\/p>\n","protected":false},"featured_media":1987,"comment_status":"open","ping_status":"closed","template":"","meta":{"_acf_changed":false,"inline_featured_image":false},"product_brand":[],"product_cat":[127,135],"product_tag":[],"class_list":{"0":"post-2714","1":"product","2":"type-product","3":"status-publish","4":"has-post-thumbnail","6":"product_cat-furniture","7":"product_cat-other-furniture","9":"first","10":"instock","11":"shipping-taxable","12":"product-type-simple"},"acf":[],"_links":{"self":[{"href":"https:\/\/www.toika.com\/en\/wp-json\/wp\/v2\/product\/2714","targetHints":{"allow":["GET"]}}],"collection":[{"href":"https:\/\/www.toika.com\/en\/wp-json\/wp\/v2\/product"}],"about":[{"href":"https:\/\/www.toika.com\/en\/wp-json\/wp\/v2\/types\/product"}],"replies":[{"embeddable":true,"href":"https:\/\/www.toika.com\/en\/wp-json\/wp\/v2\/comments?post=2714"}],"wp:featuredmedia":[{"embeddable":true,"href":"https:\/\/www.toika.com\/en\/wp-json\/wp\/v2\/media\/1987"}],"wp:attachment":[{"href":"https:\/\/www.toika.com\/en\/wp-json\/wp\/v2\/media?parent=2714"}],"wp:term":[{"taxonomy":"product_brand","embeddable":true,"href":"https:\/\/www.toika.com\/en\/wp-json\/wp\/v2\/product_brand?post=2714"},{"taxonomy":"product_cat","embeddable":true,"href":"https:\/\/www.toika.com\/en\/wp-json\/wp\/v2\/product_cat?post=2714"},{"taxonomy":"product_tag","embeddable":true,"href":"https:\/\/www.toika.com\/en\/wp-json\/wp\/v2\/product_tag?post=2714"}],"curies":[{"name":"wp","href":"https:\/\/api.w.org\/{rel}","templated":true}]}}