{"id":2718,"date":"2023-04-12T12:01:27","date_gmt":"2023-04-12T12:01:27","guid":{"rendered":"https:\/\/toika.sapartners.site\/product\/tarvikevaunu-tk283\/"},"modified":"2024-04-23T04:22:17","modified_gmt":"2024-04-23T04:22:17","slug":"equipment-trolley-tk283","status":"publish","type":"product","link":"https:\/\/www.toika.com\/en\/product\/equipment-trolley-tk283\/","title":{"rendered":"Equipment Trolley TK283"},"content":{"rendered":"<p>K\u00e4tev\u00e4ss\u00e4 kaksipuoleisessa ja symmetrisess\u00e4 tarvikevaunussa on 2 hyllytasoa ja 3-lokeroinen yl\u00e4taso. Alimmalla tasolla on sivureuna, joka pit\u00e4\u00e4 vieriv\u00e4tkin tavarat vaunun kyydiss\u00e4. Vaunu on lakattua massiivikoivua.<\/p>\n<ul>\n<li>Koko (L x S x K): 80 x 50 x 77 cm, py\u00f6r\u00e4t alla<\/li>\n<\/ul>\n","protected":false},"excerpt":{"rendered":"<p>K\u00e4tev\u00e4ss\u00e4 kaksipuoleisessa ja symmetrisess\u00e4 tarvikevaunussa on 2 hyllytasoa ja 3-lokeroinen yl\u00e4taso. Alimmalla tasolla on sivureuna, joka pit\u00e4\u00e4 vieriv\u00e4tkin tavarat vaunun kyydiss\u00e4. Vaunu on lakattua massiivikoivua. Koko (L x S x K): 80 x 50 x 77 cm, py\u00f6r\u00e4t alla<\/p>\n","protected":false},"featured_media":1979,"comment_status":"open","ping_status":"closed","template":"","meta":{"_acf_changed":false,"inline_featured_image":false},"product_brand":[],"product_cat":[127,139],"product_tag":[],"class_list":{"0":"post-2718","1":"product","2":"type-product","3":"status-publish","4":"has-post-thumbnail","6":"product_cat-furniture","7":"product_cat-trolleys","9":"first","10":"instock","11":"shipping-taxable","12":"product-type-simple"},"acf":[],"_links":{"self":[{"href":"https:\/\/www.toika.com\/en\/wp-json\/wp\/v2\/product\/2718","targetHints":{"allow":["GET"]}}],"collection":[{"href":"https:\/\/www.toika.com\/en\/wp-json\/wp\/v2\/product"}],"about":[{"href":"https:\/\/www.toika.com\/en\/wp-json\/wp\/v2\/types\/product"}],"replies":[{"embeddable":true,"href":"https:\/\/www.toika.com\/en\/wp-json\/wp\/v2\/comments?post=2718"}],"wp:featuredmedia":[{"embeddable":true,"href":"https:\/\/www.toika.com\/en\/wp-json\/wp\/v2\/media\/1979"}],"wp:attachment":[{"href":"https:\/\/www.toika.com\/en\/wp-json\/wp\/v2\/media?parent=2718"}],"wp:term":[{"taxonomy":"product_brand","embeddable":true,"href":"https:\/\/www.toika.com\/en\/wp-json\/wp\/v2\/product_brand?post=2718"},{"taxonomy":"product_cat","embeddable":true,"href":"https:\/\/www.toika.com\/en\/wp-json\/wp\/v2\/product_cat?post=2718"},{"taxonomy":"product_tag","embeddable":true,"href":"https:\/\/www.toika.com\/en\/wp-json\/wp\/v2\/product_tag?post=2718"}],"curies":[{"name":"wp","href":"https:\/\/api.w.org\/{rel}","templated":true}]}}