{"id":2742,"date":"2023-04-12T11:44:00","date_gmt":"2023-04-12T11:44:00","guid":{"rendered":"https:\/\/toika.sapartners.site\/product\/rakentelupoyta-tk744\/"},"modified":"2023-04-12T11:44:00","modified_gmt":"2023-04-12T11:44:00","slug":"rakentelupoyta-tk744","status":"publish","type":"product","link":"https:\/\/www.toika.com\/en\/product\/rakentelupoyta-tk744\/","title":{"rendered":"Rakentelup\u00f6yt\u00e4 TK744"},"content":{"rendered":"<p>K\u00e4tev\u00e4 ja kest\u00e4v\u00e4 s\u00e4ilytin, jossa 6 avolokeroa matalille irtolaatikoille B molemmilla puolilla (yhteens\u00e4 12). Irtolaatikot myyd\u00e4\u00e4n erikseen. 5 py\u00f6r\u00e4\u00e4 joista 2 lukittavaa.<\/p>\n<p>Kalusteesta on lasten helppo itse ottaa ja laittaa takaisin irtolaatikot. Kannen reunat pit\u00e4v\u00e4t lelut ja rakentelupalikat kyydiss\u00e4.<\/p>\n<p>(L x S x K): 120 x 75 x 44 cm<\/p>\n<p><strong>Toikan v\u00e4rimallisto<\/strong><\/p>\n<p>Valitse halutessasi tyylik\u00e4s ja kest\u00e4v\u00e4 korkeapainelaminaatti rakentelutasolle ja laatikoiden etusarjoille.<\/p>\n<p><img decoding=\"async\" src=\"https:\/\/toika.sapartners.site\/wp-content\/uploads\/2023\/04\/varimallisto_korkeapainelaminaatit1001-min-1.png\" alt=\"\" \/><\/p>\n","protected":false},"excerpt":{"rendered":"<p>K\u00e4tev\u00e4 ja kest\u00e4v\u00e4 s\u00e4ilytin, jossa 6 avolokeroa matalille irtolaatikoille B molemmilla puolilla (yhteens\u00e4 12). Irtolaatikot myyd\u00e4\u00e4n erikseen. 5 py\u00f6r\u00e4\u00e4 joista 2 lukittavaa. Kalusteesta on lasten helppo itse ottaa ja laittaa takaisin irtolaatikot. Kannen reunat pit\u00e4v\u00e4t lelut ja rakentelupalikat kyydiss\u00e4. (L x S x K): 120 x 75 x 44 cm Toikan v\u00e4rimallisto Valitse halutessasi tyylik\u00e4s [&hellip;]<\/p>\n","protected":false},"featured_media":1899,"comment_status":"open","ping_status":"closed","template":"","meta":{"_acf_changed":false,"inline_featured_image":false},"product_brand":[],"product_cat":[127,135],"product_tag":[],"class_list":{"0":"post-2742","1":"product","2":"type-product","3":"status-publish","4":"has-post-thumbnail","6":"product_cat-furniture","7":"product_cat-other-furniture","9":"first","10":"instock","11":"shipping-taxable","12":"product-type-simple"},"acf":[],"_links":{"self":[{"href":"https:\/\/www.toika.com\/en\/wp-json\/wp\/v2\/product\/2742","targetHints":{"allow":["GET"]}}],"collection":[{"href":"https:\/\/www.toika.com\/en\/wp-json\/wp\/v2\/product"}],"about":[{"href":"https:\/\/www.toika.com\/en\/wp-json\/wp\/v2\/types\/product"}],"replies":[{"embeddable":true,"href":"https:\/\/www.toika.com\/en\/wp-json\/wp\/v2\/comments?post=2742"}],"wp:featuredmedia":[{"embeddable":true,"href":"https:\/\/www.toika.com\/en\/wp-json\/wp\/v2\/media\/1899"}],"wp:attachment":[{"href":"https:\/\/www.toika.com\/en\/wp-json\/wp\/v2\/media?parent=2742"}],"wp:term":[{"taxonomy":"product_brand","embeddable":true,"href":"https:\/\/www.toika.com\/en\/wp-json\/wp\/v2\/product_brand?post=2742"},{"taxonomy":"product_cat","embeddable":true,"href":"https:\/\/www.toika.com\/en\/wp-json\/wp\/v2\/product_cat?post=2742"},{"taxonomy":"product_tag","embeddable":true,"href":"https:\/\/www.toika.com\/en\/wp-json\/wp\/v2\/product_tag?post=2742"}],"curies":[{"name":"wp","href":"https:\/\/api.w.org\/{rel}","templated":true}]}}