{"id":2774,"date":"2023-04-12T11:26:04","date_gmt":"2023-04-12T11:26:04","guid":{"rendered":"https:\/\/toika.sapartners.site\/product\/nukenvaunu\/"},"modified":"2023-04-12T11:26:04","modified_gmt":"2023-04-12T11:26:04","slug":"nukenvaunu","status":"publish","type":"product","link":"https:\/\/www.toika.com\/en\/product\/nukenvaunu\/","title":{"rendered":"Nukenvaunu"},"content":{"rendered":"<p>Huippu-uutuus! P\u00e4iv\u00e4kotik\u00e4ytt\u00f6\u00f6n valmistettu ihana nukenvaunu, johon mahtuvat nuket ja barbitkin.<\/p>\n","protected":false},"excerpt":{"rendered":"<p>Huippu-uutuus! P\u00e4iv\u00e4kotik\u00e4ytt\u00f6\u00f6n valmistettu ihana nukenvaunu, johon mahtuvat nuket ja barbitkin.<\/p>\n","protected":false},"featured_media":1831,"comment_status":"open","ping_status":"closed","template":"","meta":{"_acf_changed":false,"inline_featured_image":false},"product_brand":[],"product_cat":[127,151],"product_tag":[],"class_list":{"0":"post-2774","1":"product","2":"type-product","3":"status-publish","4":"has-post-thumbnail","6":"product_cat-furniture","7":"product_cat-toys","9":"first","10":"instock","11":"shipping-taxable","12":"product-type-simple"},"acf":[],"_links":{"self":[{"href":"https:\/\/www.toika.com\/en\/wp-json\/wp\/v2\/product\/2774","targetHints":{"allow":["GET"]}}],"collection":[{"href":"https:\/\/www.toika.com\/en\/wp-json\/wp\/v2\/product"}],"about":[{"href":"https:\/\/www.toika.com\/en\/wp-json\/wp\/v2\/types\/product"}],"replies":[{"embeddable":true,"href":"https:\/\/www.toika.com\/en\/wp-json\/wp\/v2\/comments?post=2774"}],"wp:featuredmedia":[{"embeddable":true,"href":"https:\/\/www.toika.com\/en\/wp-json\/wp\/v2\/media\/1831"}],"wp:attachment":[{"href":"https:\/\/www.toika.com\/en\/wp-json\/wp\/v2\/media?parent=2774"}],"wp:term":[{"taxonomy":"product_brand","embeddable":true,"href":"https:\/\/www.toika.com\/en\/wp-json\/wp\/v2\/product_brand?post=2774"},{"taxonomy":"product_cat","embeddable":true,"href":"https:\/\/www.toika.com\/en\/wp-json\/wp\/v2\/product_cat?post=2774"},{"taxonomy":"product_tag","embeddable":true,"href":"https:\/\/www.toika.com\/en\/wp-json\/wp\/v2\/product_tag?post=2774"}],"curies":[{"name":"wp","href":"https:\/\/api.w.org\/{rel}","templated":true}]}}