{"id":2802,"date":"2023-04-12T07:34:18","date_gmt":"2023-04-12T07:34:18","guid":{"rendered":"https:\/\/toika.sapartners.site\/product\/lasten-pirttikaluste\/"},"modified":"2023-04-12T07:34:18","modified_gmt":"2023-04-12T07:34:18","slug":"lasten-pirttikaluste","status":"publish","type":"product","link":"https:\/\/www.toika.com\/en\/product\/lasten-pirttikaluste\/","title":{"rendered":"Lasten pirttikaluste"},"content":{"rendered":"<p>Tyylik\u00e4s ja perinteinen pirttikaluste. Lakattua massiivikoivua.<\/p>\n<p>P\u00f6yd\u00e4n koko (P x L x K): 90 x 50 x 56 cm<\/p>\n","protected":false},"excerpt":{"rendered":"<p>Tyylik\u00e4s ja perinteinen pirttikaluste. Lakattua massiivikoivua. P\u00f6yd\u00e4n koko (P x L x K): 90 x 50 x 56 cm<\/p>\n","protected":false},"featured_media":1747,"comment_status":"open","ping_status":"closed","template":"","meta":{"_acf_changed":false,"inline_featured_image":false},"product_brand":[],"product_cat":[127,143],"product_tag":[],"class_list":{"0":"post-2802","1":"product","2":"type-product","3":"status-publish","4":"has-post-thumbnail","6":"product_cat-furniture","7":"product_cat-tables-chairs-and-benches","9":"first","10":"instock","11":"shipping-taxable","12":"product-type-simple"},"acf":[],"_links":{"self":[{"href":"https:\/\/www.toika.com\/en\/wp-json\/wp\/v2\/product\/2802","targetHints":{"allow":["GET"]}}],"collection":[{"href":"https:\/\/www.toika.com\/en\/wp-json\/wp\/v2\/product"}],"about":[{"href":"https:\/\/www.toika.com\/en\/wp-json\/wp\/v2\/types\/product"}],"replies":[{"embeddable":true,"href":"https:\/\/www.toika.com\/en\/wp-json\/wp\/v2\/comments?post=2802"}],"wp:featuredmedia":[{"embeddable":true,"href":"https:\/\/www.toika.com\/en\/wp-json\/wp\/v2\/media\/1747"}],"wp:attachment":[{"href":"https:\/\/www.toika.com\/en\/wp-json\/wp\/v2\/media?parent=2802"}],"wp:term":[{"taxonomy":"product_brand","embeddable":true,"href":"https:\/\/www.toika.com\/en\/wp-json\/wp\/v2\/product_brand?post=2802"},{"taxonomy":"product_cat","embeddable":true,"href":"https:\/\/www.toika.com\/en\/wp-json\/wp\/v2\/product_cat?post=2802"},{"taxonomy":"product_tag","embeddable":true,"href":"https:\/\/www.toika.com\/en\/wp-json\/wp\/v2\/product_tag?post=2802"}],"curies":[{"name":"wp","href":"https:\/\/api.w.org\/{rel}","templated":true}]}}