{"id":2842,"date":"2023-04-05T07:49:44","date_gmt":"2023-04-05T07:49:44","guid":{"rendered":"https:\/\/toika.sapartners.site\/product\/aikuistentuoli-tk610\/"},"modified":"2024-10-17T05:41:48","modified_gmt":"2024-10-17T05:41:48","slug":"aikuistentuoli-tk610","status":"publish","type":"product","link":"https:\/\/www.toika.com\/en\/product\/aikuistentuoli-tk610\/","title":{"rendered":"Aikuistentuoli TK610"},"content":{"rendered":"<p>Pinottava aikuistentuoli, istuinkorkeus 45 cm. Runko lakattua koivua, istuinosa ja selk\u00e4noja saatavissa laminaattiviimeistelyll\u00e4.<\/p>\n<p>Toikan v\u00e4rimallisto<br \/>\nValitse halutessasi tyylik\u00e4s ja kest\u00e4v\u00e4 korkeapainelaminaatti selk\u00e4nojalle ja istuimelle.<\/p>\n<p><img fetchpriority=\"high\" decoding=\"async\" class=\"alignnone wp-image-3987 size-full\" src=\"https:\/\/www.toika.com\/wp-content\/uploads\/2023\/04\/vakiovarit24.png\" alt=\"\" width=\"965\" height=\"431\" srcset=\"https:\/\/www.toika.com\/wp-content\/uploads\/2023\/04\/vakiovarit24.png 965w, https:\/\/www.toika.com\/wp-content\/uploads\/2023\/04\/vakiovarit24-300x134.png 300w, https:\/\/www.toika.com\/wp-content\/uploads\/2023\/04\/vakiovarit24-768x343.png 768w, https:\/\/www.toika.com\/wp-content\/uploads\/2023\/04\/vakiovarit24-600x268.png 600w\" sizes=\"(max-width: 965px) 100vw, 965px\" \/><\/p>\n","protected":false},"excerpt":{"rendered":"<p>Pinottava aikuistentuoli, istuinkorkeus 45 cm. Runko lakattua koivua, istuinosa ja selk\u00e4noja saatavissa laminaattiviimeistelyll\u00e4. Toikan v\u00e4rimallisto Valitse halutessasi tyylik\u00e4s ja kest\u00e4v\u00e4 korkeapainelaminaatti selk\u00e4nojalle ja istuimelle.<\/p>\n","protected":false},"featured_media":1647,"comment_status":"open","ping_status":"closed","template":"","meta":{"_acf_changed":false,"inline_featured_image":false},"product_brand":[],"product_cat":[127,143],"product_tag":[],"class_list":{"0":"post-2842","1":"product","2":"type-product","3":"status-publish","4":"has-post-thumbnail","6":"product_cat-furniture","7":"product_cat-tables-chairs-and-benches","9":"first","10":"instock","11":"shipping-taxable","12":"product-type-simple"},"acf":[],"_links":{"self":[{"href":"https:\/\/www.toika.com\/en\/wp-json\/wp\/v2\/product\/2842","targetHints":{"allow":["GET"]}}],"collection":[{"href":"https:\/\/www.toika.com\/en\/wp-json\/wp\/v2\/product"}],"about":[{"href":"https:\/\/www.toika.com\/en\/wp-json\/wp\/v2\/types\/product"}],"replies":[{"embeddable":true,"href":"https:\/\/www.toika.com\/en\/wp-json\/wp\/v2\/comments?post=2842"}],"wp:featuredmedia":[{"embeddable":true,"href":"https:\/\/www.toika.com\/en\/wp-json\/wp\/v2\/media\/1647"}],"wp:attachment":[{"href":"https:\/\/www.toika.com\/en\/wp-json\/wp\/v2\/media?parent=2842"}],"wp:term":[{"taxonomy":"product_brand","embeddable":true,"href":"https:\/\/www.toika.com\/en\/wp-json\/wp\/v2\/product_brand?post=2842"},{"taxonomy":"product_cat","embeddable":true,"href":"https:\/\/www.toika.com\/en\/wp-json\/wp\/v2\/product_cat?post=2842"},{"taxonomy":"product_tag","embeddable":true,"href":"https:\/\/www.toika.com\/en\/wp-json\/wp\/v2\/product_tag?post=2842"}],"curies":[{"name":"wp","href":"https:\/\/api.w.org\/{rel}","templated":true}]}}