{"id":2870,"date":"2023-04-05T07:28:17","date_gmt":"2023-04-05T07:28:17","guid":{"rendered":"https:\/\/toika.sapartners.site\/product\/lokerikko-tk121m1-tk125m1\/"},"modified":"2024-06-11T07:29:36","modified_gmt":"2024-06-11T07:29:36","slug":"lokerikko-tk121m1-tk125m1","status":"publish","type":"product","link":"https:\/\/www.toika.com\/en\/product\/lokerikko-tk121m1-tk125m1\/","title":{"rendered":"Lokerikko TK121M1-TK125M1"},"content":{"rendered":"<p>Toika-lokerikot TK121M1-TK125M1 ovat sein\u00e4\u00e4n kiinnitett\u00e4vi\u00e4 eteiskalusteita, jotka s\u00e4\u00e4st\u00e4v\u00e4t tilaa ja helpottavat siivousta. Lokerikoiden runko on lakattua massiivikoivua. Ovet ovat lakattua koivua tai korkeapainelaminaattia. Lokerov\u00e4li saatavissa 200, 250, 300 tai 400 mm.<\/p>\n<p>(S x K): 270 x 300 mm<\/p>\n<h2>V\u00e4rimallisto<\/h2>\n<p>Valitse halutessasi antivirus ja antibakteerinen korkeapainelaminaatti lokerikon oville.<\/p>\n<p><img fetchpriority=\"high\" decoding=\"async\" class=\"alignnone wp-image-3987 size-full\" src=\"https:\/\/www.toika.com\/wp-content\/uploads\/2023\/04\/vakiovarit24.png\" alt=\"\" width=\"965\" height=\"431\" srcset=\"https:\/\/www.toika.com\/wp-content\/uploads\/2023\/04\/vakiovarit24.png 965w, https:\/\/www.toika.com\/wp-content\/uploads\/2023\/04\/vakiovarit24-300x134.png 300w, https:\/\/www.toika.com\/wp-content\/uploads\/2023\/04\/vakiovarit24-768x343.png 768w, https:\/\/www.toika.com\/wp-content\/uploads\/2023\/04\/vakiovarit24-600x268.png 600w\" sizes=\"(max-width: 965px) 100vw, 965px\" \/><\/p>\n","protected":false},"excerpt":{"rendered":"<p>Toika-lokerikot TK121M1-TK125M1 ovat sein\u00e4\u00e4n kiinnitett\u00e4vi\u00e4 eteiskalusteita, jotka s\u00e4\u00e4st\u00e4v\u00e4t tilaa ja helpottavat siivousta. Lokerikoiden runko on lakattua massiivikoivua. Ovet ovat lakattua koivua tai korkeapainelaminaattia. Lokerov\u00e4li saatavissa 200, 250, 300 tai 400 mm. (S x K): 270 x 300 mm V\u00e4rimallisto Valitse halutessasi antivirus ja antibakteerinen korkeapainelaminaatti lokerikon oville.<\/p>\n","protected":false},"featured_media":3993,"comment_status":"open","ping_status":"closed","template":"","meta":{"_acf_changed":false,"inline_featured_image":false},"product_brand":[],"product_cat":[127,159],"product_tag":[],"class_list":{"0":"post-2870","1":"product","2":"type-product","3":"status-publish","4":"has-post-thumbnail","6":"product_cat-furniture","7":"product_cat-vestibule-furniture","9":"first","10":"instock","11":"shipping-taxable","12":"product-type-simple"},"acf":[],"_links":{"self":[{"href":"https:\/\/www.toika.com\/en\/wp-json\/wp\/v2\/product\/2870","targetHints":{"allow":["GET"]}}],"collection":[{"href":"https:\/\/www.toika.com\/en\/wp-json\/wp\/v2\/product"}],"about":[{"href":"https:\/\/www.toika.com\/en\/wp-json\/wp\/v2\/types\/product"}],"replies":[{"embeddable":true,"href":"https:\/\/www.toika.com\/en\/wp-json\/wp\/v2\/comments?post=2870"}],"wp:featuredmedia":[{"embeddable":true,"href":"https:\/\/www.toika.com\/en\/wp-json\/wp\/v2\/media\/3993"}],"wp:attachment":[{"href":"https:\/\/www.toika.com\/en\/wp-json\/wp\/v2\/media?parent=2870"}],"wp:term":[{"taxonomy":"product_brand","embeddable":true,"href":"https:\/\/www.toika.com\/en\/wp-json\/wp\/v2\/product_brand?post=2870"},{"taxonomy":"product_cat","embeddable":true,"href":"https:\/\/www.toika.com\/en\/wp-json\/wp\/v2\/product_cat?post=2870"},{"taxonomy":"product_tag","embeddable":true,"href":"https:\/\/www.toika.com\/en\/wp-json\/wp\/v2\/product_tag?post=2870"}],"curies":[{"name":"wp","href":"https:\/\/api.w.org\/{rel}","templated":true}]}}