{"id":5038,"date":"2025-01-04T13:37:40","date_gmt":"2025-01-04T13:37:40","guid":{"rendered":"https:\/\/www.toika.com\/kasityovalineet\/"},"modified":"2025-01-05T17:44:05","modified_gmt":"2025-01-05T17:44:05","slug":"kasityovalineet","status":"publish","type":"page","link":"https:\/\/www.toika.com\/ru\/kasityovalineet\/","title":{"rendered":"K\u00e4sity\u00f6v\u00e4lineet"},"content":{"rendered":"\t\t<div data-elementor-type=\"wp-page\" data-elementor-id=\"5038\" class=\"elementor elementor-5038 elementor-4842\" data-elementor-post-type=\"page\">\n\t\t\t\t<div class=\"elementor-element elementor-element-2a6006b e-con-full e-flex e-con e-parent\" data-id=\"2a6006b\" data-element_type=\"container\" data-e-type=\"container\" data-settings=\"{&quot;background_background&quot;:&quot;classic&quot;}\">\n\t\t<div class=\"elementor-element elementor-element-13ba43a e-con-full e-flex e-con e-child\" data-id=\"13ba43a\" data-element_type=\"container\" data-e-type=\"container\" data-settings=\"{&quot;background_background&quot;:&quot;classic&quot;}\">\n\t\t\t\t<div class=\"elementor-element elementor-element-1dd3ea5 elementor-widget elementor-widget-heading\" data-id=\"1dd3ea5\" data-element_type=\"widget\" data-e-type=\"widget\" data-widget_type=\"heading.default\">\n\t\t\t\t<div class=\"elementor-widget-container\">\n\t\t\t\t\t<h1 class=\"elementor-heading-title elementor-size-default\">K\u00e4sity\u00f6v\u00e4lineet<\/h1>\t\t\t\t<\/div>\n\t\t\t\t<\/div>\n\t\t\t\t<\/div>\n\t\t<div class=\"elementor-element elementor-element-8d97ab7 e-con-full e-flex e-con e-child\" data-id=\"8d97ab7\" data-element_type=\"container\" data-e-type=\"container\" data-settings=\"{&quot;background_background&quot;:&quot;classic&quot;}\">\n\t\t\t\t<\/div>\n\t\t\t\t<\/div>\n\t\t<div class=\"elementor-element elementor-element-9e738ef e-flex e-con-boxed e-con e-parent\" data-id=\"9e738ef\" data-element_type=\"container\" data-e-type=\"container\">\n\t\t\t\t\t<div class=\"e-con-inner\">\n\t\t\t\t<div class=\"elementor-element elementor-element-bf1254e elementor-widget elementor-widget-heading\" data-id=\"bf1254e\" data-element_type=\"widget\" data-e-type=\"widget\" data-widget_type=\"heading.default\">\n\t\t\t\t<div class=\"elementor-widget-container\">\n\t\t\t\t\t<h2 class=\"elementor-heading-title elementor-size-default\">Perinteit\u00e4 ja laatua k\u00e4sity\u00f6harrastajille<\/h2>\t\t\t\t<\/div>\n\t\t\t\t<\/div>\n\t\t\t\t\t<\/div>\n\t\t\t\t<\/div>\n\t\t<div class=\"elementor-element elementor-element-fe98967 e-flex e-con-boxed e-con e-parent\" data-id=\"fe98967\" data-element_type=\"container\" data-e-type=\"container\">\n\t\t\t\t\t<div class=\"e-con-inner\">\n\t\t\t\t<div class=\"elementor-element elementor-element-528e5c2 elementor-widget elementor-widget-text-editor\" data-id=\"528e5c2\" data-element_type=\"widget\" data-e-type=\"widget\" data-widget_type=\"text-editor.default\">\n\t\t\t\t<div class=\"elementor-widget-container\">\n\t\t\t\t\t\t\t\t\t<p>Toika on k\u00e4sity\u00f6v\u00e4lineiden asiantuntija, joka on palvellut perinteit\u00e4 ja laatua arvostavia k\u00e4sity\u00f6l\u00e4isi\u00e4 jo vuosikymmenten ajan. <strong><a href=\"http:\/\/kauppa.toika.com\" target=\"_blank\" rel=\"noopener\">Verkkokauppamme<\/a><\/strong> tarjoaa monipuolisen valikoiman huolellisesti valmistettuja, korkealaatuisia k\u00e4sity\u00f6v\u00e4lineit\u00e4 niin harrastajille kuin ammattilaisille. Valikoimamme sis\u00e4lt\u00e4\u00e4 tarvikkeita ja v\u00e4lineit\u00e4 mm. kudontaan, kehr\u00e4ykseen, tuftaukseen, nypl\u00e4ykseen, virkkaukseen, neulontaan ja makramee-t\u00f6ihin.<\/p><p>Jokainen tuotteemme on suunniteltu helpottamaan k\u00e4sity\u00f6n tekemist\u00e4 ja tukemaan luovaa prosessia. Olitpa sitten kudonnan ammattilainen, kehr\u00e4yksen harrastaja tai uuden k\u00e4sity\u00f6harrastuksen aloittelija, l\u00f6yd\u00e4t meilt\u00e4 juuri oikeat ty\u00f6v\u00e4lineet ja materiaalit.<\/p><p>Suuren osan valikoimastamme valmistamme itse Akaassa. Lis\u00e4ksi l\u00f6yd\u00e4t meilt\u00e4 mm. laajan valikoiman Ashfordin laadukkaita k\u00e4sity\u00f6v\u00e4lineit\u00e4, kuten rukkeja, pirtakangaspuita ja karstoja.<\/p><p>Tutustu tuotteisiimme <strong><a href=\"http:\/\/kauppa.toika.com\" target=\"_blank\" rel=\"noopener\">verkossa<\/a><\/strong> tai myym\u00e4l\u00e4ss\u00e4mme!<\/p>\t\t\t\t\t\t\t\t<\/div>\n\t\t\t\t<\/div>\n\t\t\t\t\t<\/div>\n\t\t\t\t<\/div>\n\t\t<div class=\"elementor-element elementor-element-ca8600d e-grid e-con-boxed e-con e-parent\" data-id=\"ca8600d\" data-element_type=\"container\" data-e-type=\"container\">\n\t\t\t\t\t<div class=\"e-con-inner\">\n\t\t\t\t<div class=\"elementor-element elementor-element-7607e4f elementor-widget elementor-widget-image\" data-id=\"7607e4f\" data-element_type=\"widget\" data-e-type=\"widget\" data-widget_type=\"image.default\">\n\t\t\t\t<div class=\"elementor-widget-container\">\n\t\t\t\t\t\t\t\t\t\t\t\t<figure class=\"wp-caption\">\n\t\t\t\t\t\t\t\t\t\t\t<a href=\"https:\/\/www.toika.com\/tuote\/tietokoneohjaus\/\">\n\t\t\t\t\t\t\t<img fetchpriority=\"high\" decoding=\"async\" width=\"300\" height=\"200\" src=\"https:\/\/www.toika.com\/wp-content\/uploads\/2023\/04\/1toika-300x200.png\" class=\"attachment-medium size-medium wp-image-3822\" alt=\"\" srcset=\"https:\/\/www.toika.com\/wp-content\/uploads\/2023\/04\/1toika-300x200.png 300w, https:\/\/www.toika.com\/wp-content\/uploads\/2023\/04\/1toika.png 600w\" sizes=\"(max-width: 300px) 100vw, 300px\" \/>\t\t\t\t\t\t\t\t<\/a>\n\t\t\t\t\t\t\t\t\t\t\t<figcaption class=\"widget-image-caption wp-caption-text\">TIETOKONEOHJATUT KANGASPUUT<\/figcaption>\n\t\t\t\t\t\t\t\t\t\t<\/figure>\n\t\t\t\t\t\t\t\t\t<\/div>\n\t\t\t\t<\/div>\n\t\t\t\t<div class=\"elementor-element elementor-element-5af058e elementor-widget elementor-widget-image\" data-id=\"5af058e\" data-element_type=\"widget\" data-e-type=\"widget\" data-widget_type=\"image.default\">\n\t\t\t\t<div class=\"elementor-widget-container\">\n\t\t\t\t\t\t\t\t\t\t\t\t<figure class=\"wp-caption\">\n\t\t\t\t\t\t\t\t\t\t\t<a href=\"https:\/\/www.toika.com\/kangaspuut\/\">\n\t\t\t\t\t\t\t<img decoding=\"async\" width=\"300\" height=\"225\" src=\"https:\/\/www.toika.com\/wp-content\/uploads\/2023\/04\/Anni5-min-300x225.png\" class=\"attachment-woocommerce_thumbnail size-woocommerce_thumbnail wp-image-2013\" alt=\"\" \/>\t\t\t\t\t\t\t\t<\/a>\n\t\t\t\t\t\t\t\t\t\t\t<figcaption class=\"widget-image-caption wp-caption-text\">KANGASPUUT<\/figcaption>\n\t\t\t\t\t\t\t\t\t\t<\/figure>\n\t\t\t\t\t\t\t\t\t<\/div>\n\t\t\t\t<\/div>\n\t\t\t\t<div class=\"elementor-element elementor-element-c3c57ec elementor-widget elementor-widget-image\" data-id=\"c3c57ec\" data-element_type=\"widget\" data-e-type=\"widget\" data-widget_type=\"image.default\">\n\t\t\t\t<div class=\"elementor-widget-container\">\n\t\t\t\t\t\t\t\t\t\t\t\t<figure class=\"wp-caption\">\n\t\t\t\t\t\t\t\t\t\t\t<a href=\"https:\/\/www.toika.com\/kudontavalineet\/\">\n\t\t\t\t\t\t\t<img decoding=\"async\" width=\"300\" height=\"225\" src=\"https:\/\/www.toika.com\/wp-content\/uploads\/2023\/04\/warping_mill-min-300x225.jpg\" class=\"attachment-woocommerce_thumbnail size-woocommerce_thumbnail wp-image-2325\" alt=\"\" \/>\t\t\t\t\t\t\t\t<\/a>\n\t\t\t\t\t\t\t\t\t\t\t<figcaption class=\"widget-image-caption wp-caption-text\">KUDONTAV\u00c4LINEET<\/figcaption>\n\t\t\t\t\t\t\t\t\t\t<\/figure>\n\t\t\t\t\t\t\t\t\t<\/div>\n\t\t\t\t<\/div>\n\t\t\t\t<div class=\"elementor-element elementor-element-7cb742e elementor-widget elementor-widget-image\" data-id=\"7cb742e\" data-element_type=\"widget\" data-e-type=\"widget\" data-widget_type=\"image.default\">\n\t\t\t\t<div class=\"elementor-widget-container\">\n\t\t\t\t\t\t\t\t\t\t\t\t<figure class=\"wp-caption\">\n\t\t\t\t\t\t\t\t\t\t\t<a href=\"https:\/\/www.toika.com\/kehruu-ja-karstaus\/\">\n\t\t\t\t\t\t\t<img loading=\"lazy\" decoding=\"async\" width=\"296\" height=\"225\" src=\"https:\/\/www.toika.com\/wp-content\/uploads\/2025\/01\/RUKKI-296x225.png\" class=\"attachment-woocommerce_thumbnail size-woocommerce_thumbnail wp-image-4876\" alt=\"\" \/>\t\t\t\t\t\t\t\t<\/a>\n\t\t\t\t\t\t\t\t\t\t\t<figcaption class=\"widget-image-caption wp-caption-text\">KEHRUU JA KARSTAUS<\/figcaption>\n\t\t\t\t\t\t\t\t\t\t<\/figure>\n\t\t\t\t\t\t\t\t\t<\/div>\n\t\t\t\t<\/div>\n\t\t\t\t<div class=\"elementor-element elementor-element-5a1acc4 elementor-widget elementor-widget-image\" data-id=\"5a1acc4\" data-element_type=\"widget\" data-e-type=\"widget\" data-widget_type=\"image.default\">\n\t\t\t\t<div class=\"elementor-widget-container\">\n\t\t\t\t\t\t\t\t\t\t\t\t<figure class=\"wp-caption\">\n\t\t\t\t\t\t\t\t\t\t\t<a href=\"https:\/\/www.toika.com\/tuftaus\/\">\n\t\t\t\t\t\t\t<img loading=\"lazy\" decoding=\"async\" width=\"300\" height=\"225\" src=\"https:\/\/www.toika.com\/wp-content\/uploads\/2023\/04\/tuftaus1-min-300x225.jpg\" class=\"attachment-woocommerce_thumbnail size-woocommerce_thumbnail wp-image-2365\" alt=\"\" \/>\t\t\t\t\t\t\t\t<\/a>\n\t\t\t\t\t\t\t\t\t\t\t<figcaption class=\"widget-image-caption wp-caption-text\">TUFTAUS<\/figcaption>\n\t\t\t\t\t\t\t\t\t\t<\/figure>\n\t\t\t\t\t\t\t\t\t<\/div>\n\t\t\t\t<\/div>\n\t\t\t\t<div class=\"elementor-element elementor-element-2168a9a elementor-widget elementor-widget-image\" data-id=\"2168a9a\" data-element_type=\"widget\" data-e-type=\"widget\" data-widget_type=\"image.default\">\n\t\t\t\t<div class=\"elementor-widget-container\">\n\t\t\t\t\t\t\t\t\t\t\t\t<figure class=\"wp-caption\">\n\t\t\t\t\t\t\t\t\t\t\t<a href=\"https:\/\/www.toika.com\/ashford\">\n\t\t\t\t\t\t\t<img loading=\"lazy\" decoding=\"async\" width=\"300\" height=\"225\" src=\"https:\/\/www.toika.com\/wp-content\/uploads\/2025\/01\/Knitters_Loom-300x225.jpg\" class=\"attachment-woocommerce_thumbnail size-woocommerce_thumbnail wp-image-5305\" alt=\"\" \/>\t\t\t\t\t\t\t\t<\/a>\n\t\t\t\t\t\t\t\t\t\t\t<figcaption class=\"widget-image-caption wp-caption-text\">ASHFORD<\/figcaption>\n\t\t\t\t\t\t\t\t\t\t<\/figure>\n\t\t\t\t\t\t\t\t\t<\/div>\n\t\t\t\t<\/div>\n\t\t\t\t\t<\/div>\n\t\t\t\t<\/div>\n\t\t\t\t<\/div>\n\t\t","protected":false},"excerpt":{"rendered":"<p>K\u00e4sity\u00f6v\u00e4lineet Perinteit\u00e4 ja laatua k\u00e4sity\u00f6harrastajille Toika on k\u00e4sity\u00f6v\u00e4lineiden asiantuntija, joka on palvellut perinteit\u00e4 ja laatua arvostavia k\u00e4sity\u00f6l\u00e4isi\u00e4 jo vuosikymmenten ajan. Verkkokauppamme tarjoaa monipuolisen valikoiman huolellisesti valmistettuja, korkealaatuisia k\u00e4sity\u00f6v\u00e4lineit\u00e4 niin harrastajille kuin ammattilaisille. Valikoimamme sis\u00e4lt\u00e4\u00e4 tarvikkeita ja v\u00e4lineit\u00e4 mm. kudontaan, kehr\u00e4ykseen, tuftaukseen, nypl\u00e4ykseen, virkkaukseen, neulontaan ja makramee-t\u00f6ihin. Jokainen tuotteemme on suunniteltu helpottamaan k\u00e4sity\u00f6n tekemist\u00e4 ja tukemaan [&hellip;]<\/p>\n","protected":false},"author":2,"featured_media":0,"parent":0,"menu_order":0,"comment_status":"closed","ping_status":"closed","template":"","meta":{"_acf_changed":false,"inline_featured_image":false,"footnotes":""},"class_list":["post-5038","page","type-page","status-publish","hentry"],"acf":[],"_links":{"self":[{"href":"https:\/\/www.toika.com\/ru\/wp-json\/wp\/v2\/pages\/5038","targetHints":{"allow":["GET"]}}],"collection":[{"href":"https:\/\/www.toika.com\/ru\/wp-json\/wp\/v2\/pages"}],"about":[{"href":"https:\/\/www.toika.com\/ru\/wp-json\/wp\/v2\/types\/page"}],"author":[{"embeddable":true,"href":"https:\/\/www.toika.com\/ru\/wp-json\/wp\/v2\/users\/2"}],"replies":[{"embeddable":true,"href":"https:\/\/www.toika.com\/ru\/wp-json\/wp\/v2\/comments?post=5038"}],"version-history":[{"count":19,"href":"https:\/\/www.toika.com\/ru\/wp-json\/wp\/v2\/pages\/5038\/revisions"}],"predecessor-version":[{"id":5341,"href":"https:\/\/www.toika.com\/ru\/wp-json\/wp\/v2\/pages\/5038\/revisions\/5341"}],"wp:attachment":[{"href":"https:\/\/www.toika.com\/ru\/wp-json\/wp\/v2\/media?parent=5038"}],"curies":[{"name":"wp","href":"https:\/\/api.w.org\/{rel}","templated":true}]}}