{"id":4269,"date":"2024-11-08T05:40:57","date_gmt":"2024-11-08T05:40:57","guid":{"rendered":"https:\/\/www.toika.com\/?post_type=product&#038;p=4269"},"modified":"2024-11-08T05:59:59","modified_gmt":"2024-11-08T05:59:59","slug":"naulakko-tk101-tk105-kopio","status":"publish","type":"product","link":"https:\/\/www.toika.com\/ru\/product\/naulakko-tk101-tk105-kopio\/","title":{"rendered":"Naulakko TK101-TK105 (Kopio)"},"content":{"rendered":"<p>Toikan naulakot TK101-TK105 pit\u00e4v\u00e4t vaatteet j\u00e4rjestyksess\u00e4. Toimitetaan 1-5 osaisina. Runko on lakattua massiivikoivua. Ovet ja taustalevy ovat saatavissa lis\u00e4varusteena. Taustalevy on valkoista tai koivunv\u00e4rist\u00e4. Saatavissa ankkurikoukuilla tai henkaritangolla.<\/p>\n<p>(L): TK101 = 318 mm; TK102 = 618 mm; TK103 = 918 mm; TK104 = 1218 mm,  TK105 = 1518 mm<br \/>\n(S x K): 374 x 1690 mm<br \/>\nKiinnityskorkeus 1590 mm. Jalattomissa malleissa alakiinnityskorkeus on 135 mm.<\/p>\n<p>Lokerov\u00e4li saatavissa 200, 250, 300 tai 400 mm.<\/p>\n<p>Suunnittelija, lataa t\u00e4st\u00e4 dwg- tai dxf-kuva!<\/p>\n<p>Toikan v\u00e4rimallisto<br \/>\nValitse halutessasi tyylik\u00e4s ja kest\u00e4v\u00e4 korkeapainelaminaatti lokerikon oville ja penkin kannelle.<\/p>\n<p><img decoding=\"async\" src=\"https:\/\/toika.sapartners.site\/wp-content\/uploads\/2023\/04\/varimallisto_korkeapainelaminaatit1001-min-1.png\" alt=\"\" \/><\/p>\n","protected":false},"excerpt":{"rendered":"<p>Toikan naulakot TK101-TK105 pit\u00e4v\u00e4t vaatteet j\u00e4rjestyksess\u00e4. Toimitetaan 1-5 osaisina. Runko on lakattua massiivikoivua. Ovet ja taustalevy ovat saatavissa lis\u00e4varusteena. Taustalevy on valkoista tai koivunv\u00e4rist\u00e4. Saatavissa ankkurikoukuilla tai henkaritangolla. (L): TK101 = 318 mm; TK102 = 618 mm; TK103 = 918 mm; TK104 = 1218 mm, TK105 = 1518 mm (S x K): 374 x 1690 [&hellip;]<\/p>\n","protected":false},"featured_media":4274,"comment_status":"open","ping_status":"closed","template":"","meta":{"_acf_changed":false,"inline_featured_image":false},"product_brand":[],"product_cat":[161,131,149],"product_tag":[],"class_list":{"0":"post-4269","1":"product","2":"type-product","3":"status-publish","4":"has-post-thumbnail","6":"product_cat-eteiskalusteet-ru","7":"product_cat-kalusteet-ru","8":"product_cat-sangyt-ja-kaapit-ru","10":"first","11":"instock","12":"shipping-taxable","13":"product-type-simple"},"acf":[],"_links":{"self":[{"href":"https:\/\/www.toika.com\/ru\/wp-json\/wp\/v2\/product\/4269","targetHints":{"allow":["GET"]}}],"collection":[{"href":"https:\/\/www.toika.com\/ru\/wp-json\/wp\/v2\/product"}],"about":[{"href":"https:\/\/www.toika.com\/ru\/wp-json\/wp\/v2\/types\/product"}],"replies":[{"embeddable":true,"href":"https:\/\/www.toika.com\/ru\/wp-json\/wp\/v2\/comments?post=4269"}],"wp:featuredmedia":[{"embeddable":true,"href":"https:\/\/www.toika.com\/ru\/wp-json\/wp\/v2\/media\/4274"}],"wp:attachment":[{"href":"https:\/\/www.toika.com\/ru\/wp-json\/wp\/v2\/media?parent=4269"}],"wp:term":[{"taxonomy":"product_brand","embeddable":true,"href":"https:\/\/www.toika.com\/ru\/wp-json\/wp\/v2\/product_brand?post=4269"},{"taxonomy":"product_cat","embeddable":true,"href":"https:\/\/www.toika.com\/ru\/wp-json\/wp\/v2\/product_cat?post=4269"},{"taxonomy":"product_tag","embeddable":true,"href":"https:\/\/www.toika.com\/ru\/wp-json\/wp\/v2\/product_tag?post=4269"}],"curies":[{"name":"wp","href":"https:\/\/api.w.org\/{rel}","templated":true}]}}