{"id":4307,"date":"2024-11-08T13:18:20","date_gmt":"2024-11-08T13:18:20","guid":{"rendered":"https:\/\/www.toika.com\/?post_type=product&#038;p=4307"},"modified":"2024-11-08T13:23:39","modified_gmt":"2024-11-08T13:23:39","slug":"irtopenkki-tk141-tk145-kopio","status":"publish","type":"product","link":"https:\/\/www.toika.com\/ru\/product\/irtopenkki-tk141-tk145-kopio\/","title":{"rendered":"Irtopenkki TK141-TK145 (Kopio)"},"content":{"rendered":"<p>Toikan irtopenkit lokerikoiden TK121-TK125 alle. Penkkien runko on lakattua massiivikoivua. Penkin kansi on lakattua massiivikoivua tai korkeapainelaminaattia. Penkeiss\u00e4 on ter\u00e4sputkikenk\u00e4telineet. Penkit varustetaan nelj\u00e4ll\u00e4 s\u00e4\u00e4t\u00f6jalalla.<\/p>\n<p>(L): TK141 = 31,8 cm; TK142 = 61,8 cm; TK143 = 91,8 cm; TK144 = 121,8 cm,  TK145 = 151,8 cm<br \/>\n(S x K): 34 x 35 cm<br \/>\nSuunnittelija, lataa t\u00e4st\u00e4 dwg- tai dxf-kuva!<\/p>\n<p>Toikan v\u00e4rimallisto<br \/>\nValitse halutessasi tyylik\u00e4s ja kest\u00e4v\u00e4 korkeapainelaminaatti penkin kannelle.<\/p>\n<p><img decoding=\"async\" src=\"https:\/\/toika.sapartners.site\/wp-content\/uploads\/2023\/04\/varimallisto_korkeapainelaminaatit1001-min.png\" alt=\"Color image\" \/><\/p>\n","protected":false},"excerpt":{"rendered":"<p>Toikan irtopenkit lokerikoiden TK121-TK125 alle. Penkkien runko on lakattua massiivikoivua. Penkin kansi on lakattua massiivikoivua tai korkeapainelaminaattia. Penkeiss\u00e4 on ter\u00e4sputkikenk\u00e4telineet. Penkit varustetaan nelj\u00e4ll\u00e4 s\u00e4\u00e4t\u00f6jalalla. (L): TK141 = 31,8 cm; TK142 = 61,8 cm; TK143 = 91,8 cm; TK144 = 121,8 cm, TK145 = 151,8 cm (S x K): 34 x 35 cm Suunnittelija, lataa t\u00e4st\u00e4 [&hellip;]<\/p>\n","protected":false},"featured_media":4359,"comment_status":"open","ping_status":"closed","template":"","meta":{"_acf_changed":false,"inline_featured_image":false},"product_brand":[],"product_cat":[131],"product_tag":[],"class_list":{"0":"post-4307","1":"product","2":"type-product","3":"status-publish","4":"has-post-thumbnail","6":"product_cat-kalusteet-ru","8":"first","9":"instock","10":"shipping-taxable","11":"product-type-simple"},"acf":[],"_links":{"self":[{"href":"https:\/\/www.toika.com\/ru\/wp-json\/wp\/v2\/product\/4307","targetHints":{"allow":["GET"]}}],"collection":[{"href":"https:\/\/www.toika.com\/ru\/wp-json\/wp\/v2\/product"}],"about":[{"href":"https:\/\/www.toika.com\/ru\/wp-json\/wp\/v2\/types\/product"}],"replies":[{"embeddable":true,"href":"https:\/\/www.toika.com\/ru\/wp-json\/wp\/v2\/comments?post=4307"}],"wp:featuredmedia":[{"embeddable":true,"href":"https:\/\/www.toika.com\/ru\/wp-json\/wp\/v2\/media\/4359"}],"wp:attachment":[{"href":"https:\/\/www.toika.com\/ru\/wp-json\/wp\/v2\/media?parent=4307"}],"wp:term":[{"taxonomy":"product_brand","embeddable":true,"href":"https:\/\/www.toika.com\/ru\/wp-json\/wp\/v2\/product_brand?post=4307"},{"taxonomy":"product_cat","embeddable":true,"href":"https:\/\/www.toika.com\/ru\/wp-json\/wp\/v2\/product_cat?post=4307"},{"taxonomy":"product_tag","embeddable":true,"href":"https:\/\/www.toika.com\/ru\/wp-json\/wp\/v2\/product_tag?post=4307"}],"curies":[{"name":"wp","href":"https:\/\/api.w.org\/{rel}","templated":true}]}}