{"id":2605,"date":"2023-07-14T05:06:47","date_gmt":"2023-07-14T05:06:47","guid":{"rendered":"https:\/\/toika.sapartners.site\/ota-yhteytta\/"},"modified":"2026-03-25T17:57:43","modified_gmt":"2026-03-25T17:57:43","slug":"ota-yhteytta","status":"publish","type":"page","link":"https:\/\/www.toika.com\/sv\/ota-yhteytta\/","title":{"rendered":"Ta kontakt"},"content":{"rendered":"\t\t<div data-elementor-type=\"wp-page\" data-elementor-id=\"2605\" class=\"elementor elementor-2605 elementor-1125\" data-elementor-post-type=\"page\">\n\t\t\t\t<div class=\"elementor-element elementor-element-518e5a35 e-con-full e-flex e-con e-parent\" data-id=\"518e5a35\" data-element_type=\"container\" data-e-type=\"container\" data-settings=\"{&quot;background_background&quot;:&quot;classic&quot;}\">\n\t\t<div class=\"elementor-element elementor-element-570f1e5 e-con-full e-flex e-con e-child\" data-id=\"570f1e5\" data-element_type=\"container\" data-e-type=\"container\" data-settings=\"{&quot;background_background&quot;:&quot;classic&quot;}\">\n\t\t\t\t<div class=\"elementor-element elementor-element-60ef019f elementor-widget elementor-widget-heading\" data-id=\"60ef019f\" data-element_type=\"widget\" data-e-type=\"widget\" id=\"hero-title-h1\" data-widget_type=\"heading.default\">\n\t\t\t\t<div class=\"elementor-widget-container\">\n\t\t\t\t\t<h1 class=\"elementor-heading-title elementor-size-default\">Ta kontakt<\/h1>\t\t\t\t<\/div>\n\t\t\t\t<\/div>\n\t\t\t\t<\/div>\n\t\t<div class=\"elementor-element elementor-element-2d3bf549 e-con-full e-flex e-con e-child\" data-id=\"2d3bf549\" data-element_type=\"container\" data-e-type=\"container\" data-settings=\"{&quot;background_background&quot;:&quot;classic&quot;}\">\n\t\t\t\t<\/div>\n\t\t\t\t<\/div>\n\t\t<div class=\"elementor-element elementor-element-5354162 e-flex e-con-boxed e-con e-parent\" data-id=\"5354162\" data-element_type=\"container\" data-e-type=\"container\">\n\t\t\t\t\t<div class=\"e-con-inner\">\n\t\t<div class=\"elementor-element elementor-element-c8ef555 e-con-full e-flex e-con e-child\" data-id=\"c8ef555\" data-element_type=\"container\" data-e-type=\"container\">\n\t\t\t\t<div class=\"elementor-element elementor-element-9bb8128 elementor-widget elementor-widget-text-editor\" data-id=\"9bb8128\" data-element_type=\"widget\" data-e-type=\"widget\" data-widget_type=\"text-editor.default\">\n\t\t\t\t<div class=\"elementor-widget-container\">\n\t\t\t\t\t\t\t\t\t<p><strong>Adress<\/strong>: Toika Oy<br \/>Haittilantie 4 A<br \/>37800 Akaa<\/p><p><strong>Tel<\/strong>: (03) 542 1095<\/p><p data-start=\"0\" data-end=\"29\"><strong>\u00d6ppet<\/strong>: m\u00e5n\u2013fre kl. 8.00\u201316.00<\/p><p data-start=\"31\" data-end=\"250\" data-is-last-node=\"\" data-is-only-node=\"\"><strong>Sommar\u00f6ppettider<\/strong> (1.6\u201331.7.2026):<br \/>\u2022 1.6\u201310.7: m\u00e5n\u2013tors kl. 9.00\u201315.00, \u00f6vriga tider enligt \u00f6verenskommelse.<br data-start=\"138\" data-end=\"141\" \/>\u2022 13.7\u201331.7: \u00f6ppet endast enligt \u00f6verenskommelse; v\u00e4nligen boka ditt bes\u00f6k i f\u00f6rv\u00e4g per telefon (03 5421095).<\/p><p><strong> E-post<\/strong>: info (at) toika.com<\/p>\t\t\t\t\t\t\t\t<\/div>\n\t\t\t\t<\/div>\n\t\t\t\t<\/div>\n\t\t<div class=\"elementor-element elementor-element-d5096e9 e-con-full e-flex e-con e-child\" data-id=\"d5096e9\" data-element_type=\"container\" data-e-type=\"container\">\n\t\t\t\t<div class=\"elementor-element elementor-element-744d851 elementor-widget elementor-widget-google_maps\" data-id=\"744d851\" data-element_type=\"widget\" data-e-type=\"widget\" data-widget_type=\"google_maps.default\">\n\t\t\t\t<div class=\"elementor-widget-container\">\n\t\t\t\t\t\t\t<div class=\"elementor-custom-embed\">\n\t\t\t<iframe loading=\"lazy\"\n\t\t\t\t\tsrc=\"https:\/\/maps.google.com\/maps?q=Toika%20Oy%2C%20Haittilantie%204%20A%2C%2037800%20Akaa&#038;t=m&#038;z=14&#038;output=embed&#038;iwloc=near\"\n\t\t\t\t\ttitle=\"Toika Oy, Haittilantie 4 A, 37800 Akaa\"\n\t\t\t\t\taria-label=\"Toika Oy, Haittilantie 4 A, 37800 Akaa\"\n\t\t\t><\/iframe>\n\t\t<\/div>\n\t\t\t\t\t\t<\/div>\n\t\t\t\t<\/div>\n\t\t\t\t<\/div>\n\t\t\t\t\t<\/div>\n\t\t\t\t<\/div>\n\t\t<div class=\"elementor-element elementor-element-2aeb2d1 e-flex e-con-boxed e-con e-parent\" data-id=\"2aeb2d1\" data-element_type=\"container\" data-e-type=\"container\">\n\t\t\t\t\t<div class=\"e-con-inner\">\n\t\t<div class=\"elementor-element elementor-element-ba36ffa e-con-full elementor-hidden-mobile_extra elementor-hidden-mobile e-flex e-con e-child\" data-id=\"ba36ffa\" data-element_type=\"container\" data-e-type=\"container\">\n\t\t\t\t<\/div>\n\t\t<div class=\"elementor-element elementor-element-983e0c1 e-con-full e-flex e-con e-child\" data-id=\"983e0c1\" data-element_type=\"container\" data-e-type=\"container\">\n\t\t\t\t<div class=\"elementor-element elementor-element-8455b1e elementor-widget elementor-widget-heading\" data-id=\"8455b1e\" data-element_type=\"widget\" data-e-type=\"widget\" data-widget_type=\"heading.default\">\n\t\t\t\t<div class=\"elementor-widget-container\">\n\t\t\t\t\t<h2 class=\"elementor-heading-title elementor-size-default\">Ta kontakt<\/h2>\t\t\t\t<\/div>\n\t\t\t\t<\/div>\n\t\t\t\t<div class=\"elementor-element elementor-element-df8408b ota_yhteytta_form elementor-widget elementor-widget-shortcode\" data-id=\"df8408b\" data-element_type=\"widget\" data-e-type=\"widget\" data-widget_type=\"shortcode.default\">\n\t\t\t\t<div class=\"elementor-widget-container\">\n\t\t\t\t\t\t\t<div class=\"elementor-shortcode\">\n<div class=\"wpcf7 no-js\" id=\"wpcf7-f3119-o1\" lang=\"fi\" dir=\"ltr\" data-wpcf7-id=\"3119\">\n<div class=\"screen-reader-response\"><p role=\"status\" aria-live=\"polite\" aria-atomic=\"true\"><\/p> <ul><\/ul><\/div>\n<form action=\"\/sv\/wp-json\/wp\/v2\/pages\/2605#wpcf7-f3119-o1\" method=\"post\" class=\"wpcf7-form init\" aria-label=\"Yhteydenottolomake\" novalidate=\"novalidate\" data-status=\"init\">\n<fieldset class=\"hidden-fields-container\"><input type=\"hidden\" name=\"_wpcf7\" value=\"3119\" \/><input type=\"hidden\" name=\"_wpcf7_version\" value=\"6.1.5\" \/><input type=\"hidden\" name=\"_wpcf7_locale\" value=\"fi\" \/><input type=\"hidden\" name=\"_wpcf7_unit_tag\" value=\"wpcf7-f3119-o1\" \/><input type=\"hidden\" name=\"_wpcf7_container_post\" value=\"0\" \/><input type=\"hidden\" name=\"_wpcf7_posted_data_hash\" value=\"\" \/>\n<\/fieldset>\n<p><label class=\"elementor-field-label\"> Namn <\/label><br \/>\n<span class=\"wpcf7-form-control-wrap\" data-name=\"your-name\"><input size=\"40\" maxlength=\"400\" class=\"wpcf7-form-control wpcf7-text wpcf7-validates-as-required\" aria-required=\"true\" aria-invalid=\"false\" value=\"\" type=\"text\" name=\"your-name\" \/><\/span>\n<\/p>\n<p><label class=\"elementor-field-label\"> E-post <\/label><br \/>\n<span class=\"wpcf7-form-control-wrap\" data-name=\"your-email\"><input size=\"40\" maxlength=\"400\" class=\"wpcf7-form-control wpcf7-email wpcf7-validates-as-required wpcf7-text wpcf7-validates-as-email\" aria-required=\"true\" aria-invalid=\"false\" value=\"\" type=\"email\" name=\"your-email\" \/><\/span>\n<\/p>\n<p><label class=\"elementor-field-label\"> \u00c4mne <\/label><br \/>\n<span class=\"wpcf7-form-control-wrap\" data-name=\"your-subject\"><input size=\"40\" maxlength=\"400\" class=\"wpcf7-form-control wpcf7-text wpcf7-validates-as-required\" aria-required=\"true\" aria-invalid=\"false\" value=\"\" type=\"text\" name=\"your-subject\" \/><\/span>\n<\/p>\n<p><label class=\"elementor-field-label\"> Meddelande <\/label><br \/>\n<span class=\"wpcf7-form-control-wrap\" data-name=\"your-message\"><textarea cols=\"40\" rows=\"10\" maxlength=\"2000\" class=\"wpcf7-form-control wpcf7-textarea wpcf7-validates-as-required\" aria-required=\"true\" aria-invalid=\"false\" name=\"your-message\"><\/textarea><\/span>\n<\/p>\n<p><span class=\"wpcf7-form-control-wrap\" data-name=\"checkbox-937\"><span class=\"wpcf7-form-control wpcf7-checkbox wpcf7-validates-as-required\"><span class=\"wpcf7-list-item first last\"><label><input type=\"checkbox\" name=\"checkbox-937[]\" value=\"Jag vill att Toika Oy skickar mig information om erbjudanden och evenemang.\" \/><span class=\"wpcf7-list-item-label\">Jag vill att Toika Oy skickar mig information om erbjudanden och evenemang.<\/span><\/label><\/span><\/span><\/span>\n<\/p>\n<p><input class=\"wpcf7-form-control wpcf7-submit has-spinner\" type=\"submit\" value=\"Skicka\" \/>\n<\/p><div class=\"wpcf7-response-output\" aria-hidden=\"true\"><\/div>\n<\/form>\n<\/div>\n<\/div>\n\t\t\t\t\t\t<\/div>\n\t\t\t\t<\/div>\n\t\t\t\t<\/div>\n\t\t<div class=\"elementor-element elementor-element-e3c5e78 e-con-full elementor-hidden-mobile_extra elementor-hidden-mobile e-flex e-con e-child\" data-id=\"e3c5e78\" data-element_type=\"container\" data-e-type=\"container\">\n\t\t\t\t<\/div>\n\t\t\t\t\t<\/div>\n\t\t\t\t<\/div>\n\t\t\t\t<\/div>\n\t\t","protected":false},"excerpt":{"rendered":"<p>Ta kontakt Adress: Toika OyHaittilantie 4 A37800 Akaa Tel: (03) 542 1095 \u00d6ppet: m\u00e5n\u2013fre kl. 8.00\u201316.00 Sommar\u00f6ppettider (1.6\u201331.7.2026):\u2022 1.6\u201310.7: m\u00e5n\u2013tors kl. 9.00\u201315.00, \u00f6vriga tider enligt \u00f6verenskommelse.\u2022 13.7\u201331.7: \u00f6ppet endast enligt \u00f6verenskommelse; v\u00e4nligen boka ditt bes\u00f6k i f\u00f6rv\u00e4g per telefon (03 5421095). E-post: info (at) toika.com Ta kontakt<\/p>\n","protected":false},"author":1,"featured_media":0,"parent":0,"menu_order":0,"comment_status":"closed","ping_status":"closed","template":"","meta":{"_acf_changed":false,"inline_featured_image":false,"footnotes":""},"class_list":["post-2605","page","type-page","status-publish","hentry"],"acf":[],"_links":{"self":[{"href":"https:\/\/www.toika.com\/sv\/wp-json\/wp\/v2\/pages\/2605","targetHints":{"allow":["GET"]}}],"collection":[{"href":"https:\/\/www.toika.com\/sv\/wp-json\/wp\/v2\/pages"}],"about":[{"href":"https:\/\/www.toika.com\/sv\/wp-json\/wp\/v2\/types\/page"}],"author":[{"embeddable":true,"href":"https:\/\/www.toika.com\/sv\/wp-json\/wp\/v2\/users\/1"}],"replies":[{"embeddable":true,"href":"https:\/\/www.toika.com\/sv\/wp-json\/wp\/v2\/comments?post=2605"}],"version-history":[{"count":11,"href":"https:\/\/www.toika.com\/sv\/wp-json\/wp\/v2\/pages\/2605\/revisions"}],"predecessor-version":[{"id":6327,"href":"https:\/\/www.toika.com\/sv\/wp-json\/wp\/v2\/pages\/2605\/revisions\/6327"}],"wp:attachment":[{"href":"https:\/\/www.toika.com\/sv\/wp-json\/wp\/v2\/media?parent=2605"}],"curies":[{"name":"wp","href":"https:\/\/api.w.org\/{rel}","templated":true}]}}