{"id":2617,"date":"2023-04-17T05:06:42","date_gmt":"2023-04-17T05:06:42","guid":{"rendered":"https:\/\/toika.sapartners.site\/product\/kerinpuut-a-b-ja-c\/"},"modified":"2024-04-12T09:26:59","modified_gmt":"2024-04-12T09:26:59","slug":"kerinpuut-a-b-ja-c","status":"publish","type":"product","link":"https:\/\/www.toika.com\/sv\/produkt\/kerinpuut-a-b-ja-c\/","title":{"rendered":"Kerinpuut A, B ja C"},"content":{"rendered":"<p>Laita lankavyyhti kerinpuihin esim. langan ker\u00e4lle kerimist\u00e4 varten. Kerinpuita on eri mallisia:<\/p>\n<li>A-kerinpuissa on puuakseli ja puus\u00e4leet. Puus\u00e4leen pituus on 49 cm.<\/li>\n<li>B-kerinpuut ovat kest\u00e4v\u00e4t kerinpuut kovaan k\u00e4ytt\u00f6\u00f6n. Kerinpuissa on metalliakseli ja s\u00e4leet ovat metallia ja terylenny\u00f6ri\u00e4. Metallis\u00e4leen pituus on 46 cm.<\/li>\n<li>C-kerinpuissa on metalliakseli ja puus\u00e4leet. Puus\u00e4leen pituus on 49 cm.<\/li>\n","protected":false},"excerpt":{"rendered":"<p>Laita lankavyyhti kerinpuihin esim. langan ker\u00e4lle kerimist\u00e4 varten. Kerinpuita on eri mallisia: A-kerinpuissa on puuakseli ja puus\u00e4leet. Puus\u00e4leen pituus on 49 cm. B-kerinpuut ovat kest\u00e4v\u00e4t kerinpuut kovaan k\u00e4ytt\u00f6\u00f6n. Kerinpuissa on metalliakseli ja s\u00e4leet ovat metallia ja terylenny\u00f6ri\u00e4. Metallis\u00e4leen pituus on 46 cm. C-kerinpuissa on metalliakseli ja puus\u00e4leet. Puus\u00e4leen pituus on 49 cm.<\/p>\n","protected":false},"featured_media":2338,"comment_status":"open","ping_status":"closed","template":"","meta":{"_acf_changed":false,"inline_featured_image":false},"product_brand":[],"product_cat":[100,110],"product_tag":[],"class_list":{"0":"post-2617","1":"product","2":"type-product","3":"status-publish","4":"has-post-thumbnail","6":"product_cat-hantverk","7":"product_cat-warping-equipment","9":"first","10":"instock","11":"shipping-taxable","12":"product-type-simple"},"acf":[],"_links":{"self":[{"href":"https:\/\/www.toika.com\/sv\/wp-json\/wp\/v2\/product\/2617","targetHints":{"allow":["GET"]}}],"collection":[{"href":"https:\/\/www.toika.com\/sv\/wp-json\/wp\/v2\/product"}],"about":[{"href":"https:\/\/www.toika.com\/sv\/wp-json\/wp\/v2\/types\/product"}],"replies":[{"embeddable":true,"href":"https:\/\/www.toika.com\/sv\/wp-json\/wp\/v2\/comments?post=2617"}],"wp:featuredmedia":[{"embeddable":true,"href":"https:\/\/www.toika.com\/sv\/wp-json\/wp\/v2\/media\/2338"}],"wp:attachment":[{"href":"https:\/\/www.toika.com\/sv\/wp-json\/wp\/v2\/media?parent=2617"}],"wp:term":[{"taxonomy":"product_brand","embeddable":true,"href":"https:\/\/www.toika.com\/sv\/wp-json\/wp\/v2\/product_brand?post=2617"},{"taxonomy":"product_cat","embeddable":true,"href":"https:\/\/www.toika.com\/sv\/wp-json\/wp\/v2\/product_cat?post=2617"},{"taxonomy":"product_tag","embeddable":true,"href":"https:\/\/www.toika.com\/sv\/wp-json\/wp\/v2\/product_tag?post=2617"}],"curies":[{"name":"wp","href":"https:\/\/api.w.org\/{rel}","templated":true}]}}