{"id":2629,"date":"2023-04-13T11:26:30","date_gmt":"2023-04-13T11:26:30","guid":{"rendered":"https:\/\/toika.sapartners.site\/product\/luomapuut\/"},"modified":"2024-04-12T09:27:00","modified_gmt":"2024-04-12T09:27:00","slug":"luomapuut","status":"publish","type":"product","link":"https:\/\/www.toika.com\/sv\/produkt\/luomapuut\/","title":{"rendered":"Luomapuut"},"content":{"rendered":"<p><strong>Tekniset tiedot<\/strong><\/p>\n<table border=\"0\">\n<tbody>\n<tr>\n<td><strong>Ymp\u00e4rysmitta <\/strong><\/td>\n<td><strong>Korkeus <\/strong><\/td>\n<td><strong>Paino (noin) <\/strong><\/td>\n<\/tr>\n<tr>\n<td>2 m<\/td>\n<td>120 cm<\/td>\n<td>27 kg<\/td>\n<\/tr>\n<tr>\n<td>3 m<\/td>\n<td>150 cm<\/td>\n<td>35 kg<\/td>\n<\/tr>\n<tr>\n<td>4 m<\/td>\n<td>180 cm<\/td>\n<td>43 kg<\/td>\n<\/tr>\n<\/tbody>\n<\/table>\n","protected":false},"excerpt":{"rendered":"<p>Lattialla seisovat, tukevat luomapuut on tehty valikoidusta koivusta ja lakattu. Kuulalaakeri takaa tasaisen py\u00f6rimisen. Luomapuissa on ter\u00e4sakseli ja tukevat jalat, joiden pohjassa on metallivahvistukset. Uuden malliset tiuhtapuut voidaan kiinnitt\u00e4\u00e4 mihin tahansa luomapuun kohtaan, joten loimen pituuden voi m\u00e4\u00e4ritt\u00e4\u00e4 entist\u00e4 tarkemmin. Luomapuut voi my\u00f6s purkaa kokonaan s\u00e4ilytyst\u00e4 varten, jolloin ne viev\u00e4t todella v\u00e4h\u00e4n tilaa.<\/p>\n","protected":false},"featured_media":2326,"comment_status":"open","ping_status":"closed","template":"","meta":{"_acf_changed":false,"inline_featured_image":false},"product_brand":[],"product_cat":[100,110],"product_tag":[],"class_list":{"0":"post-2629","1":"product","2":"type-product","3":"status-publish","4":"has-post-thumbnail","6":"product_cat-hantverk","7":"product_cat-warping-equipment","9":"first","10":"instock","11":"shipping-taxable","12":"product-type-simple"},"acf":[],"_links":{"self":[{"href":"https:\/\/www.toika.com\/sv\/wp-json\/wp\/v2\/product\/2629","targetHints":{"allow":["GET"]}}],"collection":[{"href":"https:\/\/www.toika.com\/sv\/wp-json\/wp\/v2\/product"}],"about":[{"href":"https:\/\/www.toika.com\/sv\/wp-json\/wp\/v2\/types\/product"}],"replies":[{"embeddable":true,"href":"https:\/\/www.toika.com\/sv\/wp-json\/wp\/v2\/comments?post=2629"}],"wp:featuredmedia":[{"embeddable":true,"href":"https:\/\/www.toika.com\/sv\/wp-json\/wp\/v2\/media\/2326"}],"wp:attachment":[{"href":"https:\/\/www.toika.com\/sv\/wp-json\/wp\/v2\/media?parent=2629"}],"wp:term":[{"taxonomy":"product_brand","embeddable":true,"href":"https:\/\/www.toika.com\/sv\/wp-json\/wp\/v2\/product_brand?post=2629"},{"taxonomy":"product_cat","embeddable":true,"href":"https:\/\/www.toika.com\/sv\/wp-json\/wp\/v2\/product_cat?post=2629"},{"taxonomy":"product_tag","embeddable":true,"href":"https:\/\/www.toika.com\/sv\/wp-json\/wp\/v2\/product_tag?post=2629"}],"curies":[{"name":"wp","href":"https:\/\/api.w.org\/{rel}","templated":true}]}}