{"id":2633,"date":"2023-04-13T10:58:41","date_gmt":"2023-04-13T10:58:41","guid":{"rendered":"https:\/\/toika.sapartners.site\/product\/loimet\/"},"modified":"2024-11-27T16:05:33","modified_gmt":"2024-11-27T16:05:33","slug":"loimet","status":"publish","type":"product","link":"https:\/\/www.toika.com\/sv\/produkt\/loimet\/","title":{"rendered":"Loimet"},"content":{"rendered":"<p>Toika-loimet luodaan ammattitaidolla! Poppanaloimet luodaan 6-s\u00e4ikeisest\u00e4 ja mattoloimet 12- tai 15-s\u00e4ikeisest\u00e4 suomalaisesta kalalangasta tai teryleeniloimilangasta. Poppanaloimissa on useita v\u00e4rivaihtoehtoja, mattoloimissa on kolme v\u00e4rivaihtoehtoa. Loimen hinta m\u00e4\u00e4r\u00e4ytyy sen painon mukaan. Hinnastostamme ja verkkokaupastamme l\u00f6yd\u00e4t varastoloimiemme pituus-, leveys- ja hintatiedot. Voit my\u00f6s tilata yksil\u00f6llisen loimen. Mainitse silloin loimen materiaali ja v\u00e4ri sek\u00e4 sen lankaluku ja pituus.<\/p>\n<p><a href=\"https:\/\/kauppa.toika.com\/category\/40\/loimet\" target=\"_blank\" rel=\"noopener\">Tutustu loimiin verkkokaupassamme!<\/a><\/p>\n","protected":false},"excerpt":{"rendered":"<p>Toika-loimet luodaan ammattitaidolla! Poppanaloimet luodaan 6-s\u00e4ikeisest\u00e4 ja mattoloimet 12- tai 15-s\u00e4ikeisest\u00e4 suomalaisesta kalalangasta tai teryleeniloimilangasta. Poppanaloimissa on useita v\u00e4rivaihtoehtoja, mattoloimissa on kolme v\u00e4rivaihtoehtoa. Loimen hinta m\u00e4\u00e4r\u00e4ytyy sen painon mukaan. Hinnastostamme ja verkkokaupastamme l\u00f6yd\u00e4t varastoloimiemme pituus-, leveys- ja hintatiedot. Voit my\u00f6s tilata yksil\u00f6llisen loimen. Mainitse silloin loimen materiaali ja v\u00e4ri sek\u00e4 sen lankaluku ja pituus. Tutustu [&hellip;]<\/p>\n","protected":false},"featured_media":2322,"comment_status":"open","ping_status":"closed","template":"","meta":{"_acf_changed":false,"inline_featured_image":false},"product_brand":[],"product_cat":[100,118,110],"product_tag":[],"class_list":{"0":"post-2633","1":"product","2":"type-product","3":"status-publish","4":"has-post-thumbnail","6":"product_cat-hantverk","7":"product_cat-vavning","8":"product_cat-warping-equipment","10":"first","11":"instock","12":"shipping-taxable","13":"product-type-simple"},"acf":[],"_links":{"self":[{"href":"https:\/\/www.toika.com\/sv\/wp-json\/wp\/v2\/product\/2633","targetHints":{"allow":["GET"]}}],"collection":[{"href":"https:\/\/www.toika.com\/sv\/wp-json\/wp\/v2\/product"}],"about":[{"href":"https:\/\/www.toika.com\/sv\/wp-json\/wp\/v2\/types\/product"}],"replies":[{"embeddable":true,"href":"https:\/\/www.toika.com\/sv\/wp-json\/wp\/v2\/comments?post=2633"}],"wp:featuredmedia":[{"embeddable":true,"href":"https:\/\/www.toika.com\/sv\/wp-json\/wp\/v2\/media\/2322"}],"wp:attachment":[{"href":"https:\/\/www.toika.com\/sv\/wp-json\/wp\/v2\/media?parent=2633"}],"wp:term":[{"taxonomy":"product_brand","embeddable":true,"href":"https:\/\/www.toika.com\/sv\/wp-json\/wp\/v2\/product_brand?post=2633"},{"taxonomy":"product_cat","embeddable":true,"href":"https:\/\/www.toika.com\/sv\/wp-json\/wp\/v2\/product_cat?post=2633"},{"taxonomy":"product_tag","embeddable":true,"href":"https:\/\/www.toika.com\/sv\/wp-json\/wp\/v2\/product_tag?post=2633"}],"curies":[{"name":"wp","href":"https:\/\/api.w.org\/{rel}","templated":true}]}}