{"id":2641,"date":"2023-04-13T10:56:42","date_gmt":"2023-04-13T10:56:42","guid":{"rendered":"https:\/\/toika.sapartners.site\/product\/rullateline\/"},"modified":"2024-11-27T19:25:13","modified_gmt":"2024-11-27T19:25:13","slug":"rullateline","status":"publish","type":"product","link":"https:\/\/www.toika.com\/sv\/produkt\/rullateline\/","title":{"rendered":"Rullateline"},"content":{"rendered":"<p><strong><a href=\"https:\/\/kauppa.toika.com\/product\/873\/rullateline\" target=\"_blank\" rel=\"noopener\">Tutustu rullatelineeseen verkkokaupassamme!<\/a><\/strong><\/p>\n<p>Tukeva rullateline on lakattua koivua ja siin\u00e4 on tilaa 14 loimirullalle. Telineen kokonaiskorkeus on 82 cm ja -leveys 45 cm. Rullatelineen karojen v\u00e4li on 9,5 cm ja rullatilan leveys 16,5 cm. Rullatelineeseen sopivan loimirullan kokopituus on 15,5 cm ja sis\u00e4mitta 11,5 cm. Tilaa loimirullat erikseen.<\/p>\n","protected":false},"excerpt":{"rendered":"<p>Tutustu rullatelineeseen verkkokaupassamme! Tukeva rullateline on lakattua koivua ja siin\u00e4 on tilaa 14 loimirullalle. Telineen kokonaiskorkeus on 82 cm ja -leveys 45 cm. Rullatelineen karojen v\u00e4li on 9,5 cm ja rullatilan leveys 16,5 cm. Rullatelineeseen sopivan loimirullan kokopituus on 15,5 cm ja sis\u00e4mitta 11,5 cm. Tilaa loimirullat erikseen.<\/p>\n","protected":false},"featured_media":2314,"comment_status":"open","ping_status":"closed","template":"","meta":{"_acf_changed":false,"inline_featured_image":false},"product_brand":[],"product_cat":[100,118,110],"product_tag":[],"class_list":{"0":"post-2641","1":"product","2":"type-product","3":"status-publish","4":"has-post-thumbnail","6":"product_cat-hantverk","7":"product_cat-vavning","8":"product_cat-warping-equipment","10":"first","11":"instock","12":"shipping-taxable","13":"product-type-simple"},"acf":[],"_links":{"self":[{"href":"https:\/\/www.toika.com\/sv\/wp-json\/wp\/v2\/product\/2641","targetHints":{"allow":["GET"]}}],"collection":[{"href":"https:\/\/www.toika.com\/sv\/wp-json\/wp\/v2\/product"}],"about":[{"href":"https:\/\/www.toika.com\/sv\/wp-json\/wp\/v2\/types\/product"}],"replies":[{"embeddable":true,"href":"https:\/\/www.toika.com\/sv\/wp-json\/wp\/v2\/comments?post=2641"}],"wp:featuredmedia":[{"embeddable":true,"href":"https:\/\/www.toika.com\/sv\/wp-json\/wp\/v2\/media\/2314"}],"wp:attachment":[{"href":"https:\/\/www.toika.com\/sv\/wp-json\/wp\/v2\/media?parent=2641"}],"wp:term":[{"taxonomy":"product_brand","embeddable":true,"href":"https:\/\/www.toika.com\/sv\/wp-json\/wp\/v2\/product_brand?post=2641"},{"taxonomy":"product_cat","embeddable":true,"href":"https:\/\/www.toika.com\/sv\/wp-json\/wp\/v2\/product_cat?post=2641"},{"taxonomy":"product_tag","embeddable":true,"href":"https:\/\/www.toika.com\/sv\/wp-json\/wp\/v2\/product_tag?post=2641"}],"curies":[{"name":"wp","href":"https:\/\/api.w.org\/{rel}","templated":true}]}}