{"id":2645,"date":"2023-04-13T10:51:20","date_gmt":"2023-04-13T10:51:20","guid":{"rendered":"https:\/\/toika.sapartners.site\/product\/pystykerinpuut\/"},"modified":"2024-11-27T19:23:39","modified_gmt":"2024-11-27T19:23:39","slug":"pystykerinpuut","status":"publish","type":"product","link":"https:\/\/www.toika.com\/sv\/produkt\/pystykerinpuut\/","title":{"rendered":"Pystykerinpuut"},"content":{"rendered":"<p><strong><a href=\"https:\/\/kauppa.toika.com\/product\/1170\/pystykerinpuut\" target=\"_blank\" rel=\"noopener\">Tutustu pystykerinpuihin verkkokaupassamme!<\/a><\/strong><\/p>\n<p>Pystykerinpuita voidaan k\u00e4ytt\u00e4\u00e4 tavallisten kerinpuiden asemesta. Lis\u00e4rullien ja lis\u00e4karojen avulla pystykerinpuihin saa kaksi vyyhti\u00e4 p\u00e4\u00e4llekk\u00e4in. Pystykerinpuiden kokonaiskorkeus on 140 cm ja -leveys 40 cm. Paino on 5 kg. Rullien leveys on 24 cm.<\/p>\n","protected":false},"excerpt":{"rendered":"<p>Tutustu pystykerinpuihin verkkokaupassamme! Pystykerinpuita voidaan k\u00e4ytt\u00e4\u00e4 tavallisten kerinpuiden asemesta. Lis\u00e4rullien ja lis\u00e4karojen avulla pystykerinpuihin saa kaksi vyyhti\u00e4 p\u00e4\u00e4llekk\u00e4in. Pystykerinpuiden kokonaiskorkeus on 140 cm ja -leveys 40 cm. Paino on 5 kg. Rullien leveys on 24 cm.<\/p>\n","protected":false},"featured_media":2310,"comment_status":"open","ping_status":"closed","template":"","meta":{"_acf_changed":false,"inline_featured_image":false},"product_brand":[],"product_cat":[100,118,110],"product_tag":[],"class_list":{"0":"post-2645","1":"product","2":"type-product","3":"status-publish","4":"has-post-thumbnail","6":"product_cat-hantverk","7":"product_cat-vavning","8":"product_cat-warping-equipment","10":"first","11":"instock","12":"shipping-taxable","13":"product-type-simple"},"acf":[],"_links":{"self":[{"href":"https:\/\/www.toika.com\/sv\/wp-json\/wp\/v2\/product\/2645","targetHints":{"allow":["GET"]}}],"collection":[{"href":"https:\/\/www.toika.com\/sv\/wp-json\/wp\/v2\/product"}],"about":[{"href":"https:\/\/www.toika.com\/sv\/wp-json\/wp\/v2\/types\/product"}],"replies":[{"embeddable":true,"href":"https:\/\/www.toika.com\/sv\/wp-json\/wp\/v2\/comments?post=2645"}],"wp:featuredmedia":[{"embeddable":true,"href":"https:\/\/www.toika.com\/sv\/wp-json\/wp\/v2\/media\/2310"}],"wp:attachment":[{"href":"https:\/\/www.toika.com\/sv\/wp-json\/wp\/v2\/media?parent=2645"}],"wp:term":[{"taxonomy":"product_brand","embeddable":true,"href":"https:\/\/www.toika.com\/sv\/wp-json\/wp\/v2\/product_brand?post=2645"},{"taxonomy":"product_cat","embeddable":true,"href":"https:\/\/www.toika.com\/sv\/wp-json\/wp\/v2\/product_cat?post=2645"},{"taxonomy":"product_tag","embeddable":true,"href":"https:\/\/www.toika.com\/sv\/wp-json\/wp\/v2\/product_tag?post=2645"}],"curies":[{"name":"wp","href":"https:\/\/api.w.org\/{rel}","templated":true}]}}