{"id":2657,"date":"2023-04-13T10:15:01","date_gmt":"2023-04-13T10:15:01","guid":{"rendered":"https:\/\/toika.sapartners.site\/product\/kaiteet\/"},"modified":"2024-11-27T16:22:36","modified_gmt":"2024-11-27T16:22:36","slug":"kaiteet","status":"publish","type":"product","link":"https:\/\/www.toika.com\/sv\/produkt\/kaiteet\/","title":{"rendered":"Kaiteet"},"content":{"rendered":"<p><a href=\"https:\/\/kauppa.toika.com\/category\/35\/kaiteet-pirrat\" target=\"_blank\" rel=\"noopener\"><strong>Tutustu kaiteisiimme verkkokaupassamme!<\/strong><\/a><\/p>\n<p><strong>Ter\u00e4skaiteet<\/strong><\/p>\n<p>KAITURI-ter\u00e4skaiteet ovat saavuttaneet legendaarisen maineen kest\u00e4vyydell\u00e4\u00e4n. Niit\u00e4 on valmistettu jo 115 vuotta. Kaiteiden korkeus on 120 mm ja kokonaisleveys 25 mm ty\u00f6leveytt\u00e4 suurempi. Kaiteiden sel\u00e4t p\u00e4\u00e4llystet\u00e4\u00e4n kangasteipill\u00e4. Saatavana my\u00f6s ruostumattomasta ter\u00e4ksest\u00e4<\/p>\n<p><img decoding=\"async\" src=\"https:\/\/toika.sapartners.site\/wp-content\/uploads\/2023\/04\/perinteinen-min-1-300x200-1.jpg\" alt=\"\" \/><\/p>\n<p><strong>Profiilikaiteet<\/strong><\/p>\n<p>Profiilikaiteet ovat tyylik\u00e4s uutuus kovaan k\u00e4ytt\u00f6\u00f6n. Alumiiniprofiilinen kaide on eritt\u00e4in j\u00e4ykk\u00e4 ja siten helppo s\u00e4ilytt\u00e4\u00e4. Saatavana my\u00f6s ruostumattomasta ter\u00e4ksest\u00e4.<\/p>\n<p><img decoding=\"async\" src=\"https:\/\/toika.sapartners.site\/wp-content\/uploads\/2023\/04\/profiili2-min.jpg\" alt=\"\" \/><\/p>\n<p><strong>K\u00e4\u00e4rinpirta A<\/strong><\/p>\n<p>K\u00e4\u00e4rinpirta A on avoin malli, joka laitetaan luhan uraan lointa tukille k\u00e4\u00e4ritt\u00e4ess\u00e4. K\u00e4\u00e4rinpirran koko korkeus on 8 cm, piikorkeus 6 cm ja piikkien v\u00e4li 1 cm.<\/p>\n<p><img decoding=\"async\" src=\"https:\/\/toika.sapartners.site\/wp-content\/uploads\/2023\/04\/raddleA-min-1-700x213-1.jpg\" alt=\"\" \/><\/p>\n<p><strong>K\u00e4\u00e4rinpirta B kannella<\/strong><\/p>\n<p>Malli B on puinen k\u00e4\u00e4rinpirta kannella, joka ripustetaan vipukeh\u00e4\u00e4n lointa tukille k\u00e4\u00e4ritt\u00e4ess\u00e4. K\u00e4\u00e4rinpirran korkeus ilman kantta on 10,5 cm ja kannen kanssa 13,5 cm. Piikit ovat kiiltosinkityt ja niiden v\u00e4li on 1 cm.<\/p>\n<p><img decoding=\"async\" src=\"https:\/\/toika.sapartners.site\/wp-content\/uploads\/2023\/04\/raddle_with_cape-min-1-400x218-1.jpg\" alt=\"\" \/><\/p>\n<p><strong>Kaideteline<\/strong><\/p>\n<p>Kaideteline on lakattua koivua. Tukevaan kaidetelineeseen mahtuu yli 50 kaidetta. Kaidetelineen korkeus ja leveys on 108 cm ja sen syvyys on 50 cm.<\/p>\n<p><img decoding=\"async\" src=\"https:\/\/toika.sapartners.site\/wp-content\/uploads\/2023\/04\/reed-stand-683x1024-min-200x300-1.jpg\" alt=\"\" \/><\/p>\n","protected":false},"excerpt":{"rendered":"<p>Kaiteet eli pirrat ovat Toikan vanhimmat tuotteet. Nyky\u00e4\u00e4n Toika on kaiteiden maailmanlaajuisesti yksi maailman suurimmista kaiteiden valmistajista. Toikan kaiteet ovat tehty laadukkaista raaka-aineista ja kest\u00e4v\u00e4t pitk\u00e4\u00e4n.<\/p>\n<p>Huomaa, ett\u00e4 kaiteiden piikeiss\u00e4 on suoja\u00f6ljy\u00e4, joka voi aluksi liata loimilankoja. Puhdista piikinv\u00e4lit ennen k\u00e4ytt\u00f6\u00f6nottoa esim. trasselilla. Kaiteen piikit ovat muotoonsa palautuvaa jousiter\u00e4st\u00e4, mutta liian voimakas isku esimerkiksi sukkulan k\u00e4rjell\u00e4 kaiteen piikkiin saattaa v\u00e4\u00e4nt\u00e4\u00e4 sit\u00e4 pysyv\u00e4sti.<\/p>\n","protected":false},"featured_media":2222,"comment_status":"open","ping_status":"closed","template":"","meta":{"_acf_changed":false,"inline_featured_image":false},"product_brand":[],"product_cat":[100,118],"product_tag":[],"class_list":{"0":"post-2657","1":"product","2":"type-product","3":"status-publish","4":"has-post-thumbnail","6":"product_cat-hantverk","7":"product_cat-vavning","9":"first","10":"instock","11":"shipping-taxable","12":"product-type-simple"},"acf":[],"_links":{"self":[{"href":"https:\/\/www.toika.com\/sv\/wp-json\/wp\/v2\/product\/2657","targetHints":{"allow":["GET"]}}],"collection":[{"href":"https:\/\/www.toika.com\/sv\/wp-json\/wp\/v2\/product"}],"about":[{"href":"https:\/\/www.toika.com\/sv\/wp-json\/wp\/v2\/types\/product"}],"replies":[{"embeddable":true,"href":"https:\/\/www.toika.com\/sv\/wp-json\/wp\/v2\/comments?post=2657"}],"wp:featuredmedia":[{"embeddable":true,"href":"https:\/\/www.toika.com\/sv\/wp-json\/wp\/v2\/media\/2222"}],"wp:attachment":[{"href":"https:\/\/www.toika.com\/sv\/wp-json\/wp\/v2\/media?parent=2657"}],"wp:term":[{"taxonomy":"product_brand","embeddable":true,"href":"https:\/\/www.toika.com\/sv\/wp-json\/wp\/v2\/product_brand?post=2657"},{"taxonomy":"product_cat","embeddable":true,"href":"https:\/\/www.toika.com\/sv\/wp-json\/wp\/v2\/product_cat?post=2657"},{"taxonomy":"product_tag","embeddable":true,"href":"https:\/\/www.toika.com\/sv\/wp-json\/wp\/v2\/product_tag?post=2657"}],"curies":[{"name":"wp","href":"https:\/\/api.w.org\/{rel}","templated":true}]}}