{"id":2661,"date":"2023-04-13T10:15:14","date_gmt":"2023-04-13T10:15:14","guid":{"rendered":"https:\/\/toika.sapartners.site\/product\/siru-huivipuu\/"},"modified":"2025-01-05T06:38:03","modified_gmt":"2025-01-05T06:38:03","slug":"siru-huivipuu","status":"publish","type":"product","link":"https:\/\/www.toika.com\/sv\/produkt\/siru-huivipuu\/","title":{"rendered":"Siru-pirtakangaspuu"},"content":{"rendered":"<p><strong><a href=\"https:\/\/kauppa.toika.com\/product\/2489\/siru-huivipuu-pirtakangaspuut-40-cm\" target=\"_blank\" rel=\"noopener\">Tutustu Siru-pirtakangaspuuhun verkkokaupassamme!<\/a><\/strong><\/p>\n<p>Siru on pirtakangaspuu, jonka ty\u00f6leveys on n. 40 cm. Sill\u00e4 pystyt kutomaan kevyit\u00e4 tekstiilej\u00e4 kuten huiveja ja vaatetuskankaita sek\u00e4 kodintekstiilej\u00e4.<\/p>\n<p>Siruilla voit kutoa yhdell\u00e4 kaiteella (pirralla) mm. palttinaa ja panamaa tai halutessasi voit k\u00e4ytt\u00e4\u00e4 kahta kaidetta (pirtaa), jolloin saat enemm\u00e4n sidosvaihtoehtoja. Siruun on saatavissa nr 30, 40 tai 50 pirrat. Sirujen loimitus k\u00e4y yht\u00e4 helposti kuin muidenkin pirtakangaspuiden.<\/p>\n<p>Vaikka Sirut ovat kevyet, ne ovat tukevat kutoa. Sirut taittuvat kasaan, jolloin ne viev\u00e4t v\u00e4h\u00e4n tilaa ja niiden kuljettaminen k\u00e4y helposti. Sirut kulkevat mukanasi sinne minne sin\u00e4kin!<\/p>\n<p>Lis\u00e4kaide ja erinumeroisia kaiteita on saatavissa erikseen. Siru-pirtakangaspuu on kasattava.<\/p>\n<p><strong>Mitat<\/strong><\/p>\n<p>Kudontakunnossa: Leveys 55, syvyys 48 ja korkeus 41 cm<br \/>\nKuljetuskunnossa: Leveys 55, syvyys 28 ja korkeus 48 cm<\/p>\n<p>Ty\u00f6leveys 40 cm.<\/p>\n<p><a href=\"https:\/\/www.toika.com\/wp-content\/uploads\/2024\/11\/Siru-assembly.pdf\"><strong>Kasausohje ladattavana t\u00e4st\u00e4.<\/strong><\/a><\/p>\n<h3>Loimen laittaminen<br \/>\n<iframe title=\"Suomalaisten pirtakangaspuiden loimittaminen Toika\" src=\"https:\/\/www.youtube.com\/embed\/WTxreaauB0Q\" width=\"1250\" height=\"703\" frameborder=\"0\" allowfullscreen=\"allowfullscreen\"><\/iframe><\/h3>\n<h3>Kutominen Sirulla<\/h3>\n<p><iframe title=\"Kutominen Sirulla\" src=\"https:\/\/www.youtube.com\/embed\/Nz6Y5S2JanY\" width=\"1250\" height=\"703\" frameborder=\"0\" allowfullscreen=\"allowfullscreen\"><\/iframe><\/p>\n","protected":false},"excerpt":{"rendered":"<p>Tutustu Siru-pirtakangaspuuhun verkkokaupassamme! Siru on pirtakangaspuu, jonka ty\u00f6leveys on n. 40 cm. Sill\u00e4 pystyt kutomaan kevyit\u00e4 tekstiilej\u00e4 kuten huiveja ja vaatetuskankaita sek\u00e4 kodintekstiilej\u00e4. Siruilla voit kutoa yhdell\u00e4 kaiteella (pirralla) mm. palttinaa ja panamaa tai halutessasi voit k\u00e4ytt\u00e4\u00e4 kahta kaidetta (pirtaa), jolloin saat enemm\u00e4n sidosvaihtoehtoja. Siruun on saatavissa nr 30, 40 tai 50 pirrat. Sirujen loimitus [&hellip;]<\/p>\n","protected":false},"featured_media":2174,"comment_status":"open","ping_status":"closed","template":"","meta":{"_acf_changed":false,"inline_featured_image":false},"product_brand":[],"product_cat":[100,118,122],"product_tag":[],"class_list":{"0":"post-2661","1":"product","2":"type-product","3":"status-publish","4":"has-post-thumbnail","6":"product_cat-hantverk","7":"product_cat-vavning","8":"product_cat-vavstolar","10":"first","11":"instock","12":"shipping-taxable","13":"product-type-simple"},"acf":[],"_links":{"self":[{"href":"https:\/\/www.toika.com\/sv\/wp-json\/wp\/v2\/product\/2661","targetHints":{"allow":["GET"]}}],"collection":[{"href":"https:\/\/www.toika.com\/sv\/wp-json\/wp\/v2\/product"}],"about":[{"href":"https:\/\/www.toika.com\/sv\/wp-json\/wp\/v2\/types\/product"}],"replies":[{"embeddable":true,"href":"https:\/\/www.toika.com\/sv\/wp-json\/wp\/v2\/comments?post=2661"}],"wp:featuredmedia":[{"embeddable":true,"href":"https:\/\/www.toika.com\/sv\/wp-json\/wp\/v2\/media\/2174"}],"wp:attachment":[{"href":"https:\/\/www.toika.com\/sv\/wp-json\/wp\/v2\/media?parent=2661"}],"wp:term":[{"taxonomy":"product_brand","embeddable":true,"href":"https:\/\/www.toika.com\/sv\/wp-json\/wp\/v2\/product_brand?post=2661"},{"taxonomy":"product_cat","embeddable":true,"href":"https:\/\/www.toika.com\/sv\/wp-json\/wp\/v2\/product_cat?post=2661"},{"taxonomy":"product_tag","embeddable":true,"href":"https:\/\/www.toika.com\/sv\/wp-json\/wp\/v2\/product_tag?post=2661"}],"curies":[{"name":"wp","href":"https:\/\/api.w.org\/{rel}","templated":true}]}}