{"id":2665,"date":"2023-04-13T10:24:58","date_gmt":"2023-04-13T10:24:58","guid":{"rendered":"https:\/\/toika.sapartners.site\/product\/ohjelmat\/"},"modified":"2024-11-27T19:21:01","modified_gmt":"2024-11-27T19:21:01","slug":"ohjelmat","status":"publish","type":"product","link":"https:\/\/www.toika.com\/sv\/produkt\/ohjelmat\/","title":{"rendered":"Ohjelmat"},"content":{"rendered":"<p><strong><a href=\"https:\/\/kauppa.toika.com\/category\/43\/ohjelmat\" target=\"_blank\" rel=\"noopener\">Tutustu ohjelmiin verkkokaupassamme!<\/a><\/strong><\/p>\n<p><strong>DesignaKnit 8 \u2013 suunnittelua kaavasta neuleeseen<\/strong><\/p>\n<p>DesignaKnit on monipuolinen ja helppok\u00e4ytt\u00f6inen neuleohjelma, jolla sek\u00e4 suunnittelet ett\u00e4 toteutat yksil\u00f6llisen neuleesi sujuvasti. Erikseen saatavan neulekonekytkenn\u00e4n avulla voit siirt\u00e4\u00e4 neulemalleja tietokoneelta elektroniselle neulekoneelle ja p\u00e4invastoin.<\/p>\n<p>DesignaKnit 8 -neuleohjelmasta l\u00f6yd\u00e4t omat versiot k\u00e4sin neulojalle, koneneulojalle sek\u00e4 ammattilaiselle:<\/p>\n<ul>\n<li>DesignaKnit 8 K\u00e4sinneulonta \u2013 k\u00e4sin neulojan oma versio<\/li>\n<li>DesignaKnit 8 Kone Standard \u2013 neulekoneella neulojan perusohjelma, joka sis\u00e4lt\u00e4\u00e4 peruskaavat<\/li>\n<li>DesignaKnit 8 Kone Professional \u2013 neulekoneella neulojan laajempi versio, joka sis\u00e4lt\u00e4\u00e4 my\u00f6s kaavojen kuosittelun<\/li>\n<li>DesignaKnit 8 Koko ohjelma \u2013 kaikki ohjelmapiirteet samassa versiossa sek\u00e4 k\u00e4sin ett\u00e4 neulekoneella neulojalle<\/li>\n<\/ul>\n<p><img decoding=\"async\" src=\"https:\/\/toika.sapartners.site\/wp-content\/uploads\/2023\/04\/designaknit-min.png\" alt=\"\" \/><\/p>\n<p><strong>Fittingly Sew \u2013 k\u00e4tev\u00e4 kaavaohjelma ompelijalle<\/strong><\/p>\n<p>Fittingly Sew -ohjelmalla suunnittelet hetkess\u00e4 juuri sinulle sopivan kaavan.<\/p>\n<p><img decoding=\"async\" src=\"https:\/\/toika.sapartners.site\/wp-content\/uploads\/2023\/04\/fittingly_sew-min.png\" alt=\"\" \/><\/p>\n<p><strong>WeavePoint 8 \u2013 kankaankudonnan ykk\u00f6nen<\/strong><\/p>\n<p>Suositulla WeavePoint-suunnitteluohjelmalla suunnittelet helposti malleja sek\u00e4 tavallisille vipukangaspuille ett\u00e4 tietokoneohjatuille kangaspuille.<\/p>\n<p><img decoding=\"async\" src=\"https:\/\/toika.sapartners.site\/wp-content\/uploads\/2023\/04\/weave_point-min.png\" alt=\"\" \/><\/p>\n","protected":false},"excerpt":{"rendered":"<p>Toika tarjoaa hy\u00f6dyllisi\u00e4 ohjelmia k\u00e4sit\u00f6ihin.<\/p>\n","protected":false},"featured_media":2238,"comment_status":"open","ping_status":"closed","template":"","meta":{"_acf_changed":false,"inline_featured_image":false},"product_brand":[],"product_cat":[100,118],"product_tag":[],"class_list":{"0":"post-2665","1":"product","2":"type-product","3":"status-publish","4":"has-post-thumbnail","6":"product_cat-hantverk","7":"product_cat-vavning","9":"first","10":"instock","11":"shipping-taxable","12":"product-type-simple"},"acf":[],"_links":{"self":[{"href":"https:\/\/www.toika.com\/sv\/wp-json\/wp\/v2\/product\/2665","targetHints":{"allow":["GET"]}}],"collection":[{"href":"https:\/\/www.toika.com\/sv\/wp-json\/wp\/v2\/product"}],"about":[{"href":"https:\/\/www.toika.com\/sv\/wp-json\/wp\/v2\/types\/product"}],"replies":[{"embeddable":true,"href":"https:\/\/www.toika.com\/sv\/wp-json\/wp\/v2\/comments?post=2665"}],"wp:featuredmedia":[{"embeddable":true,"href":"https:\/\/www.toika.com\/sv\/wp-json\/wp\/v2\/media\/2238"}],"wp:attachment":[{"href":"https:\/\/www.toika.com\/sv\/wp-json\/wp\/v2\/media?parent=2665"}],"wp:term":[{"taxonomy":"product_brand","embeddable":true,"href":"https:\/\/www.toika.com\/sv\/wp-json\/wp\/v2\/product_brand?post=2665"},{"taxonomy":"product_cat","embeddable":true,"href":"https:\/\/www.toika.com\/sv\/wp-json\/wp\/v2\/product_cat?post=2665"},{"taxonomy":"product_tag","embeddable":true,"href":"https:\/\/www.toika.com\/sv\/wp-json\/wp\/v2\/product_tag?post=2665"}],"curies":[{"name":"wp","href":"https:\/\/api.w.org\/{rel}","templated":true}]}}